{"id":66028,"date":"2023-01-17T15:18:08","date_gmt":"2023-01-17T13:18:08","guid":{"rendered":"https:\/\/www.pavb.lt\/?page_id=66028"},"modified":"2023-01-19T09:44:37","modified_gmt":"2023-01-19T07:44:37","slug":"paslaptys-puslapiuose-game-privacy-policy","status":"publish","type":"page","link":"https:\/\/dev.pavb.lt\/en\/administrative-information\/personal-data-protection\/paslaptys-puslapiuose-game-privacy-policy\/","title":{"rendered":"&#8220;Paslaptys puslapiuose&#8221; Game Privacy Policy"},"content":{"rendered":"\n<p>At mobile application \u201cPaslaptys puslapiuose\u201d, user privacy is one of our top priorities. This Privacy Policy document describes the information that \u201cPaslaptys puslapiuose\u201d collects and records and how we use that information.<\/p>\n\n\n\n<p>If you have additional questions or need more information about our Privacy Policy, please do not hesitate to contact us.<\/p>\n\n\n\n<h2 class=\"wp-block-heading\">General Data Protection Regulation (GDPR)<\/h2>\n\n\n\n<p>We are the Data Controller of your information.<\/p>\n\n\n\n<p>If you are a resident of the European Economic Area (EEA), you have certain data protection rights. If you would like to be informed of what Personal Information we hold about you and if you want it to be removed from our systems, please contact us.<\/p>\n\n\n\n<p>In certain circumstances, you have the following data protection rights:<\/p>\n\n\n\n<ul class=\"wp-block-list\">\n<li>The right to access, update or delete the information we hold about you.<\/li>\n\n\n\n<li>The right to rectification.<\/li>\n\n\n\n<li>The right to object.<\/li>\n\n\n\n<li>The right of limitation.<\/li>\n\n\n\n<li>The right to data portability.<\/li>\n\n\n\n<li>The right to withdraw consent.<\/li>\n<\/ul>\n\n\n\n<h2 class=\"wp-block-heading\">Third Party Privacy Policies<\/h2>\n\n\n\n<p>You may be redirected to a third-party website by using the app. \u201cPaslaptys puslapiuose\u201d Privacy Policy does not apply to other advertisers or websites. Therefore, for more detailed information, we advise you to familiarize yourself with the respective privacy statements of these third-party ad servers rules. This may include their practices and instructions on how to opt-out of certain options.<\/p>\n\n\n\n<p>You can choose to disable cookies through individual browser options. For more information on how to manage cookies in specific web browsers, please visit the respective browser websites.<\/p>\n\n\n\n<p>We do not share any data with third parties.<\/p>\n\n\n\n<h2 class=\"wp-block-heading\">Information for Children<\/h2>\n\n\n\n<p>Another part of our priority is protecting children when using the Internet. We encourage parents and guardians to monitor, participate in, and\/or monitor and guide their children&#8217;s online activities.<\/p>\n\n\n\n<p>\u201cPaslaptys puslapiuose\u201d does not knowingly collect any Personally Identifiable Information from children under the age of 13. If you believe that your child has submitted such information on our website, we strongly encourage you to contact us immediately and we will make every effort to remove such information from our records.<\/p>\n\n\n\n<h2 class=\"wp-block-heading\">Information Collected<\/h2>\n\n\n\n<p>\u201cPaslaptys puslapiuose\u201d mobile application does not collect any user data or information about the user and device information.<\/p>\n\n\n\n<h2 class=\"wp-block-heading\">Online Privacy Policy Only<\/h2>\n\n\n\n<p>Our Privacy Policy applies only to our online activities and applies to users of our app with respect to the information they share and\/or collect on \u201cPaslaptys puslapiuose\u201d. This policy does not apply to any information collected offline or through channels other than this application.<\/p>\n\n\n\n<h2 class=\"wp-block-heading\">Consent<\/h2>\n\n\n\n<p>By using our app, you hereby consent to our privacy policy and agree to its terms.<\/p>\n\n\n\n<p>You can contact us by email: info@pavb.lt<\/p>\n","protected":false},"excerpt":{"rendered":"<p>At mobile application \u201cPaslaptys puslapiuose\u201d, user privacy is one of our top priorities. This Privacy Policy document describes the information that \u201cPaslaptys puslapiuose\u201d collects and records and how we use that information. If you have additional questions or need more information about our Privacy Policy, please do not hesitate to contact us. General Data Protection&#8230;.. <a class=\"moretag\" href=\"https:\/\/dev.pavb.lt\/en\/administrative-information\/personal-data-protection\/paslaptys-puslapiuose-game-privacy-policy\/\">Read More<\/a><\/p>\n","protected":false},"author":1,"featured_media":0,"parent":59724,"menu_order":3,"comment_status":"closed","ping_status":"closed","template":"","meta":{"_acf_changed":false,"footnotes":""},"class_list":["post-66028","page","type-page","status-publish","hentry"],"acf":[],"yoast_head":"<!-- This site is optimized with the Yoast SEO plugin v27.0 - https:\/\/yoast.com\/product\/yoast-seo-wordpress\/ -->\n<title>&quot;Paslaptys puslapiuose&quot; Game Privacy Policy - Panevezys County Gabriele Petkevicaite-Bite Public Library<\/title>\n<meta name=\"robots\" content=\"index, follow, max-snippet:-1, max-image-preview:large, max-video-preview:-1\" \/>\n<link rel=\"canonical\" href=\"https:\/\/dev.pavb.lt\/en\/administrative-information\/personal-data-protection\/paslaptys-puslapiuose-game-privacy-policy\/\" \/>\n<meta property=\"og:locale\" content=\"en_US\" \/>\n<meta property=\"og:type\" content=\"article\" \/>\n<meta property=\"og:title\" content=\"&quot;Paslaptys puslapiuose&quot; Game Privacy Policy - Panevezys County Gabriele Petkevicaite-Bite Public Library\" \/>\n<meta property=\"og:description\" content=\"At mobile application \u201cPaslaptys puslapiuose\u201d, user privacy is one of our top priorities. This Privacy Policy document describes the information that \u201cPaslaptys puslapiuose\u201d collects and records and how we use that information. If you have additional questions or need more information about our Privacy Policy, please do not hesitate to contact us. General Data Protection..... Read More\" \/>\n<meta property=\"og:url\" content=\"https:\/\/dev.pavb.lt\/en\/administrative-information\/personal-data-protection\/paslaptys-puslapiuose-game-privacy-policy\/\" \/>\n<meta property=\"og:site_name\" content=\"Panevezys County Gabriele Petkevicaite-Bite Public Library\" \/>\n<meta property=\"article:modified_time\" content=\"2023-01-19T07:44:37+00:00\" \/>\n<meta name=\"twitter:card\" content=\"summary_large_image\" \/>\n<script type=\"application\/ld+json\" class=\"yoast-schema-graph\">{\"@context\":\"https:\/\/schema.org\",\"@graph\":[{\"@type\":\"WebPage\",\"@id\":\"https:\/\/dev.pavb.lt\/en\/administrative-information\/personal-data-protection\/paslaptys-puslapiuose-game-privacy-policy\/\",\"url\":\"https:\/\/dev.pavb.lt\/en\/administrative-information\/personal-data-protection\/paslaptys-puslapiuose-game-privacy-policy\/\",\"name\":\"\\\"Paslaptys puslapiuose\\\" Game Privacy Policy - Panevezys County Gabriele Petkevicaite-Bite Public Library\",\"isPartOf\":{\"@id\":\"https:\/\/dev.pavb.lt\/en\/#website\"},\"datePublished\":\"2023-01-17T13:18:08+00:00\",\"dateModified\":\"2023-01-19T07:44:37+00:00\",\"breadcrumb\":{\"@id\":\"https:\/\/dev.pavb.lt\/en\/administrative-information\/personal-data-protection\/paslaptys-puslapiuose-game-privacy-policy\/#breadcrumb\"},\"inLanguage\":\"en-US\",\"potentialAction\":[{\"@type\":\"ReadAction\",\"target\":[\"https:\/\/dev.pavb.lt\/en\/administrative-information\/personal-data-protection\/paslaptys-puslapiuose-game-privacy-policy\/\"]}]},{\"@type\":\"BreadcrumbList\",\"@id\":\"https:\/\/dev.pavb.lt\/en\/administrative-information\/personal-data-protection\/paslaptys-puslapiuose-game-privacy-policy\/#breadcrumb\",\"itemListElement\":[{\"@type\":\"ListItem\",\"position\":1,\"name\":\"Home\",\"item\":\"https:\/\/dev.pavb.lt\/en\/\"},{\"@type\":\"ListItem\",\"position\":2,\"name\":\"Administrative information\",\"item\":\"https:\/\/dev.pavb.lt\/en\/administrative-information\/\"},{\"@type\":\"ListItem\",\"position\":3,\"name\":\"Personal Data Protection\",\"item\":\"https:\/\/dev.pavb.lt\/en\/administrative-information\/personal-data-protection\/\"},{\"@type\":\"ListItem\",\"position\":4,\"name\":\"&#8222;Paslaptys puslapiuose&#8221; Game Privacy Policy\"}]},{\"@type\":\"WebSite\",\"@id\":\"https:\/\/dev.pavb.lt\/en\/#website\",\"url\":\"https:\/\/dev.pavb.lt\/en\/\",\"name\":\"Panevezys County Gabriele Petkevicaite-Bite Public Library\",\"description\":\"Here is your Library!\",\"publisher\":{\"@id\":\"https:\/\/dev.pavb.lt\/en\/#organization\"},\"potentialAction\":[{\"@type\":\"SearchAction\",\"target\":{\"@type\":\"EntryPoint\",\"urlTemplate\":\"https:\/\/dev.pavb.lt\/en\/?s={search_term_string}\"},\"query-input\":{\"@type\":\"PropertyValueSpecification\",\"valueRequired\":true,\"valueName\":\"search_term_string\"}}],\"inLanguage\":\"en-US\"},{\"@type\":\"Organization\",\"@id\":\"https:\/\/dev.pavb.lt\/en\/#organization\",\"name\":\"Panev\u0117\u017eio apskrities Gabriel\u0117s Petkevi\u010dait\u0117s-Bit\u0117s vie\u0161oji biblioteka\",\"url\":\"https:\/\/dev.pavb.lt\/en\/\",\"logo\":{\"@type\":\"ImageObject\",\"inLanguage\":\"en-US\",\"@id\":\"https:\/\/dev.pavb.lt\/en\/#\/schema\/logo\/image\/\",\"url\":\"https:\/\/dev.pavb.lt\/wp-content\/uploads\/2017\/11\/pavb-logo.png\",\"contentUrl\":\"https:\/\/dev.pavb.lt\/wp-content\/uploads\/2017\/11\/pavb-logo.png\",\"width\":512,\"height\":512,\"caption\":\"Panev\u0117\u017eio apskrities Gabriel\u0117s Petkevi\u010dait\u0117s-Bit\u0117s vie\u0161oji biblioteka\"},\"image\":{\"@id\":\"https:\/\/dev.pavb.lt\/en\/#\/schema\/logo\/image\/\"}}]}<\/script>\n<!-- \/ Yoast SEO plugin. -->","yoast_head_json":{"title":"\"Paslaptys puslapiuose\" Game Privacy Policy - Panevezys County Gabriele Petkevicaite-Bite Public Library","robots":{"index":"index","follow":"follow","max-snippet":"max-snippet:-1","max-image-preview":"max-image-preview:large","max-video-preview":"max-video-preview:-1"},"canonical":"https:\/\/dev.pavb.lt\/en\/administrative-information\/personal-data-protection\/paslaptys-puslapiuose-game-privacy-policy\/","og_locale":"en_US","og_type":"article","og_title":"\"Paslaptys puslapiuose\" Game Privacy Policy - Panevezys County Gabriele Petkevicaite-Bite Public Library","og_description":"At mobile application \u201cPaslaptys puslapiuose\u201d, user privacy is one of our top priorities. This Privacy Policy document describes the information that \u201cPaslaptys puslapiuose\u201d collects and records and how we use that information. If you have additional questions or need more information about our Privacy Policy, please do not hesitate to contact us. General Data Protection..... Read More","og_url":"https:\/\/dev.pavb.lt\/en\/administrative-information\/personal-data-protection\/paslaptys-puslapiuose-game-privacy-policy\/","og_site_name":"Panevezys County Gabriele Petkevicaite-Bite Public Library","article_modified_time":"2023-01-19T07:44:37+00:00","twitter_card":"summary_large_image","schema":{"@context":"https:\/\/schema.org","@graph":[{"@type":"WebPage","@id":"https:\/\/dev.pavb.lt\/en\/administrative-information\/personal-data-protection\/paslaptys-puslapiuose-game-privacy-policy\/","url":"https:\/\/dev.pavb.lt\/en\/administrative-information\/personal-data-protection\/paslaptys-puslapiuose-game-privacy-policy\/","name":"\"Paslaptys puslapiuose\" Game Privacy Policy - Panevezys County Gabriele Petkevicaite-Bite Public Library","isPartOf":{"@id":"https:\/\/dev.pavb.lt\/en\/#website"},"datePublished":"2023-01-17T13:18:08+00:00","dateModified":"2023-01-19T07:44:37+00:00","breadcrumb":{"@id":"https:\/\/dev.pavb.lt\/en\/administrative-information\/personal-data-protection\/paslaptys-puslapiuose-game-privacy-policy\/#breadcrumb"},"inLanguage":"en-US","potentialAction":[{"@type":"ReadAction","target":["https:\/\/dev.pavb.lt\/en\/administrative-information\/personal-data-protection\/paslaptys-puslapiuose-game-privacy-policy\/"]}]},{"@type":"BreadcrumbList","@id":"https:\/\/dev.pavb.lt\/en\/administrative-information\/personal-data-protection\/paslaptys-puslapiuose-game-privacy-policy\/#breadcrumb","itemListElement":[{"@type":"ListItem","position":1,"name":"Home","item":"https:\/\/dev.pavb.lt\/en\/"},{"@type":"ListItem","position":2,"name":"Administrative information","item":"https:\/\/dev.pavb.lt\/en\/administrative-information\/"},{"@type":"ListItem","position":3,"name":"Personal Data Protection","item":"https:\/\/dev.pavb.lt\/en\/administrative-information\/personal-data-protection\/"},{"@type":"ListItem","position":4,"name":"&#8222;Paslaptys puslapiuose&#8221; Game Privacy Policy"}]},{"@type":"WebSite","@id":"https:\/\/dev.pavb.lt\/en\/#website","url":"https:\/\/dev.pavb.lt\/en\/","name":"Panevezys County Gabriele Petkevicaite-Bite Public Library","description":"Here is your Library!","publisher":{"@id":"https:\/\/dev.pavb.lt\/en\/#organization"},"potentialAction":[{"@type":"SearchAction","target":{"@type":"EntryPoint","urlTemplate":"https:\/\/dev.pavb.lt\/en\/?s={search_term_string}"},"query-input":{"@type":"PropertyValueSpecification","valueRequired":true,"valueName":"search_term_string"}}],"inLanguage":"en-US"},{"@type":"Organization","@id":"https:\/\/dev.pavb.lt\/en\/#organization","name":"Panev\u0117\u017eio apskrities Gabriel\u0117s Petkevi\u010dait\u0117s-Bit\u0117s vie\u0161oji biblioteka","url":"https:\/\/dev.pavb.lt\/en\/","logo":{"@type":"ImageObject","inLanguage":"en-US","@id":"https:\/\/dev.pavb.lt\/en\/#\/schema\/logo\/image\/","url":"https:\/\/dev.pavb.lt\/wp-content\/uploads\/2017\/11\/pavb-logo.png","contentUrl":"https:\/\/dev.pavb.lt\/wp-content\/uploads\/2017\/11\/pavb-logo.png","width":512,"height":512,"caption":"Panev\u0117\u017eio apskrities Gabriel\u0117s Petkevi\u010dait\u0117s-Bit\u0117s vie\u0161oji biblioteka"},"image":{"@id":"https:\/\/dev.pavb.lt\/en\/#\/schema\/logo\/image\/"}}]}},"_links":{"self":[{"href":"https:\/\/dev.pavb.lt\/en\/wp-json\/wp\/v2\/pages\/66028","targetHints":{"allow":["GET"]}}],"collection":[{"href":"https:\/\/dev.pavb.lt\/en\/wp-json\/wp\/v2\/pages"}],"about":[{"href":"https:\/\/dev.pavb.lt\/en\/wp-json\/wp\/v2\/types\/page"}],"author":[{"embeddable":true,"href":"https:\/\/dev.pavb.lt\/en\/wp-json\/wp\/v2\/users\/1"}],"replies":[{"embeddable":true,"href":"https:\/\/dev.pavb.lt\/en\/wp-json\/wp\/v2\/comments?post=66028"}],"version-history":[{"count":0,"href":"https:\/\/dev.pavb.lt\/en\/wp-json\/wp\/v2\/pages\/66028\/revisions"}],"up":[{"embeddable":true,"href":"https:\/\/dev.pavb.lt\/en\/wp-json\/wp\/v2\/pages\/59724"}],"wp:attachment":[{"href":"https:\/\/dev.pavb.lt\/en\/wp-json\/wp\/v2\/media?parent=66028"}],"curies":[{"name":"wp","href":"https:\/\/api.w.org\/{rel}","templated":true}]}}