{"id":6512,"date":"2019-04-12T13:37:48","date_gmt":"2019-04-12T10:37:48","guid":{"rendered":"https:\/\/www.pavb.lt\/?page_id=6512"},"modified":"2024-01-18T15:14:57","modified_gmt":"2024-01-18T13:14:57","slug":"collections","status":"publish","type":"page","link":"https:\/\/dev.pavb.lt\/en\/panevezys-region-heritage\/main-information\/collections\/","title":{"rendered":"Collections"},"content":{"rendered":"\n<p><strong>Personal Book Collections<\/strong><\/p>\n\n\n\n<p>Since 1989 the library has been storing private book collections left by the library\u2019s friends and other renowned people of the region. To this date, there are 15 private libraries or their fragments. These libraries are stored in Department of Region&#8217;s Cultural Heritage Dissemination, Juozas Miltinis Memorial Apartment, Arts Reading Room, and Information Resource Management Department. The information that a book belongs to a private library is indicated in its bibliographical description, which you can find in an e-catalogue. <\/p>\n\n\n\n<p><strong>Manuscript Collections<\/strong><\/p>\n\n\n\n<p>Since 1991 the library has been storing a collection\nof :<\/p>\n\n\n\n<ul class=\"wp-block-list\">\n<li>manuscript\ndocuments, related to Lithuania\u2019s and Panev\u0117\u017eys region\u2019s history, culture,\nscience, and other important public events from the oldest times up to today;<\/li>\n\n\n\n<li>archival\nheritage of literary, art, science and other prominent figures \u2013 their\nmanuscripts, personal and work documents, correspondence, photography, art\nobjects and others.<\/li>\n<\/ul>\n\n\n\n<p>Today the library boasts more than 20&nbsp;000 such\ndocuments, which according to their origin are divided into 175 funds. The\nchronology of these documents spans from mid XVIII century to these days.<\/p>\n\n\n\n<p>These 175 funds are held in a special storage room in\nthe library\u2019s Central building (Respublikos st. 14).<\/p>\n\n\n\n<p>Juozas Miltinis Memorial Apartment (Algirdo st. 54\u201319) has two funds:<\/p>\n\n\n\n<ul class=\"wp-block-list\">\n<li>theater\ndirector Juozas Miltinis\u2019 fund, which was included in the National Lithuania\u2019s\nregister \u201cPasaulio atmintis\u201d and announced of national significance;<\/li>\n\n\n\n<li>Panev\u0117\u017eys\ndrama theater chronicler, actor, photographer Kazimieras Vitkus\u2019 fund, which\nholds a big volume of iconographic material for theater\u2019s history. <\/li>\n<\/ul>\n\n\n\n<p>You can find these digitalized documents at <a href=\"http:\/\/www.epaveldas.lt\" target=\"_blank\" rel=\"noreferrer noopener\">www.epaveldas.lt<\/a> and <a href=\"http:\/\/www.miltinis.lt\" target=\"_blank\" rel=\"noreferrer noopener\">www.miltinis.lt<\/a><\/p>\n\n\n\n<p><strong>Rare publications<\/strong><\/p>\n\n\n\n<p>&nbsp;The library has\nbeen storing rare publications since 1989. At that time the base of the fund\nwas composed of 3000 copies of books from Panev\u0117\u017eys State Public Library (which\nworked during the time in between World War I and II) and books from a linguist,\nteacher Leonas Kuodis\u2019 (1902\u20131975) personals library. Now the fund has more\nthan 37&nbsp;000 publications, published untill 1945.<\/p>\n\n\n\n<p>The oldest book in the library is Konstantinas\nSirvydas trilingual dictionary \u201cDictorium trium lingvarum in usum studiosae\niuventutis\u201d fifth edition.<\/p>\n\n\n\n<p>Books with signatures and dedications by prominent\npeople of the region, as well as those with regional libraries\u2019 stamps or\npersonal book markings make a significant part of this fund. The fund has\npublications which were published until 1945 by the then existing publishing\nhouses in Panev\u0117\u017eys and Panev\u0117\u017eys region, it also stores regional newspapers\nsuch as \u201cPanev\u0117\u017eio garsas\u201d, \u201cPanev\u0117\u017eio balsas\u201d, \u201cPanev\u0117\u017eio apygardos balsas\u201d.\nYou can read the copies that are not in the physical fund at www.epaveldas.lt.<\/p>\n","protected":false},"excerpt":{"rendered":"<p>Personal Book Collections Since 1989 the library has been storing private book collections left by the library\u2019s friends and other renowned people of the region. To this date, there are 15 private libraries or their fragments. These libraries are stored in Department of Region&#8217;s Cultural Heritage Dissemination, Juozas Miltinis Memorial Apartment, Arts Reading Room, and&#8230;.. <a class=\"moretag\" href=\"https:\/\/dev.pavb.lt\/en\/panevezys-region-heritage\/main-information\/collections\/\">Read More<\/a><\/p>\n","protected":false},"author":1,"featured_media":0,"parent":6508,"menu_order":2,"comment_status":"closed","ping_status":"closed","template":"","meta":{"_acf_changed":false,"footnotes":""},"class_list":["post-6512","page","type-page","status-publish","hentry"],"acf":[],"yoast_head":"<!-- This site is optimized with the Yoast SEO plugin v27.0 - https:\/\/yoast.com\/product\/yoast-seo-wordpress\/ -->\n<title>Collections - Panevezys County Gabriele Petkevicaite-Bite Public Library<\/title>\n<meta name=\"robots\" content=\"index, follow, max-snippet:-1, max-image-preview:large, max-video-preview:-1\" \/>\n<link rel=\"canonical\" href=\"https:\/\/dev.pavb.lt\/en\/panevezys-region-heritage\/main-information\/collections\/\" \/>\n<meta property=\"og:locale\" content=\"en_US\" \/>\n<meta property=\"og:type\" content=\"article\" \/>\n<meta property=\"og:title\" content=\"Collections - Panevezys County Gabriele Petkevicaite-Bite Public Library\" \/>\n<meta property=\"og:description\" content=\"Personal Book Collections Since 1989 the library has been storing private book collections left by the library\u2019s friends and other renowned people of the region. To this date, there are 15 private libraries or their fragments. These libraries are stored in Department of Region&#8217;s Cultural Heritage Dissemination, Juozas Miltinis Memorial Apartment, Arts Reading Room, and..... Read More\" \/>\n<meta property=\"og:url\" content=\"https:\/\/dev.pavb.lt\/en\/panevezys-region-heritage\/main-information\/collections\/\" \/>\n<meta property=\"og:site_name\" content=\"Panevezys County Gabriele Petkevicaite-Bite Public Library\" \/>\n<meta property=\"article:modified_time\" content=\"2024-01-18T13:14:57+00:00\" \/>\n<meta name=\"twitter:card\" content=\"summary_large_image\" \/>\n<script type=\"application\/ld+json\" class=\"yoast-schema-graph\">{\"@context\":\"https:\/\/schema.org\",\"@graph\":[{\"@type\":\"WebPage\",\"@id\":\"https:\/\/dev.pavb.lt\/en\/panevezys-region-heritage\/main-information\/collections\/\",\"url\":\"https:\/\/dev.pavb.lt\/en\/panevezys-region-heritage\/main-information\/collections\/\",\"name\":\"Collections - Panevezys County Gabriele Petkevicaite-Bite Public Library\",\"isPartOf\":{\"@id\":\"https:\/\/dev.pavb.lt\/en\/#website\"},\"datePublished\":\"2019-04-12T10:37:48+00:00\",\"dateModified\":\"2024-01-18T13:14:57+00:00\",\"breadcrumb\":{\"@id\":\"https:\/\/dev.pavb.lt\/en\/panevezys-region-heritage\/main-information\/collections\/#breadcrumb\"},\"inLanguage\":\"en-US\",\"potentialAction\":[{\"@type\":\"ReadAction\",\"target\":[\"https:\/\/dev.pavb.lt\/en\/panevezys-region-heritage\/main-information\/collections\/\"]}]},{\"@type\":\"BreadcrumbList\",\"@id\":\"https:\/\/dev.pavb.lt\/en\/panevezys-region-heritage\/main-information\/collections\/#breadcrumb\",\"itemListElement\":[{\"@type\":\"ListItem\",\"position\":1,\"name\":\"Home\",\"item\":\"https:\/\/dev.pavb.lt\/en\/\"},{\"@type\":\"ListItem\",\"position\":2,\"name\":\"Panev\u0117\u017eys Region Cultural Heritage\",\"item\":\"https:\/\/dev.pavb.lt\/en\/panevezys-region-heritage\/\"},{\"@type\":\"ListItem\",\"position\":3,\"name\":\"Main information\",\"item\":\"https:\/\/dev.pavb.lt\/en\/panevezys-region-heritage\/main-information\/\"},{\"@type\":\"ListItem\",\"position\":4,\"name\":\"Collections\"}]},{\"@type\":\"WebSite\",\"@id\":\"https:\/\/dev.pavb.lt\/en\/#website\",\"url\":\"https:\/\/dev.pavb.lt\/en\/\",\"name\":\"Panevezys County Gabriele Petkevicaite-Bite Public Library\",\"description\":\"Here is your Library!\",\"publisher\":{\"@id\":\"https:\/\/dev.pavb.lt\/en\/#organization\"},\"potentialAction\":[{\"@type\":\"SearchAction\",\"target\":{\"@type\":\"EntryPoint\",\"urlTemplate\":\"https:\/\/dev.pavb.lt\/en\/?s={search_term_string}\"},\"query-input\":{\"@type\":\"PropertyValueSpecification\",\"valueRequired\":true,\"valueName\":\"search_term_string\"}}],\"inLanguage\":\"en-US\"},{\"@type\":\"Organization\",\"@id\":\"https:\/\/dev.pavb.lt\/en\/#organization\",\"name\":\"Panev\u0117\u017eio apskrities Gabriel\u0117s Petkevi\u010dait\u0117s-Bit\u0117s vie\u0161oji biblioteka\",\"url\":\"https:\/\/dev.pavb.lt\/en\/\",\"logo\":{\"@type\":\"ImageObject\",\"inLanguage\":\"en-US\",\"@id\":\"https:\/\/dev.pavb.lt\/en\/#\/schema\/logo\/image\/\",\"url\":\"https:\/\/dev.pavb.lt\/wp-content\/uploads\/2017\/11\/pavb-logo.png\",\"contentUrl\":\"https:\/\/dev.pavb.lt\/wp-content\/uploads\/2017\/11\/pavb-logo.png\",\"width\":512,\"height\":512,\"caption\":\"Panev\u0117\u017eio apskrities Gabriel\u0117s Petkevi\u010dait\u0117s-Bit\u0117s vie\u0161oji biblioteka\"},\"image\":{\"@id\":\"https:\/\/dev.pavb.lt\/en\/#\/schema\/logo\/image\/\"}}]}<\/script>\n<!-- \/ Yoast SEO plugin. -->","yoast_head_json":{"title":"Collections - Panevezys County Gabriele Petkevicaite-Bite Public Library","robots":{"index":"index","follow":"follow","max-snippet":"max-snippet:-1","max-image-preview":"max-image-preview:large","max-video-preview":"max-video-preview:-1"},"canonical":"https:\/\/dev.pavb.lt\/en\/panevezys-region-heritage\/main-information\/collections\/","og_locale":"en_US","og_type":"article","og_title":"Collections - Panevezys County Gabriele Petkevicaite-Bite Public Library","og_description":"Personal Book Collections Since 1989 the library has been storing private book collections left by the library\u2019s friends and other renowned people of the region. To this date, there are 15 private libraries or their fragments. These libraries are stored in Department of Region&#8217;s Cultural Heritage Dissemination, Juozas Miltinis Memorial Apartment, Arts Reading Room, and..... Read More","og_url":"https:\/\/dev.pavb.lt\/en\/panevezys-region-heritage\/main-information\/collections\/","og_site_name":"Panevezys County Gabriele Petkevicaite-Bite Public Library","article_modified_time":"2024-01-18T13:14:57+00:00","twitter_card":"summary_large_image","schema":{"@context":"https:\/\/schema.org","@graph":[{"@type":"WebPage","@id":"https:\/\/dev.pavb.lt\/en\/panevezys-region-heritage\/main-information\/collections\/","url":"https:\/\/dev.pavb.lt\/en\/panevezys-region-heritage\/main-information\/collections\/","name":"Collections - Panevezys County Gabriele Petkevicaite-Bite Public Library","isPartOf":{"@id":"https:\/\/dev.pavb.lt\/en\/#website"},"datePublished":"2019-04-12T10:37:48+00:00","dateModified":"2024-01-18T13:14:57+00:00","breadcrumb":{"@id":"https:\/\/dev.pavb.lt\/en\/panevezys-region-heritage\/main-information\/collections\/#breadcrumb"},"inLanguage":"en-US","potentialAction":[{"@type":"ReadAction","target":["https:\/\/dev.pavb.lt\/en\/panevezys-region-heritage\/main-information\/collections\/"]}]},{"@type":"BreadcrumbList","@id":"https:\/\/dev.pavb.lt\/en\/panevezys-region-heritage\/main-information\/collections\/#breadcrumb","itemListElement":[{"@type":"ListItem","position":1,"name":"Home","item":"https:\/\/dev.pavb.lt\/en\/"},{"@type":"ListItem","position":2,"name":"Panev\u0117\u017eys Region Cultural Heritage","item":"https:\/\/dev.pavb.lt\/en\/panevezys-region-heritage\/"},{"@type":"ListItem","position":3,"name":"Main information","item":"https:\/\/dev.pavb.lt\/en\/panevezys-region-heritage\/main-information\/"},{"@type":"ListItem","position":4,"name":"Collections"}]},{"@type":"WebSite","@id":"https:\/\/dev.pavb.lt\/en\/#website","url":"https:\/\/dev.pavb.lt\/en\/","name":"Panevezys County Gabriele Petkevicaite-Bite Public Library","description":"Here is your Library!","publisher":{"@id":"https:\/\/dev.pavb.lt\/en\/#organization"},"potentialAction":[{"@type":"SearchAction","target":{"@type":"EntryPoint","urlTemplate":"https:\/\/dev.pavb.lt\/en\/?s={search_term_string}"},"query-input":{"@type":"PropertyValueSpecification","valueRequired":true,"valueName":"search_term_string"}}],"inLanguage":"en-US"},{"@type":"Organization","@id":"https:\/\/dev.pavb.lt\/en\/#organization","name":"Panev\u0117\u017eio apskrities Gabriel\u0117s Petkevi\u010dait\u0117s-Bit\u0117s vie\u0161oji biblioteka","url":"https:\/\/dev.pavb.lt\/en\/","logo":{"@type":"ImageObject","inLanguage":"en-US","@id":"https:\/\/dev.pavb.lt\/en\/#\/schema\/logo\/image\/","url":"https:\/\/dev.pavb.lt\/wp-content\/uploads\/2017\/11\/pavb-logo.png","contentUrl":"https:\/\/dev.pavb.lt\/wp-content\/uploads\/2017\/11\/pavb-logo.png","width":512,"height":512,"caption":"Panev\u0117\u017eio apskrities Gabriel\u0117s Petkevi\u010dait\u0117s-Bit\u0117s vie\u0161oji biblioteka"},"image":{"@id":"https:\/\/dev.pavb.lt\/en\/#\/schema\/logo\/image\/"}}]}},"_links":{"self":[{"href":"https:\/\/dev.pavb.lt\/en\/wp-json\/wp\/v2\/pages\/6512","targetHints":{"allow":["GET"]}}],"collection":[{"href":"https:\/\/dev.pavb.lt\/en\/wp-json\/wp\/v2\/pages"}],"about":[{"href":"https:\/\/dev.pavb.lt\/en\/wp-json\/wp\/v2\/types\/page"}],"author":[{"embeddable":true,"href":"https:\/\/dev.pavb.lt\/en\/wp-json\/wp\/v2\/users\/1"}],"replies":[{"embeddable":true,"href":"https:\/\/dev.pavb.lt\/en\/wp-json\/wp\/v2\/comments?post=6512"}],"version-history":[{"count":0,"href":"https:\/\/dev.pavb.lt\/en\/wp-json\/wp\/v2\/pages\/6512\/revisions"}],"up":[{"embeddable":true,"href":"https:\/\/dev.pavb.lt\/en\/wp-json\/wp\/v2\/pages\/6508"}],"wp:attachment":[{"href":"https:\/\/dev.pavb.lt\/en\/wp-json\/wp\/v2\/media?parent=6512"}],"curies":[{"name":"wp","href":"https:\/\/api.w.org\/{rel}","templated":true}]}}