{"id":60105,"date":"2022-09-12T10:03:54","date_gmt":"2022-09-12T07:03:54","guid":{"rendered":"https:\/\/www.pavb.lt\/?page_id=60105"},"modified":"2022-09-12T10:03:56","modified_gmt":"2022-09-12T07:03:56","slug":"eu-readart","status":"publish","type":"page","link":"https:\/\/dev.pavb.lt\/en\/eu-readart\/","title":{"rendered":"EU Read&#038;Art"},"content":{"rendered":"\n<p><strong>Project duration: 2021\u20132023<\/strong><\/p>\n\n\n\n<p><strong>Partners:<\/strong><\/p>\n\n\n\n<ul class=\"wp-block-list\"><li>Italy<\/li><li>Germany<\/li><li>Slovenia<\/li><li>Greece<\/li><li>France<\/li><\/ul>\n\n\n\n<p><strong>Project presentation<\/strong><\/p>\n\n\n\n<p>The Ignalina\u2018s Public Library implements the international ERASMUS+ project&nbsp; \u201eEU Read&amp;Art\u201c&nbsp; ,,The first European digital library of book trailers and adult creative expressions\u201d. Project focuses on people at age 50 and above, but all readers or interested institutions who would like to recommend a book, contribute with voluntary and creative work can join the activities.<\/p>\n\n\n\n<p><strong>Activities are planned during the project<\/strong><\/p>\n\n\n\n<p>Within two years of the project\u2018s implementation it is planned to create online platform dedicated to the first digital library of book trailers. 500 trailers will be created and uploaded by the Lithuanian and other partner countries.<\/p>\n\n\n\n<p><strong>Project results<\/strong><\/p>\n\n\n\n<p>\u201eEU-READ&amp;ART\u201d encourages to read and present read books in different perspective than usual \u2013 with short ad videos that express the impression of the book and so motivates others to read it. The project also includes various training lectures for involved specialists in order to help people create book trailers using digital art expressions.\u00a0<\/p>\n\n\n\n<p>Contact information: Vida Sekonien\u0117, Deputy Director, e-mail pavadutoja@ignalinosvb.lt<\/p>\n\n\n\n<p>The project is funded by the Erasmus+ program<\/p>\n","protected":false},"excerpt":{"rendered":"<p>Project duration: 2021\u20132023 Partners: Italy Germany Slovenia Greece France Project presentation The Ignalina\u2018s Public Library implements the international ERASMUS+ project&nbsp; \u201eEU Read&amp;Art\u201c&nbsp; ,,The first European digital library of book trailers and adult creative expressions\u201d. Project focuses on people at age 50 and above, but all readers or interested institutions who would like to recommend a&#8230;.. <a class=\"moretag\" href=\"https:\/\/dev.pavb.lt\/en\/eu-readart\/\">Read More<\/a><\/p>\n","protected":false},"author":1,"featured_media":0,"parent":0,"menu_order":0,"comment_status":"closed","ping_status":"closed","template":"","meta":{"_acf_changed":false,"footnotes":""},"class_list":["post-60105","page","type-page","status-publish","hentry"],"acf":[],"yoast_head":"<!-- This site is optimized with the Yoast SEO plugin v27.0 - https:\/\/yoast.com\/product\/yoast-seo-wordpress\/ -->\n<title>EU Read&amp;Art - Panevezys County Gabriele Petkevicaite-Bite Public Library<\/title>\n<meta name=\"robots\" content=\"index, follow, max-snippet:-1, max-image-preview:large, max-video-preview:-1\" \/>\n<link rel=\"canonical\" href=\"https:\/\/dev.pavb.lt\/en\/eu-readart\/\" \/>\n<meta property=\"og:locale\" content=\"en_US\" \/>\n<meta property=\"og:type\" content=\"article\" \/>\n<meta property=\"og:title\" content=\"EU Read&amp;Art - Panevezys County Gabriele Petkevicaite-Bite Public Library\" \/>\n<meta property=\"og:description\" content=\"Project duration: 2021\u20132023 Partners: Italy Germany Slovenia Greece France Project presentation The Ignalina\u2018s Public Library implements the international ERASMUS+ project&nbsp; \u201eEU Read&amp;Art\u201c&nbsp; ,,The first European digital library of book trailers and adult creative expressions\u201d. Project focuses on people at age 50 and above, but all readers or interested institutions who would like to recommend a..... Read More\" \/>\n<meta property=\"og:url\" content=\"https:\/\/dev.pavb.lt\/en\/eu-readart\/\" \/>\n<meta property=\"og:site_name\" content=\"Panevezys County Gabriele Petkevicaite-Bite Public Library\" \/>\n<meta property=\"article:modified_time\" content=\"2022-09-12T07:03:56+00:00\" \/>\n<meta name=\"twitter:card\" content=\"summary_large_image\" \/>\n<script type=\"application\/ld+json\" class=\"yoast-schema-graph\">{\"@context\":\"https:\/\/schema.org\",\"@graph\":[{\"@type\":\"WebPage\",\"@id\":\"https:\/\/dev.pavb.lt\/en\/eu-readart\/\",\"url\":\"https:\/\/dev.pavb.lt\/en\/eu-readart\/\",\"name\":\"EU Read&Art - Panevezys County Gabriele Petkevicaite-Bite Public Library\",\"isPartOf\":{\"@id\":\"https:\/\/dev.pavb.lt\/en\/#website\"},\"datePublished\":\"2022-09-12T07:03:54+00:00\",\"dateModified\":\"2022-09-12T07:03:56+00:00\",\"breadcrumb\":{\"@id\":\"https:\/\/dev.pavb.lt\/en\/eu-readart\/#breadcrumb\"},\"inLanguage\":\"en-US\",\"potentialAction\":[{\"@type\":\"ReadAction\",\"target\":[\"https:\/\/dev.pavb.lt\/en\/eu-readart\/\"]}]},{\"@type\":\"BreadcrumbList\",\"@id\":\"https:\/\/dev.pavb.lt\/en\/eu-readart\/#breadcrumb\",\"itemListElement\":[{\"@type\":\"ListItem\",\"position\":1,\"name\":\"Home\",\"item\":\"https:\/\/dev.pavb.lt\/en\/\"},{\"@type\":\"ListItem\",\"position\":2,\"name\":\"EU Read&#038;Art\"}]},{\"@type\":\"WebSite\",\"@id\":\"https:\/\/dev.pavb.lt\/en\/#website\",\"url\":\"https:\/\/dev.pavb.lt\/en\/\",\"name\":\"Panevezys County Gabriele Petkevicaite-Bite Public Library\",\"description\":\"Here is your Library!\",\"publisher\":{\"@id\":\"https:\/\/dev.pavb.lt\/en\/#organization\"},\"potentialAction\":[{\"@type\":\"SearchAction\",\"target\":{\"@type\":\"EntryPoint\",\"urlTemplate\":\"https:\/\/dev.pavb.lt\/en\/?s={search_term_string}\"},\"query-input\":{\"@type\":\"PropertyValueSpecification\",\"valueRequired\":true,\"valueName\":\"search_term_string\"}}],\"inLanguage\":\"en-US\"},{\"@type\":\"Organization\",\"@id\":\"https:\/\/dev.pavb.lt\/en\/#organization\",\"name\":\"Panev\u0117\u017eio apskrities Gabriel\u0117s Petkevi\u010dait\u0117s-Bit\u0117s vie\u0161oji biblioteka\",\"url\":\"https:\/\/dev.pavb.lt\/en\/\",\"logo\":{\"@type\":\"ImageObject\",\"inLanguage\":\"en-US\",\"@id\":\"https:\/\/dev.pavb.lt\/en\/#\/schema\/logo\/image\/\",\"url\":\"https:\/\/dev.pavb.lt\/wp-content\/uploads\/2017\/11\/pavb-logo.png\",\"contentUrl\":\"https:\/\/dev.pavb.lt\/wp-content\/uploads\/2017\/11\/pavb-logo.png\",\"width\":512,\"height\":512,\"caption\":\"Panev\u0117\u017eio apskrities Gabriel\u0117s Petkevi\u010dait\u0117s-Bit\u0117s vie\u0161oji biblioteka\"},\"image\":{\"@id\":\"https:\/\/dev.pavb.lt\/en\/#\/schema\/logo\/image\/\"}}]}<\/script>\n<!-- \/ Yoast SEO plugin. -->","yoast_head_json":{"title":"EU Read&Art - Panevezys County Gabriele Petkevicaite-Bite Public Library","robots":{"index":"index","follow":"follow","max-snippet":"max-snippet:-1","max-image-preview":"max-image-preview:large","max-video-preview":"max-video-preview:-1"},"canonical":"https:\/\/dev.pavb.lt\/en\/eu-readart\/","og_locale":"en_US","og_type":"article","og_title":"EU Read&Art - Panevezys County Gabriele Petkevicaite-Bite Public Library","og_description":"Project duration: 2021\u20132023 Partners: Italy Germany Slovenia Greece France Project presentation The Ignalina\u2018s Public Library implements the international ERASMUS+ project&nbsp; \u201eEU Read&amp;Art\u201c&nbsp; ,,The first European digital library of book trailers and adult creative expressions\u201d. Project focuses on people at age 50 and above, but all readers or interested institutions who would like to recommend a..... Read More","og_url":"https:\/\/dev.pavb.lt\/en\/eu-readart\/","og_site_name":"Panevezys County Gabriele Petkevicaite-Bite Public Library","article_modified_time":"2022-09-12T07:03:56+00:00","twitter_card":"summary_large_image","schema":{"@context":"https:\/\/schema.org","@graph":[{"@type":"WebPage","@id":"https:\/\/dev.pavb.lt\/en\/eu-readart\/","url":"https:\/\/dev.pavb.lt\/en\/eu-readart\/","name":"EU Read&Art - Panevezys County Gabriele Petkevicaite-Bite Public Library","isPartOf":{"@id":"https:\/\/dev.pavb.lt\/en\/#website"},"datePublished":"2022-09-12T07:03:54+00:00","dateModified":"2022-09-12T07:03:56+00:00","breadcrumb":{"@id":"https:\/\/dev.pavb.lt\/en\/eu-readart\/#breadcrumb"},"inLanguage":"en-US","potentialAction":[{"@type":"ReadAction","target":["https:\/\/dev.pavb.lt\/en\/eu-readart\/"]}]},{"@type":"BreadcrumbList","@id":"https:\/\/dev.pavb.lt\/en\/eu-readart\/#breadcrumb","itemListElement":[{"@type":"ListItem","position":1,"name":"Home","item":"https:\/\/dev.pavb.lt\/en\/"},{"@type":"ListItem","position":2,"name":"EU Read&#038;Art"}]},{"@type":"WebSite","@id":"https:\/\/dev.pavb.lt\/en\/#website","url":"https:\/\/dev.pavb.lt\/en\/","name":"Panevezys County Gabriele Petkevicaite-Bite Public Library","description":"Here is your Library!","publisher":{"@id":"https:\/\/dev.pavb.lt\/en\/#organization"},"potentialAction":[{"@type":"SearchAction","target":{"@type":"EntryPoint","urlTemplate":"https:\/\/dev.pavb.lt\/en\/?s={search_term_string}"},"query-input":{"@type":"PropertyValueSpecification","valueRequired":true,"valueName":"search_term_string"}}],"inLanguage":"en-US"},{"@type":"Organization","@id":"https:\/\/dev.pavb.lt\/en\/#organization","name":"Panev\u0117\u017eio apskrities Gabriel\u0117s Petkevi\u010dait\u0117s-Bit\u0117s vie\u0161oji biblioteka","url":"https:\/\/dev.pavb.lt\/en\/","logo":{"@type":"ImageObject","inLanguage":"en-US","@id":"https:\/\/dev.pavb.lt\/en\/#\/schema\/logo\/image\/","url":"https:\/\/dev.pavb.lt\/wp-content\/uploads\/2017\/11\/pavb-logo.png","contentUrl":"https:\/\/dev.pavb.lt\/wp-content\/uploads\/2017\/11\/pavb-logo.png","width":512,"height":512,"caption":"Panev\u0117\u017eio apskrities Gabriel\u0117s Petkevi\u010dait\u0117s-Bit\u0117s vie\u0161oji biblioteka"},"image":{"@id":"https:\/\/dev.pavb.lt\/en\/#\/schema\/logo\/image\/"}}]}},"_links":{"self":[{"href":"https:\/\/dev.pavb.lt\/en\/wp-json\/wp\/v2\/pages\/60105","targetHints":{"allow":["GET"]}}],"collection":[{"href":"https:\/\/dev.pavb.lt\/en\/wp-json\/wp\/v2\/pages"}],"about":[{"href":"https:\/\/dev.pavb.lt\/en\/wp-json\/wp\/v2\/types\/page"}],"author":[{"embeddable":true,"href":"https:\/\/dev.pavb.lt\/en\/wp-json\/wp\/v2\/users\/1"}],"replies":[{"embeddable":true,"href":"https:\/\/dev.pavb.lt\/en\/wp-json\/wp\/v2\/comments?post=60105"}],"version-history":[{"count":0,"href":"https:\/\/dev.pavb.lt\/en\/wp-json\/wp\/v2\/pages\/60105\/revisions"}],"wp:attachment":[{"href":"https:\/\/dev.pavb.lt\/en\/wp-json\/wp\/v2\/media?parent=60105"}],"curies":[{"name":"wp","href":"https:\/\/api.w.org\/{rel}","templated":true}]}}