{"id":5867,"date":"2019-02-13T08:44:34","date_gmt":"2019-02-13T06:44:34","guid":{"rendered":"https:\/\/www.pavb.lt\/?page_id=5867"},"modified":"2025-07-10T10:41:30","modified_gmt":"2025-07-10T07:41:30","slug":"juozas-urbsys-social-thinking-and-culture-centre","status":"publish","type":"page","link":"https:\/\/dev.pavb.lt\/en\/services\/for-visitors\/spaces\/juozas-urbsys-social-thinking-and-culture-centre\/","title":{"rendered":"Juozas Urb\u0161ys Homestead"},"content":{"rendered":"\n<p>Zaos\u0117 farmstead,\nKrekenava eldership, Panev\u0117\u017eys region<\/p>\n\n\n\n<p>Tel. +370 45 50 20 39, e-mail&nbsp;<a href=\"mailto:skirmante.karpaviciene@pavb.lt\" target=\"_blank\" rel=\"noreferrer noopener\">skirmante.karpaviciene@pavb.lt<\/a><\/p>\n\n\n\n<p><a href=\"https:\/\/dev.pavb.lt\/wp-content\/uploads\/2020\/01\/J.-Urb\u0161io-sodyba-300x200.jpg\"><img loading=\"lazy\" decoding=\"async\" class=\"alignleft size-medium wp-image-18561\" src=\"https:\/\/dev.pavb.lt\/wp-content\/uploads\/2020\/01\/J.-Urb\u0161io-sodyba-300x200.jpg\" alt=\"J. Urb\u0161io sodyba\" width=\"300\" height=\"200\" srcset=\"https:\/\/dev.pavb.lt\/wp-content\/uploads\/2020\/01\/J.-Urb\u0161io-sodyba-300x200.jpg 300w, https:\/\/dev.pavb.lt\/wp-content\/uploads\/2020\/01\/J.-Urb\u0161io-sodyba-768x512.jpg 768w, https:\/\/dev.pavb.lt\/wp-content\/uploads\/2020\/01\/J.-Urb\u0161io-sodyba.jpg 900w\" sizes=\"auto, (max-width: 300px) 100vw, 300px\" \/><\/a><\/p>\n\n\n\n<p>Juozas Urb\u0161ys Homestead is the library\u2019s subunit. It operates within the library and carries out cultural, scientific, artistic activities.<\/p>\n\n\n\n<p>It manages the\nlast Foreign minister of Lithuania Juozas Urb\u0161ys\u2019 farmstead. The farmstead,\nwhich was gifted to the library by the minister\u2019s relatives after his passing, includes\nan old house where the exhibition of historical documents and photographs of J.\nUrb\u0161ys are being kept. <\/p>\n\n\n\n<p>The centrepiece\nof the farmstead is a historic oaktree. Its\u2019 shadow serves as a cosy place for the\nlibrary\u2019s social gatherings, celebrations, exhibitions, poetry readings and\nother events.<\/p>\n\n\n\n<p>You are welcome\nto visit the farmstead and the exhibition at an arranged time.<\/p>\n","protected":false},"excerpt":{"rendered":"<p>Zaos\u0117 farmstead, Krekenava eldership, Panev\u0117\u017eys region Tel. +370 45 50 20 39, e-mail&nbsp;skirmante.karpaviciene@pavb.lt Juozas Urb\u0161ys Homestead is the library\u2019s subunit. It operates within the library and carries out cultural, scientific, artistic activities. It manages the last Foreign minister of Lithuania Juozas Urb\u0161ys\u2019 farmstead. The farmstead, which was gifted to the library by the minister\u2019s relatives&#8230;.. <a class=\"moretag\" href=\"https:\/\/dev.pavb.lt\/en\/services\/for-visitors\/spaces\/juozas-urbsys-social-thinking-and-culture-centre\/\">Read More<\/a><\/p>\n","protected":false},"author":1,"featured_media":0,"parent":5654,"menu_order":14,"comment_status":"closed","ping_status":"closed","template":"","meta":{"_acf_changed":false,"footnotes":""},"class_list":["post-5867","page","type-page","status-publish","hentry"],"acf":[],"yoast_head":"<!-- This site is optimized with the Yoast SEO plugin v27.0 - https:\/\/yoast.com\/product\/yoast-seo-wordpress\/ -->\n<title>Juozas Urb\u0161ys Homestead - Panevezys County Gabriele Petkevicaite-Bite Public Library<\/title>\n<meta name=\"robots\" content=\"index, follow, max-snippet:-1, max-image-preview:large, max-video-preview:-1\" \/>\n<link rel=\"canonical\" href=\"https:\/\/dev.pavb.lt\/en\/services\/for-visitors\/spaces\/juozas-urbsys-social-thinking-and-culture-centre\/\" \/>\n<meta property=\"og:locale\" content=\"en_US\" \/>\n<meta property=\"og:type\" content=\"article\" \/>\n<meta property=\"og:title\" content=\"Juozas Urb\u0161ys Homestead - Panevezys County Gabriele Petkevicaite-Bite Public Library\" \/>\n<meta property=\"og:description\" content=\"Zaos\u0117 farmstead, Krekenava eldership, Panev\u0117\u017eys region Tel. +370 45 50 20 39, e-mail&nbsp;skirmante.karpaviciene@pavb.lt Juozas Urb\u0161ys Homestead is the library\u2019s subunit. It operates within the library and carries out cultural, scientific, artistic activities. It manages the last Foreign minister of Lithuania Juozas Urb\u0161ys\u2019 farmstead. The farmstead, which was gifted to the library by the minister\u2019s relatives..... Read More\" \/>\n<meta property=\"og:url\" content=\"https:\/\/dev.pavb.lt\/en\/services\/for-visitors\/spaces\/juozas-urbsys-social-thinking-and-culture-centre\/\" \/>\n<meta property=\"og:site_name\" content=\"Panevezys County Gabriele Petkevicaite-Bite Public Library\" \/>\n<meta property=\"article:modified_time\" content=\"2025-07-10T07:41:30+00:00\" \/>\n<meta name=\"twitter:card\" content=\"summary_large_image\" \/>\n<script type=\"application\/ld+json\" class=\"yoast-schema-graph\">{\"@context\":\"https:\/\/schema.org\",\"@graph\":[{\"@type\":\"WebPage\",\"@id\":\"https:\/\/dev.pavb.lt\/en\/services\/for-visitors\/spaces\/juozas-urbsys-social-thinking-and-culture-centre\/\",\"url\":\"https:\/\/dev.pavb.lt\/en\/services\/for-visitors\/spaces\/juozas-urbsys-social-thinking-and-culture-centre\/\",\"name\":\"Juozas Urb\u0161ys Homestead - Panevezys County Gabriele Petkevicaite-Bite Public Library\",\"isPartOf\":{\"@id\":\"https:\/\/dev.pavb.lt\/en\/#website\"},\"datePublished\":\"2019-02-13T06:44:34+00:00\",\"dateModified\":\"2025-07-10T07:41:30+00:00\",\"breadcrumb\":{\"@id\":\"https:\/\/dev.pavb.lt\/en\/services\/for-visitors\/spaces\/juozas-urbsys-social-thinking-and-culture-centre\/#breadcrumb\"},\"inLanguage\":\"en-US\",\"potentialAction\":[{\"@type\":\"ReadAction\",\"target\":[\"https:\/\/dev.pavb.lt\/en\/services\/for-visitors\/spaces\/juozas-urbsys-social-thinking-and-culture-centre\/\"]}]},{\"@type\":\"BreadcrumbList\",\"@id\":\"https:\/\/dev.pavb.lt\/en\/services\/for-visitors\/spaces\/juozas-urbsys-social-thinking-and-culture-centre\/#breadcrumb\",\"itemListElement\":[{\"@type\":\"ListItem\",\"position\":1,\"name\":\"Home\",\"item\":\"https:\/\/dev.pavb.lt\/en\/\"},{\"@type\":\"ListItem\",\"position\":2,\"name\":\"Services\",\"item\":\"https:\/\/dev.pavb.lt\/en\/services\/\"},{\"@type\":\"ListItem\",\"position\":3,\"name\":\"For Visitors\",\"item\":\"https:\/\/dev.pavb.lt\/en\/services\/for-visitors\/\"},{\"@type\":\"ListItem\",\"position\":4,\"name\":\"Spaces\",\"item\":\"https:\/\/dev.pavb.lt\/en\/services\/for-visitors\/spaces\/\"},{\"@type\":\"ListItem\",\"position\":5,\"name\":\"Juozas Urb\u0161ys Homestead\"}]},{\"@type\":\"WebSite\",\"@id\":\"https:\/\/dev.pavb.lt\/en\/#website\",\"url\":\"https:\/\/dev.pavb.lt\/en\/\",\"name\":\"Panevezys County Gabriele Petkevicaite-Bite Public Library\",\"description\":\"Here is your Library!\",\"publisher\":{\"@id\":\"https:\/\/dev.pavb.lt\/en\/#organization\"},\"potentialAction\":[{\"@type\":\"SearchAction\",\"target\":{\"@type\":\"EntryPoint\",\"urlTemplate\":\"https:\/\/dev.pavb.lt\/en\/?s={search_term_string}\"},\"query-input\":{\"@type\":\"PropertyValueSpecification\",\"valueRequired\":true,\"valueName\":\"search_term_string\"}}],\"inLanguage\":\"en-US\"},{\"@type\":\"Organization\",\"@id\":\"https:\/\/dev.pavb.lt\/en\/#organization\",\"name\":\"Panev\u0117\u017eio apskrities Gabriel\u0117s Petkevi\u010dait\u0117s-Bit\u0117s vie\u0161oji biblioteka\",\"url\":\"https:\/\/dev.pavb.lt\/en\/\",\"logo\":{\"@type\":\"ImageObject\",\"inLanguage\":\"en-US\",\"@id\":\"https:\/\/dev.pavb.lt\/en\/#\/schema\/logo\/image\/\",\"url\":\"https:\/\/dev.pavb.lt\/wp-content\/uploads\/2017\/11\/pavb-logo.png\",\"contentUrl\":\"https:\/\/dev.pavb.lt\/wp-content\/uploads\/2017\/11\/pavb-logo.png\",\"width\":512,\"height\":512,\"caption\":\"Panev\u0117\u017eio apskrities Gabriel\u0117s Petkevi\u010dait\u0117s-Bit\u0117s vie\u0161oji biblioteka\"},\"image\":{\"@id\":\"https:\/\/dev.pavb.lt\/en\/#\/schema\/logo\/image\/\"}}]}<\/script>\n<!-- \/ Yoast SEO plugin. -->","yoast_head_json":{"title":"Juozas Urb\u0161ys Homestead - Panevezys County Gabriele Petkevicaite-Bite Public Library","robots":{"index":"index","follow":"follow","max-snippet":"max-snippet:-1","max-image-preview":"max-image-preview:large","max-video-preview":"max-video-preview:-1"},"canonical":"https:\/\/dev.pavb.lt\/en\/services\/for-visitors\/spaces\/juozas-urbsys-social-thinking-and-culture-centre\/","og_locale":"en_US","og_type":"article","og_title":"Juozas Urb\u0161ys Homestead - Panevezys County Gabriele Petkevicaite-Bite Public Library","og_description":"Zaos\u0117 farmstead, Krekenava eldership, Panev\u0117\u017eys region Tel. +370 45 50 20 39, e-mail&nbsp;skirmante.karpaviciene@pavb.lt Juozas Urb\u0161ys Homestead is the library\u2019s subunit. It operates within the library and carries out cultural, scientific, artistic activities. It manages the last Foreign minister of Lithuania Juozas Urb\u0161ys\u2019 farmstead. The farmstead, which was gifted to the library by the minister\u2019s relatives..... Read More","og_url":"https:\/\/dev.pavb.lt\/en\/services\/for-visitors\/spaces\/juozas-urbsys-social-thinking-and-culture-centre\/","og_site_name":"Panevezys County Gabriele Petkevicaite-Bite Public Library","article_modified_time":"2025-07-10T07:41:30+00:00","twitter_card":"summary_large_image","schema":{"@context":"https:\/\/schema.org","@graph":[{"@type":"WebPage","@id":"https:\/\/dev.pavb.lt\/en\/services\/for-visitors\/spaces\/juozas-urbsys-social-thinking-and-culture-centre\/","url":"https:\/\/dev.pavb.lt\/en\/services\/for-visitors\/spaces\/juozas-urbsys-social-thinking-and-culture-centre\/","name":"Juozas Urb\u0161ys Homestead - Panevezys County Gabriele Petkevicaite-Bite Public Library","isPartOf":{"@id":"https:\/\/dev.pavb.lt\/en\/#website"},"datePublished":"2019-02-13T06:44:34+00:00","dateModified":"2025-07-10T07:41:30+00:00","breadcrumb":{"@id":"https:\/\/dev.pavb.lt\/en\/services\/for-visitors\/spaces\/juozas-urbsys-social-thinking-and-culture-centre\/#breadcrumb"},"inLanguage":"en-US","potentialAction":[{"@type":"ReadAction","target":["https:\/\/dev.pavb.lt\/en\/services\/for-visitors\/spaces\/juozas-urbsys-social-thinking-and-culture-centre\/"]}]},{"@type":"BreadcrumbList","@id":"https:\/\/dev.pavb.lt\/en\/services\/for-visitors\/spaces\/juozas-urbsys-social-thinking-and-culture-centre\/#breadcrumb","itemListElement":[{"@type":"ListItem","position":1,"name":"Home","item":"https:\/\/dev.pavb.lt\/en\/"},{"@type":"ListItem","position":2,"name":"Services","item":"https:\/\/dev.pavb.lt\/en\/services\/"},{"@type":"ListItem","position":3,"name":"For Visitors","item":"https:\/\/dev.pavb.lt\/en\/services\/for-visitors\/"},{"@type":"ListItem","position":4,"name":"Spaces","item":"https:\/\/dev.pavb.lt\/en\/services\/for-visitors\/spaces\/"},{"@type":"ListItem","position":5,"name":"Juozas Urb\u0161ys Homestead"}]},{"@type":"WebSite","@id":"https:\/\/dev.pavb.lt\/en\/#website","url":"https:\/\/dev.pavb.lt\/en\/","name":"Panevezys County Gabriele Petkevicaite-Bite Public Library","description":"Here is your Library!","publisher":{"@id":"https:\/\/dev.pavb.lt\/en\/#organization"},"potentialAction":[{"@type":"SearchAction","target":{"@type":"EntryPoint","urlTemplate":"https:\/\/dev.pavb.lt\/en\/?s={search_term_string}"},"query-input":{"@type":"PropertyValueSpecification","valueRequired":true,"valueName":"search_term_string"}}],"inLanguage":"en-US"},{"@type":"Organization","@id":"https:\/\/dev.pavb.lt\/en\/#organization","name":"Panev\u0117\u017eio apskrities Gabriel\u0117s Petkevi\u010dait\u0117s-Bit\u0117s vie\u0161oji biblioteka","url":"https:\/\/dev.pavb.lt\/en\/","logo":{"@type":"ImageObject","inLanguage":"en-US","@id":"https:\/\/dev.pavb.lt\/en\/#\/schema\/logo\/image\/","url":"https:\/\/dev.pavb.lt\/wp-content\/uploads\/2017\/11\/pavb-logo.png","contentUrl":"https:\/\/dev.pavb.lt\/wp-content\/uploads\/2017\/11\/pavb-logo.png","width":512,"height":512,"caption":"Panev\u0117\u017eio apskrities Gabriel\u0117s Petkevi\u010dait\u0117s-Bit\u0117s vie\u0161oji biblioteka"},"image":{"@id":"https:\/\/dev.pavb.lt\/en\/#\/schema\/logo\/image\/"}}]}},"_links":{"self":[{"href":"https:\/\/dev.pavb.lt\/en\/wp-json\/wp\/v2\/pages\/5867","targetHints":{"allow":["GET"]}}],"collection":[{"href":"https:\/\/dev.pavb.lt\/en\/wp-json\/wp\/v2\/pages"}],"about":[{"href":"https:\/\/dev.pavb.lt\/en\/wp-json\/wp\/v2\/types\/page"}],"author":[{"embeddable":true,"href":"https:\/\/dev.pavb.lt\/en\/wp-json\/wp\/v2\/users\/1"}],"replies":[{"embeddable":true,"href":"https:\/\/dev.pavb.lt\/en\/wp-json\/wp\/v2\/comments?post=5867"}],"version-history":[{"count":1,"href":"https:\/\/dev.pavb.lt\/en\/wp-json\/wp\/v2\/pages\/5867\/revisions"}],"predecessor-version":[{"id":170399,"href":"https:\/\/dev.pavb.lt\/en\/wp-json\/wp\/v2\/pages\/5867\/revisions\/170399"}],"up":[{"embeddable":true,"href":"https:\/\/dev.pavb.lt\/en\/wp-json\/wp\/v2\/pages\/5654"}],"wp:attachment":[{"href":"https:\/\/dev.pavb.lt\/en\/wp-json\/wp\/v2\/media?parent=5867"}],"curies":[{"name":"wp","href":"https:\/\/api.w.org\/{rel}","templated":true}]}}