{"id":49483,"date":"2021-04-06T15:58:14","date_gmt":"2021-04-06T12:58:14","guid":{"rendered":"https:\/\/www.pavb.lt\/?page_id=49483"},"modified":"2022-01-25T11:16:20","modified_gmt":"2022-01-25T09:16:20","slug":"accreditation-of-the-erasmus-program-in-the-field-of-adult-education","status":"publish","type":"page","link":"https:\/\/dev.pavb.lt\/en\/international-projects\/accreditation-of-the-erasmus-program-in-the-field-of-adult-education\/","title":{"rendered":"Accreditation of the Erasmus+ program in the field of adult education"},"content":{"rendered":"\n<p><strong>Project duration <\/strong>2021 03 01\u20132027 12 31<\/p>\n\n\n\n<p><strong>Project presentation<\/strong><\/p>\n\n\n\n<p>The aim of the project is to strengthen the andragogical and managerial competencies of Panev\u0117\u017eys region public library specialists, preparing and implementing adult education programs, and to improve the quality of non-formal education.<\/p>\n\n\n\n<p><strong>Activities planned during the project<\/strong><\/p>\n\n\n\n<p>Panev\u0117\u017eys County Gabriel\u0117 Petkevi\u010dait\u0117-Bit\u0117 Public Library, as the consortium coordinator, will submit applications to the Education Exchange Support Fund for funding mobility visits to advanced European public libraries and other organizations providing adult education. Funding for mobility visits will be granted by the accreditation of the Erasmus+ program. Project partners (members of the consortium) &#8211; 12 municipal public libraries of Panev\u0117\u017eys region.<\/p>\n\n\n\n<p>Twelve specialists of Panev\u0117\u017eys region libraries working in the field of adult education and adult educators from Panev\u0117\u017eys County Gabriel\u0117 Petkevi\u010dait\u0117-Bit\u0117 Public Library will take part in the mobility activities. All libraries of the region will be involved in joint project activities, the professional development of adult educators will be carried out in a targeted manner, and unified goals of adult education in the region will be pursued. Three mobility programs are planned for one year, each of which will be attended by 10-15 adult education specialists selected through a competition. One area of interest will be selected each year, in which the competences of adult education professionals will be improved by raising their qualifications in advanced adult education organizations abroad.<\/p>\n\n\n\n<p><strong>Expected result of the project<\/strong><\/p>\n\n\n\n<p>After each mobility, participating librarians will develop training \/ educational programs and test them with target groups in their libraries. Based on the experience of foreign libraries, librarians-adult educators in Panev\u0117\u017eys region will learn to properly prepare training programs for remote environment.<\/p>\n\n\n\n<p>A coherent strategy for adult education in Panev\u0117\u017eys region will be developed and implemented. By networking, adult educators in the region will enhance their professional skills, share experiences, and collaborate in the development of adult education \/ training programs.<\/p>\n\n\n\n<p>The public libraries in the region will attract more adult visitors who are not currently users of library services. The experience gained during the mobility programs as well as learning the needs of the current or potential library users will allow adult educators to develop programs that realistically meet the expectations of those who could profit from adult education and training programs.<\/p>\n\n\n\n<p>Responsible person in Panev\u0117\u017eys County Gabriel\u0117 Petkevi\u010dait\u0117-Bit\u0117 Public Library is Virginija \u0160vedien\u0117, senior librarian of the Readers\u2019 Service Department, e-mail virginija.svediene@pavb.lt, tel. 8,610,667 60.<\/p>\n\n\n\n<p>The project is funded by<\/p>\n<p><img loading=\"lazy\" decoding=\"async\" class=\"alignnone size-full wp-image-49456\" src=\"https:\/\/dev.pavb.lt\/wp-content\/uploads\/2022\/01\/logo-en.png\" alt=\"Education Exchanges Support Foundation logo\" width=\"179\" height=\"74\" \/><\/p>\n\n\n\n<p><a href=\"https:\/\/dev.pavb.lt\/wp-content\/uploads\/2019\/03\/\u0160vietimo-main\u0173-paramos-fondas.jpeg\"><\/a><\/p>\n","protected":false},"excerpt":{"rendered":"<p>Project duration 2021 03 01\u20132027 12 31 Project presentation The aim of the project is to strengthen the andragogical and managerial competencies of Panev\u0117\u017eys region public library specialists, preparing and implementing adult education programs, and to improve the quality of non-formal education. Activities planned during the project Panev\u0117\u017eys County Gabriel\u0117 Petkevi\u010dait\u0117-Bit\u0117 Public Library, as the&#8230;.. <a class=\"moretag\" href=\"https:\/\/dev.pavb.lt\/en\/international-projects\/accreditation-of-the-erasmus-program-in-the-field-of-adult-education\/\">Read More<\/a><\/p>\n","protected":false},"author":1,"featured_media":0,"parent":49460,"menu_order":1,"comment_status":"closed","ping_status":"closed","template":"","meta":{"_acf_changed":false,"footnotes":""},"class_list":["post-49483","page","type-page","status-publish","hentry"],"acf":[],"yoast_head":"<!-- This site is optimized with the Yoast SEO plugin v27.0 - https:\/\/yoast.com\/product\/yoast-seo-wordpress\/ -->\n<title>Accreditation of the Erasmus+ program in the field of adult education - Panevezys County Gabriele Petkevicaite-Bite Public Library<\/title>\n<meta name=\"robots\" content=\"index, follow, max-snippet:-1, max-image-preview:large, max-video-preview:-1\" \/>\n<link rel=\"canonical\" href=\"https:\/\/dev.pavb.lt\/en\/international-projects\/accreditation-of-the-erasmus-program-in-the-field-of-adult-education\/\" \/>\n<meta property=\"og:locale\" content=\"en_US\" \/>\n<meta property=\"og:type\" content=\"article\" \/>\n<meta property=\"og:title\" content=\"Accreditation of the Erasmus+ program in the field of adult education - Panevezys County Gabriele Petkevicaite-Bite Public Library\" \/>\n<meta property=\"og:description\" content=\"Project duration 2021 03 01\u20132027 12 31 Project presentation The aim of the project is to strengthen the andragogical and managerial competencies of Panev\u0117\u017eys region public library specialists, preparing and implementing adult education programs, and to improve the quality of non-formal education. Activities planned during the project Panev\u0117\u017eys County Gabriel\u0117 Petkevi\u010dait\u0117-Bit\u0117 Public Library, as the..... Read More\" \/>\n<meta property=\"og:url\" content=\"https:\/\/dev.pavb.lt\/en\/international-projects\/accreditation-of-the-erasmus-program-in-the-field-of-adult-education\/\" \/>\n<meta property=\"og:site_name\" content=\"Panevezys County Gabriele Petkevicaite-Bite Public Library\" \/>\n<meta property=\"article:modified_time\" content=\"2022-01-25T09:16:20+00:00\" \/>\n<meta property=\"og:image\" content=\"https:\/\/dev.pavb.lt\/wp-content\/uploads\/2022\/01\/logo-en.png\" \/>\n\t<meta property=\"og:image:width\" content=\"179\" \/>\n\t<meta property=\"og:image:height\" content=\"74\" \/>\n\t<meta property=\"og:image:type\" content=\"image\/png\" \/>\n<meta name=\"twitter:card\" content=\"summary_large_image\" \/>\n<script type=\"application\/ld+json\" class=\"yoast-schema-graph\">{\"@context\":\"https:\/\/schema.org\",\"@graph\":[{\"@type\":\"WebPage\",\"@id\":\"https:\/\/dev.pavb.lt\/en\/international-projects\/accreditation-of-the-erasmus-program-in-the-field-of-adult-education\/\",\"url\":\"https:\/\/dev.pavb.lt\/en\/international-projects\/accreditation-of-the-erasmus-program-in-the-field-of-adult-education\/\",\"name\":\"Accreditation of the Erasmus+ program in the field of adult education - Panevezys County Gabriele Petkevicaite-Bite Public Library\",\"isPartOf\":{\"@id\":\"https:\/\/dev.pavb.lt\/en\/#website\"},\"primaryImageOfPage\":{\"@id\":\"https:\/\/dev.pavb.lt\/en\/international-projects\/accreditation-of-the-erasmus-program-in-the-field-of-adult-education\/#primaryimage\"},\"image\":{\"@id\":\"https:\/\/dev.pavb.lt\/en\/international-projects\/accreditation-of-the-erasmus-program-in-the-field-of-adult-education\/#primaryimage\"},\"thumbnailUrl\":\"https:\/\/dev.pavb.lt\/wp-content\/uploads\/2022\/01\/logo-en.png\",\"datePublished\":\"2021-04-06T12:58:14+00:00\",\"dateModified\":\"2022-01-25T09:16:20+00:00\",\"breadcrumb\":{\"@id\":\"https:\/\/dev.pavb.lt\/en\/international-projects\/accreditation-of-the-erasmus-program-in-the-field-of-adult-education\/#breadcrumb\"},\"inLanguage\":\"en-US\",\"potentialAction\":[{\"@type\":\"ReadAction\",\"target\":[\"https:\/\/dev.pavb.lt\/en\/international-projects\/accreditation-of-the-erasmus-program-in-the-field-of-adult-education\/\"]}]},{\"@type\":\"ImageObject\",\"inLanguage\":\"en-US\",\"@id\":\"https:\/\/dev.pavb.lt\/en\/international-projects\/accreditation-of-the-erasmus-program-in-the-field-of-adult-education\/#primaryimage\",\"url\":\"https:\/\/dev.pavb.lt\/wp-content\/uploads\/2022\/01\/logo-en.png\",\"contentUrl\":\"https:\/\/dev.pavb.lt\/wp-content\/uploads\/2022\/01\/logo-en.png\"},{\"@type\":\"BreadcrumbList\",\"@id\":\"https:\/\/dev.pavb.lt\/en\/international-projects\/accreditation-of-the-erasmus-program-in-the-field-of-adult-education\/#breadcrumb\",\"itemListElement\":[{\"@type\":\"ListItem\",\"position\":1,\"name\":\"Home\",\"item\":\"https:\/\/dev.pavb.lt\/en\/\"},{\"@type\":\"ListItem\",\"position\":2,\"name\":\"International projects\",\"item\":\"https:\/\/dev.pavb.lt\/en\/international-projects\/\"},{\"@type\":\"ListItem\",\"position\":3,\"name\":\"Accreditation of the Erasmus+ program in the field of adult education\"}]},{\"@type\":\"WebSite\",\"@id\":\"https:\/\/dev.pavb.lt\/en\/#website\",\"url\":\"https:\/\/dev.pavb.lt\/en\/\",\"name\":\"Panevezys County Gabriele Petkevicaite-Bite Public Library\",\"description\":\"Here is your Library!\",\"publisher\":{\"@id\":\"https:\/\/dev.pavb.lt\/en\/#organization\"},\"potentialAction\":[{\"@type\":\"SearchAction\",\"target\":{\"@type\":\"EntryPoint\",\"urlTemplate\":\"https:\/\/dev.pavb.lt\/en\/?s={search_term_string}\"},\"query-input\":{\"@type\":\"PropertyValueSpecification\",\"valueRequired\":true,\"valueName\":\"search_term_string\"}}],\"inLanguage\":\"en-US\"},{\"@type\":\"Organization\",\"@id\":\"https:\/\/dev.pavb.lt\/en\/#organization\",\"name\":\"Panev\u0117\u017eio apskrities Gabriel\u0117s Petkevi\u010dait\u0117s-Bit\u0117s vie\u0161oji biblioteka\",\"url\":\"https:\/\/dev.pavb.lt\/en\/\",\"logo\":{\"@type\":\"ImageObject\",\"inLanguage\":\"en-US\",\"@id\":\"https:\/\/dev.pavb.lt\/en\/#\/schema\/logo\/image\/\",\"url\":\"https:\/\/dev.pavb.lt\/wp-content\/uploads\/2017\/11\/pavb-logo.png\",\"contentUrl\":\"https:\/\/dev.pavb.lt\/wp-content\/uploads\/2017\/11\/pavb-logo.png\",\"width\":512,\"height\":512,\"caption\":\"Panev\u0117\u017eio apskrities Gabriel\u0117s Petkevi\u010dait\u0117s-Bit\u0117s vie\u0161oji biblioteka\"},\"image\":{\"@id\":\"https:\/\/dev.pavb.lt\/en\/#\/schema\/logo\/image\/\"}}]}<\/script>\n<!-- \/ Yoast SEO plugin. -->","yoast_head_json":{"title":"Accreditation of the Erasmus+ program in the field of adult education - Panevezys County Gabriele Petkevicaite-Bite Public Library","robots":{"index":"index","follow":"follow","max-snippet":"max-snippet:-1","max-image-preview":"max-image-preview:large","max-video-preview":"max-video-preview:-1"},"canonical":"https:\/\/dev.pavb.lt\/en\/international-projects\/accreditation-of-the-erasmus-program-in-the-field-of-adult-education\/","og_locale":"en_US","og_type":"article","og_title":"Accreditation of the Erasmus+ program in the field of adult education - Panevezys County Gabriele Petkevicaite-Bite Public Library","og_description":"Project duration 2021 03 01\u20132027 12 31 Project presentation The aim of the project is to strengthen the andragogical and managerial competencies of Panev\u0117\u017eys region public library specialists, preparing and implementing adult education programs, and to improve the quality of non-formal education. Activities planned during the project Panev\u0117\u017eys County Gabriel\u0117 Petkevi\u010dait\u0117-Bit\u0117 Public Library, as the..... Read More","og_url":"https:\/\/dev.pavb.lt\/en\/international-projects\/accreditation-of-the-erasmus-program-in-the-field-of-adult-education\/","og_site_name":"Panevezys County Gabriele Petkevicaite-Bite Public Library","article_modified_time":"2022-01-25T09:16:20+00:00","og_image":[{"width":179,"height":74,"url":"https:\/\/dev.pavb.lt\/wp-content\/uploads\/2022\/01\/logo-en.png","type":"image\/png"}],"twitter_card":"summary_large_image","schema":{"@context":"https:\/\/schema.org","@graph":[{"@type":"WebPage","@id":"https:\/\/dev.pavb.lt\/en\/international-projects\/accreditation-of-the-erasmus-program-in-the-field-of-adult-education\/","url":"https:\/\/dev.pavb.lt\/en\/international-projects\/accreditation-of-the-erasmus-program-in-the-field-of-adult-education\/","name":"Accreditation of the Erasmus+ program in the field of adult education - Panevezys County Gabriele Petkevicaite-Bite Public Library","isPartOf":{"@id":"https:\/\/dev.pavb.lt\/en\/#website"},"primaryImageOfPage":{"@id":"https:\/\/dev.pavb.lt\/en\/international-projects\/accreditation-of-the-erasmus-program-in-the-field-of-adult-education\/#primaryimage"},"image":{"@id":"https:\/\/dev.pavb.lt\/en\/international-projects\/accreditation-of-the-erasmus-program-in-the-field-of-adult-education\/#primaryimage"},"thumbnailUrl":"https:\/\/dev.pavb.lt\/wp-content\/uploads\/2022\/01\/logo-en.png","datePublished":"2021-04-06T12:58:14+00:00","dateModified":"2022-01-25T09:16:20+00:00","breadcrumb":{"@id":"https:\/\/dev.pavb.lt\/en\/international-projects\/accreditation-of-the-erasmus-program-in-the-field-of-adult-education\/#breadcrumb"},"inLanguage":"en-US","potentialAction":[{"@type":"ReadAction","target":["https:\/\/dev.pavb.lt\/en\/international-projects\/accreditation-of-the-erasmus-program-in-the-field-of-adult-education\/"]}]},{"@type":"ImageObject","inLanguage":"en-US","@id":"https:\/\/dev.pavb.lt\/en\/international-projects\/accreditation-of-the-erasmus-program-in-the-field-of-adult-education\/#primaryimage","url":"https:\/\/dev.pavb.lt\/wp-content\/uploads\/2022\/01\/logo-en.png","contentUrl":"https:\/\/dev.pavb.lt\/wp-content\/uploads\/2022\/01\/logo-en.png"},{"@type":"BreadcrumbList","@id":"https:\/\/dev.pavb.lt\/en\/international-projects\/accreditation-of-the-erasmus-program-in-the-field-of-adult-education\/#breadcrumb","itemListElement":[{"@type":"ListItem","position":1,"name":"Home","item":"https:\/\/dev.pavb.lt\/en\/"},{"@type":"ListItem","position":2,"name":"International projects","item":"https:\/\/dev.pavb.lt\/en\/international-projects\/"},{"@type":"ListItem","position":3,"name":"Accreditation of the Erasmus+ program in the field of adult education"}]},{"@type":"WebSite","@id":"https:\/\/dev.pavb.lt\/en\/#website","url":"https:\/\/dev.pavb.lt\/en\/","name":"Panevezys County Gabriele Petkevicaite-Bite Public Library","description":"Here is your Library!","publisher":{"@id":"https:\/\/dev.pavb.lt\/en\/#organization"},"potentialAction":[{"@type":"SearchAction","target":{"@type":"EntryPoint","urlTemplate":"https:\/\/dev.pavb.lt\/en\/?s={search_term_string}"},"query-input":{"@type":"PropertyValueSpecification","valueRequired":true,"valueName":"search_term_string"}}],"inLanguage":"en-US"},{"@type":"Organization","@id":"https:\/\/dev.pavb.lt\/en\/#organization","name":"Panev\u0117\u017eio apskrities Gabriel\u0117s Petkevi\u010dait\u0117s-Bit\u0117s vie\u0161oji biblioteka","url":"https:\/\/dev.pavb.lt\/en\/","logo":{"@type":"ImageObject","inLanguage":"en-US","@id":"https:\/\/dev.pavb.lt\/en\/#\/schema\/logo\/image\/","url":"https:\/\/dev.pavb.lt\/wp-content\/uploads\/2017\/11\/pavb-logo.png","contentUrl":"https:\/\/dev.pavb.lt\/wp-content\/uploads\/2017\/11\/pavb-logo.png","width":512,"height":512,"caption":"Panev\u0117\u017eio apskrities Gabriel\u0117s Petkevi\u010dait\u0117s-Bit\u0117s vie\u0161oji biblioteka"},"image":{"@id":"https:\/\/dev.pavb.lt\/en\/#\/schema\/logo\/image\/"}}]}},"_links":{"self":[{"href":"https:\/\/dev.pavb.lt\/en\/wp-json\/wp\/v2\/pages\/49483","targetHints":{"allow":["GET"]}}],"collection":[{"href":"https:\/\/dev.pavb.lt\/en\/wp-json\/wp\/v2\/pages"}],"about":[{"href":"https:\/\/dev.pavb.lt\/en\/wp-json\/wp\/v2\/types\/page"}],"author":[{"embeddable":true,"href":"https:\/\/dev.pavb.lt\/en\/wp-json\/wp\/v2\/users\/1"}],"replies":[{"embeddable":true,"href":"https:\/\/dev.pavb.lt\/en\/wp-json\/wp\/v2\/comments?post=49483"}],"version-history":[{"count":0,"href":"https:\/\/dev.pavb.lt\/en\/wp-json\/wp\/v2\/pages\/49483\/revisions"}],"up":[{"embeddable":true,"href":"https:\/\/dev.pavb.lt\/en\/wp-json\/wp\/v2\/pages\/49460"}],"wp:attachment":[{"href":"https:\/\/dev.pavb.lt\/en\/wp-json\/wp\/v2\/media?parent=49483"}],"curies":[{"name":"wp","href":"https:\/\/api.w.org\/{rel}","templated":true}]}}