{"id":49476,"date":"2020-03-05T16:37:29","date_gmt":"2020-03-05T14:37:29","guid":{"rendered":"https:\/\/www.pavb.lt\/?page_id=49476"},"modified":"2022-01-25T11:17:08","modified_gmt":"2022-01-25T09:17:08","slug":"the-storytelling-network-of-kronoberg-the-land-of-legends","status":"publish","type":"page","link":"https:\/\/dev.pavb.lt\/en\/international-projects\/the-storytelling-network-of-kronoberg-the-land-of-legends\/","title":{"rendered":"The Storytelling Network of Kronoberg \u2013 The Land of Legends"},"content":{"rendered":"\n<p><strong>Project duration: <\/strong>2020-2021<\/p>\n\n\n\n<p><strong>Project organiser: <\/strong>Ber\u00e4ttarn\u00e4tet Kronoberg &#8211; Sagobygden, Sweden<\/p>\n\n\n\n<p><strong>Project partners:<\/strong><\/p>\n\n\n\n<ul class=\"wp-block-list\"><li>The Hilmar Alexandersen Foundation (Stiftinga Hilmar Alexandersen) Norway<\/li><li>Storytellers \u2019Association of Latvia Latvia<\/li><li>Panev\u0117\u017eys County Gabriel\u0117 Petkevi\u010dait\u0117-Bit\u0117 Public Library, Lithuania.<\/li><\/ul>\n\n\n\n<p><strong>Project presentation<\/strong><\/p>\n\n\n\n<p>\u201cThe Storytelling Network of Kronoberg \u2013 The Land of Legends\u201d is a project aiming to create a Nordic-Baltic Storytelling Network.<\/p>\n\n\n\n<p><strong>Project activities<\/strong><\/p>\n\n\n\n<p>In the fourth quarter of 2021 four working-experience sharing meetings are planned to be held in each of the participating countries:<\/p>\n\n\n\n<ul class=\"wp-block-list\"><li>Riga, Jelgava, Rundale, Kuldiga (Latvia) on the topic \u201cStorytelling in community work\u201d;<\/li><li>Panev\u0117\u017eys (Lithuania) on the topic \u201cNarration in Education\u201d;<\/li><li>Steinkjer (Norway) on &#8220;The story of regional development, digital products&#8221;.<\/li><\/ul>\n\n\n\n<p><strong>Project result<\/strong><\/p>\n\n\n\n<p>The Nordic-Baltic Storytelling Network will be set up by the cooperating institutions.<\/p>\n\n\n\n<p>The project is funded by<\/p>\n<p><img loading=\"lazy\" decoding=\"async\" class=\"alignnone  wp-image-39359\" src=\"https:\/\/dev.pavb.lt\/wp-content\/uploads\/2021\/06\/Nordik-kultur-point-300x82.png\" alt=\"Nordik kultur point\" width=\"180\" height=\"49\" srcset=\"https:\/\/dev.pavb.lt\/wp-content\/uploads\/2021\/06\/Nordik-kultur-point-300x82.png 300w, https:\/\/dev.pavb.lt\/wp-content\/uploads\/2021\/06\/Nordik-kultur-point.png 422w\" sizes=\"auto, (max-width: 180px) 100vw, 180px\" \/><\/p>\n\n\n\n<p><a href=\"https:\/\/dev.pavb.lt\/wp-content\/uploads\/2020\/03\/logo_en.png\"><\/a><\/p>\n","protected":false},"excerpt":{"rendered":"<p>Project duration: 2020-2021 Project organiser: Ber\u00e4ttarn\u00e4tet Kronoberg &#8211; Sagobygden, Sweden Project partners: The Hilmar Alexandersen Foundation (Stiftinga Hilmar Alexandersen) Norway Storytellers \u2019Association of Latvia Latvia Panev\u0117\u017eys County Gabriel\u0117 Petkevi\u010dait\u0117-Bit\u0117 Public Library, Lithuania. Project presentation \u201cThe Storytelling Network of Kronoberg \u2013 The Land of Legends\u201d is a project aiming to create a Nordic-Baltic Storytelling Network. Project&#8230;.. <a class=\"moretag\" href=\"https:\/\/dev.pavb.lt\/en\/international-projects\/the-storytelling-network-of-kronoberg-the-land-of-legends\/\">Read More<\/a><\/p>\n","protected":false},"author":1,"featured_media":0,"parent":49460,"menu_order":6,"comment_status":"closed","ping_status":"closed","template":"","meta":{"_acf_changed":false,"footnotes":""},"class_list":["post-49476","page","type-page","status-publish","hentry"],"acf":[],"yoast_head":"<!-- This site is optimized with the Yoast SEO plugin v27.0 - https:\/\/yoast.com\/product\/yoast-seo-wordpress\/ -->\n<title>The Storytelling Network of Kronoberg \u2013 The Land of Legends - Panevezys County Gabriele Petkevicaite-Bite Public Library<\/title>\n<meta name=\"robots\" content=\"index, follow, max-snippet:-1, max-image-preview:large, max-video-preview:-1\" \/>\n<link rel=\"canonical\" href=\"https:\/\/dev.pavb.lt\/en\/international-projects\/the-storytelling-network-of-kronoberg-the-land-of-legends\/\" \/>\n<meta property=\"og:locale\" content=\"en_US\" \/>\n<meta property=\"og:type\" content=\"article\" \/>\n<meta property=\"og:title\" content=\"The Storytelling Network of Kronoberg \u2013 The Land of Legends - Panevezys County Gabriele Petkevicaite-Bite Public Library\" \/>\n<meta property=\"og:description\" content=\"Project duration: 2020-2021 Project organiser: Ber\u00e4ttarn\u00e4tet Kronoberg &#8211; Sagobygden, Sweden Project partners: The Hilmar Alexandersen Foundation (Stiftinga Hilmar Alexandersen) Norway Storytellers \u2019Association of Latvia Latvia Panev\u0117\u017eys County Gabriel\u0117 Petkevi\u010dait\u0117-Bit\u0117 Public Library, Lithuania. Project presentation \u201cThe Storytelling Network of Kronoberg \u2013 The Land of Legends\u201d is a project aiming to create a Nordic-Baltic Storytelling Network. Project..... Read More\" \/>\n<meta property=\"og:url\" content=\"https:\/\/dev.pavb.lt\/en\/international-projects\/the-storytelling-network-of-kronoberg-the-land-of-legends\/\" \/>\n<meta property=\"og:site_name\" content=\"Panevezys County Gabriele Petkevicaite-Bite Public Library\" \/>\n<meta property=\"article:modified_time\" content=\"2022-01-25T09:17:08+00:00\" \/>\n<meta property=\"og:image\" content=\"https:\/\/dev.pavb.lt\/wp-content\/uploads\/2021\/06\/Nordik-kultur-point.png\" \/>\n\t<meta property=\"og:image:width\" content=\"422\" \/>\n\t<meta property=\"og:image:height\" content=\"116\" \/>\n\t<meta property=\"og:image:type\" content=\"image\/png\" \/>\n<meta name=\"twitter:card\" content=\"summary_large_image\" \/>\n<script type=\"application\/ld+json\" class=\"yoast-schema-graph\">{\"@context\":\"https:\/\/schema.org\",\"@graph\":[{\"@type\":\"WebPage\",\"@id\":\"https:\/\/dev.pavb.lt\/en\/international-projects\/the-storytelling-network-of-kronoberg-the-land-of-legends\/\",\"url\":\"https:\/\/dev.pavb.lt\/en\/international-projects\/the-storytelling-network-of-kronoberg-the-land-of-legends\/\",\"name\":\"The Storytelling Network of Kronoberg \u2013 The Land of Legends - Panevezys County Gabriele Petkevicaite-Bite Public Library\",\"isPartOf\":{\"@id\":\"https:\/\/dev.pavb.lt\/en\/#website\"},\"primaryImageOfPage\":{\"@id\":\"https:\/\/dev.pavb.lt\/en\/international-projects\/the-storytelling-network-of-kronoberg-the-land-of-legends\/#primaryimage\"},\"image\":{\"@id\":\"https:\/\/dev.pavb.lt\/en\/international-projects\/the-storytelling-network-of-kronoberg-the-land-of-legends\/#primaryimage\"},\"thumbnailUrl\":\"https:\/\/dev.pavb.lt\/wp-content\/uploads\/2021\/06\/Nordik-kultur-point-300x82.png\",\"datePublished\":\"2020-03-05T14:37:29+00:00\",\"dateModified\":\"2022-01-25T09:17:08+00:00\",\"breadcrumb\":{\"@id\":\"https:\/\/dev.pavb.lt\/en\/international-projects\/the-storytelling-network-of-kronoberg-the-land-of-legends\/#breadcrumb\"},\"inLanguage\":\"en-US\",\"potentialAction\":[{\"@type\":\"ReadAction\",\"target\":[\"https:\/\/dev.pavb.lt\/en\/international-projects\/the-storytelling-network-of-kronoberg-the-land-of-legends\/\"]}]},{\"@type\":\"ImageObject\",\"inLanguage\":\"en-US\",\"@id\":\"https:\/\/dev.pavb.lt\/en\/international-projects\/the-storytelling-network-of-kronoberg-the-land-of-legends\/#primaryimage\",\"url\":\"https:\/\/dev.pavb.lt\/wp-content\/uploads\/2021\/06\/Nordik-kultur-point-300x82.png\",\"contentUrl\":\"https:\/\/dev.pavb.lt\/wp-content\/uploads\/2021\/06\/Nordik-kultur-point-300x82.png\"},{\"@type\":\"BreadcrumbList\",\"@id\":\"https:\/\/dev.pavb.lt\/en\/international-projects\/the-storytelling-network-of-kronoberg-the-land-of-legends\/#breadcrumb\",\"itemListElement\":[{\"@type\":\"ListItem\",\"position\":1,\"name\":\"Home\",\"item\":\"https:\/\/dev.pavb.lt\/en\/\"},{\"@type\":\"ListItem\",\"position\":2,\"name\":\"International projects\",\"item\":\"https:\/\/dev.pavb.lt\/en\/international-projects\/\"},{\"@type\":\"ListItem\",\"position\":3,\"name\":\"The Storytelling Network of Kronoberg \u2013 The Land of Legends\"}]},{\"@type\":\"WebSite\",\"@id\":\"https:\/\/dev.pavb.lt\/en\/#website\",\"url\":\"https:\/\/dev.pavb.lt\/en\/\",\"name\":\"Panevezys County Gabriele Petkevicaite-Bite Public Library\",\"description\":\"Here is your Library!\",\"publisher\":{\"@id\":\"https:\/\/dev.pavb.lt\/en\/#organization\"},\"potentialAction\":[{\"@type\":\"SearchAction\",\"target\":{\"@type\":\"EntryPoint\",\"urlTemplate\":\"https:\/\/dev.pavb.lt\/en\/?s={search_term_string}\"},\"query-input\":{\"@type\":\"PropertyValueSpecification\",\"valueRequired\":true,\"valueName\":\"search_term_string\"}}],\"inLanguage\":\"en-US\"},{\"@type\":\"Organization\",\"@id\":\"https:\/\/dev.pavb.lt\/en\/#organization\",\"name\":\"Panev\u0117\u017eio apskrities Gabriel\u0117s Petkevi\u010dait\u0117s-Bit\u0117s vie\u0161oji biblioteka\",\"url\":\"https:\/\/dev.pavb.lt\/en\/\",\"logo\":{\"@type\":\"ImageObject\",\"inLanguage\":\"en-US\",\"@id\":\"https:\/\/dev.pavb.lt\/en\/#\/schema\/logo\/image\/\",\"url\":\"https:\/\/dev.pavb.lt\/wp-content\/uploads\/2017\/11\/pavb-logo.png\",\"contentUrl\":\"https:\/\/dev.pavb.lt\/wp-content\/uploads\/2017\/11\/pavb-logo.png\",\"width\":512,\"height\":512,\"caption\":\"Panev\u0117\u017eio apskrities Gabriel\u0117s Petkevi\u010dait\u0117s-Bit\u0117s vie\u0161oji biblioteka\"},\"image\":{\"@id\":\"https:\/\/dev.pavb.lt\/en\/#\/schema\/logo\/image\/\"}}]}<\/script>\n<!-- \/ Yoast SEO plugin. -->","yoast_head_json":{"title":"The Storytelling Network of Kronoberg \u2013 The Land of Legends - Panevezys County Gabriele Petkevicaite-Bite Public Library","robots":{"index":"index","follow":"follow","max-snippet":"max-snippet:-1","max-image-preview":"max-image-preview:large","max-video-preview":"max-video-preview:-1"},"canonical":"https:\/\/dev.pavb.lt\/en\/international-projects\/the-storytelling-network-of-kronoberg-the-land-of-legends\/","og_locale":"en_US","og_type":"article","og_title":"The Storytelling Network of Kronoberg \u2013 The Land of Legends - Panevezys County Gabriele Petkevicaite-Bite Public Library","og_description":"Project duration: 2020-2021 Project organiser: Ber\u00e4ttarn\u00e4tet Kronoberg &#8211; Sagobygden, Sweden Project partners: The Hilmar Alexandersen Foundation (Stiftinga Hilmar Alexandersen) Norway Storytellers \u2019Association of Latvia Latvia Panev\u0117\u017eys County Gabriel\u0117 Petkevi\u010dait\u0117-Bit\u0117 Public Library, Lithuania. Project presentation \u201cThe Storytelling Network of Kronoberg \u2013 The Land of Legends\u201d is a project aiming to create a Nordic-Baltic Storytelling Network. Project..... Read More","og_url":"https:\/\/dev.pavb.lt\/en\/international-projects\/the-storytelling-network-of-kronoberg-the-land-of-legends\/","og_site_name":"Panevezys County Gabriele Petkevicaite-Bite Public Library","article_modified_time":"2022-01-25T09:17:08+00:00","og_image":[{"width":422,"height":116,"url":"https:\/\/dev.pavb.lt\/wp-content\/uploads\/2021\/06\/Nordik-kultur-point.png","type":"image\/png"}],"twitter_card":"summary_large_image","schema":{"@context":"https:\/\/schema.org","@graph":[{"@type":"WebPage","@id":"https:\/\/dev.pavb.lt\/en\/international-projects\/the-storytelling-network-of-kronoberg-the-land-of-legends\/","url":"https:\/\/dev.pavb.lt\/en\/international-projects\/the-storytelling-network-of-kronoberg-the-land-of-legends\/","name":"The Storytelling Network of Kronoberg \u2013 The Land of Legends - Panevezys County Gabriele Petkevicaite-Bite Public Library","isPartOf":{"@id":"https:\/\/dev.pavb.lt\/en\/#website"},"primaryImageOfPage":{"@id":"https:\/\/dev.pavb.lt\/en\/international-projects\/the-storytelling-network-of-kronoberg-the-land-of-legends\/#primaryimage"},"image":{"@id":"https:\/\/dev.pavb.lt\/en\/international-projects\/the-storytelling-network-of-kronoberg-the-land-of-legends\/#primaryimage"},"thumbnailUrl":"https:\/\/dev.pavb.lt\/wp-content\/uploads\/2021\/06\/Nordik-kultur-point-300x82.png","datePublished":"2020-03-05T14:37:29+00:00","dateModified":"2022-01-25T09:17:08+00:00","breadcrumb":{"@id":"https:\/\/dev.pavb.lt\/en\/international-projects\/the-storytelling-network-of-kronoberg-the-land-of-legends\/#breadcrumb"},"inLanguage":"en-US","potentialAction":[{"@type":"ReadAction","target":["https:\/\/dev.pavb.lt\/en\/international-projects\/the-storytelling-network-of-kronoberg-the-land-of-legends\/"]}]},{"@type":"ImageObject","inLanguage":"en-US","@id":"https:\/\/dev.pavb.lt\/en\/international-projects\/the-storytelling-network-of-kronoberg-the-land-of-legends\/#primaryimage","url":"https:\/\/dev.pavb.lt\/wp-content\/uploads\/2021\/06\/Nordik-kultur-point-300x82.png","contentUrl":"https:\/\/dev.pavb.lt\/wp-content\/uploads\/2021\/06\/Nordik-kultur-point-300x82.png"},{"@type":"BreadcrumbList","@id":"https:\/\/dev.pavb.lt\/en\/international-projects\/the-storytelling-network-of-kronoberg-the-land-of-legends\/#breadcrumb","itemListElement":[{"@type":"ListItem","position":1,"name":"Home","item":"https:\/\/dev.pavb.lt\/en\/"},{"@type":"ListItem","position":2,"name":"International projects","item":"https:\/\/dev.pavb.lt\/en\/international-projects\/"},{"@type":"ListItem","position":3,"name":"The Storytelling Network of Kronoberg \u2013 The Land of Legends"}]},{"@type":"WebSite","@id":"https:\/\/dev.pavb.lt\/en\/#website","url":"https:\/\/dev.pavb.lt\/en\/","name":"Panevezys County Gabriele Petkevicaite-Bite Public Library","description":"Here is your Library!","publisher":{"@id":"https:\/\/dev.pavb.lt\/en\/#organization"},"potentialAction":[{"@type":"SearchAction","target":{"@type":"EntryPoint","urlTemplate":"https:\/\/dev.pavb.lt\/en\/?s={search_term_string}"},"query-input":{"@type":"PropertyValueSpecification","valueRequired":true,"valueName":"search_term_string"}}],"inLanguage":"en-US"},{"@type":"Organization","@id":"https:\/\/dev.pavb.lt\/en\/#organization","name":"Panev\u0117\u017eio apskrities Gabriel\u0117s Petkevi\u010dait\u0117s-Bit\u0117s vie\u0161oji biblioteka","url":"https:\/\/dev.pavb.lt\/en\/","logo":{"@type":"ImageObject","inLanguage":"en-US","@id":"https:\/\/dev.pavb.lt\/en\/#\/schema\/logo\/image\/","url":"https:\/\/dev.pavb.lt\/wp-content\/uploads\/2017\/11\/pavb-logo.png","contentUrl":"https:\/\/dev.pavb.lt\/wp-content\/uploads\/2017\/11\/pavb-logo.png","width":512,"height":512,"caption":"Panev\u0117\u017eio apskrities Gabriel\u0117s Petkevi\u010dait\u0117s-Bit\u0117s vie\u0161oji biblioteka"},"image":{"@id":"https:\/\/dev.pavb.lt\/en\/#\/schema\/logo\/image\/"}}]}},"_links":{"self":[{"href":"https:\/\/dev.pavb.lt\/en\/wp-json\/wp\/v2\/pages\/49476","targetHints":{"allow":["GET"]}}],"collection":[{"href":"https:\/\/dev.pavb.lt\/en\/wp-json\/wp\/v2\/pages"}],"about":[{"href":"https:\/\/dev.pavb.lt\/en\/wp-json\/wp\/v2\/types\/page"}],"author":[{"embeddable":true,"href":"https:\/\/dev.pavb.lt\/en\/wp-json\/wp\/v2\/users\/1"}],"replies":[{"embeddable":true,"href":"https:\/\/dev.pavb.lt\/en\/wp-json\/wp\/v2\/comments?post=49476"}],"version-history":[{"count":0,"href":"https:\/\/dev.pavb.lt\/en\/wp-json\/wp\/v2\/pages\/49476\/revisions"}],"up":[{"embeddable":true,"href":"https:\/\/dev.pavb.lt\/en\/wp-json\/wp\/v2\/pages\/49460"}],"wp:attachment":[{"href":"https:\/\/dev.pavb.lt\/en\/wp-json\/wp\/v2\/media?parent=49476"}],"curies":[{"name":"wp","href":"https:\/\/api.w.org\/{rel}","templated":true}]}}