{"id":49463,"date":"2020-03-05T10:18:00","date_gmt":"2020-03-05T08:18:00","guid":{"rendered":"https:\/\/www.pavb.lt\/?page_id=49463"},"modified":"2022-01-25T11:17:45","modified_gmt":"2022-01-25T09:17:45","slug":"zelda-green-and-sustainable-library-erasmus-project","status":"publish","type":"page","link":"https:\/\/dev.pavb.lt\/en\/international-projects\/zelda-green-and-sustainable-library-erasmus-project\/","title":{"rendered":"ZELDA, Green and Sustainable Library Erasmus+ project"},"content":{"rendered":"\n<p><strong>Project duration: <\/strong>2019\u20132021<\/p>\n\n\n\n<p><strong>Project organiser: <\/strong>Gradska Knji\u017enica Rijeka, Croatia<\/p>\n\n\n\n<p><strong>Project partners:<\/strong><\/p>\n\n\n\n<ul class=\"wp-block-list\"><li>Mestna Knji\u017enica Ljubljana, Slovenia<\/li><li>Panev\u0117\u017eys County Gabriel\u0117 Petkevi\u010dait\u0117-Bit\u0117 Public Library, Lithuania<\/li><\/ul>\n\n\n\n<p><strong>Project presentation<\/strong><\/p>\n\n\n\n<p>ZELDA, Green and Sustainable Library, an Erasmus + project is a project of the City Library of Rijeka. The main goal of the project is to adopt the good practice of European public libraries in creating sustainable environment for a \u201cgreen\u201d library. Rijeka City Library is one of the main cultural institutions in Rijeka, which from 2018 to 2022 is part of the major transformation processes affecting not only the history of the library itself but also that of Rijeka as a whole.<\/p>\n\n\n\n<p>Rijeka City Library envisions to become a modern, dynamic library, and its staff aims to incorporate good European library practices and new methods into the day-to-day running of their library. In order to create modern services that appeal to their users and become an ecological and sustainable library, Rijeka librarians will visit those European public libraries that create a sustainable environment for the green library and involve their visitors in education that encourages creative use of secondary raw materials. Following the good practice of European public libraries, Rijeka City Library staff will seek to implement these ideas in their library by developing innovative educational programs. Rijeka librarians will also share these ideas with their colleagues in Primorsko-Goranska County and librarians from all over Croatia.<\/p>\n\n\n\n<p>In 2019 a job shadowing visit to Ljubljana City Library in Slovenia is planned, in 2021 \u2013 a virtual job shadowing visit to Panev\u0117\u017eys County Gabriel\u0117 Petkevi\u010dait\u0117-Bit\u0117 Public Library (Lithuania).<\/p>\n\n\n\n<p>The project is funded by<\/p>\n<p><img loading=\"lazy\" decoding=\"async\" class=\"alignnone  wp-image-49465\" src=\"https:\/\/dev.pavb.lt\/wp-content\/uploads\/2022\/01\/image-300x137.png\" alt=\"\" width=\"254\" height=\"116\" srcset=\"https:\/\/dev.pavb.lt\/wp-content\/uploads\/2022\/01\/image-300x137.png 300w, https:\/\/dev.pavb.lt\/wp-content\/uploads\/2022\/01\/image.png 315w\" sizes=\"auto, (max-width: 254px) 100vw, 254px\" \/><\/p>\n\n\n\n<p><a href=\"https:\/\/dev.pavb.lt\/wp-content\/uploads\/2021\/03\/ampeu_logo_wide.png\"><\/a><\/p>\n","protected":false},"excerpt":{"rendered":"<p>Project duration: 2019\u20132021 Project organiser: Gradska Knji\u017enica Rijeka, Croatia Project partners: Mestna Knji\u017enica Ljubljana, Slovenia Panev\u0117\u017eys County Gabriel\u0117 Petkevi\u010dait\u0117-Bit\u0117 Public Library, Lithuania Project presentation ZELDA, Green and Sustainable Library, an Erasmus + project is a project of the City Library of Rijeka. The main goal of the project is to adopt the good practice of&#8230;.. <a class=\"moretag\" href=\"https:\/\/dev.pavb.lt\/en\/international-projects\/zelda-green-and-sustainable-library-erasmus-project\/\">Read More<\/a><\/p>\n","protected":false},"author":1,"featured_media":0,"parent":49460,"menu_order":7,"comment_status":"closed","ping_status":"closed","template":"","meta":{"_acf_changed":false,"footnotes":""},"class_list":["post-49463","page","type-page","status-publish","hentry"],"acf":[],"yoast_head":"<!-- This site is optimized with the Yoast SEO plugin v27.0 - https:\/\/yoast.com\/product\/yoast-seo-wordpress\/ -->\n<title>ZELDA, Green and Sustainable Library Erasmus+ project - Panevezys County Gabriele Petkevicaite-Bite Public Library<\/title>\n<meta name=\"robots\" content=\"index, follow, max-snippet:-1, max-image-preview:large, max-video-preview:-1\" \/>\n<link rel=\"canonical\" href=\"https:\/\/dev.pavb.lt\/en\/international-projects\/zelda-green-and-sustainable-library-erasmus-project\/\" \/>\n<meta property=\"og:locale\" content=\"en_US\" \/>\n<meta property=\"og:type\" content=\"article\" \/>\n<meta property=\"og:title\" content=\"ZELDA, Green and Sustainable Library Erasmus+ project - Panevezys County Gabriele Petkevicaite-Bite Public Library\" \/>\n<meta property=\"og:description\" content=\"Project duration: 2019\u20132021 Project organiser: Gradska Knji\u017enica Rijeka, Croatia Project partners: Mestna Knji\u017enica Ljubljana, Slovenia Panev\u0117\u017eys County Gabriel\u0117 Petkevi\u010dait\u0117-Bit\u0117 Public Library, Lithuania Project presentation ZELDA, Green and Sustainable Library, an Erasmus + project is a project of the City Library of Rijeka. The main goal of the project is to adopt the good practice of..... Read More\" \/>\n<meta property=\"og:url\" content=\"https:\/\/dev.pavb.lt\/en\/international-projects\/zelda-green-and-sustainable-library-erasmus-project\/\" \/>\n<meta property=\"og:site_name\" content=\"Panevezys County Gabriele Petkevicaite-Bite Public Library\" \/>\n<meta property=\"article:modified_time\" content=\"2022-01-25T09:17:45+00:00\" \/>\n<meta property=\"og:image\" content=\"https:\/\/dev.pavb.lt\/wp-content\/uploads\/2022\/01\/image.png\" \/>\n\t<meta property=\"og:image:width\" content=\"315\" \/>\n\t<meta property=\"og:image:height\" content=\"144\" \/>\n\t<meta property=\"og:image:type\" content=\"image\/png\" \/>\n<meta name=\"twitter:card\" content=\"summary_large_image\" \/>\n<script type=\"application\/ld+json\" class=\"yoast-schema-graph\">{\"@context\":\"https:\/\/schema.org\",\"@graph\":[{\"@type\":\"WebPage\",\"@id\":\"https:\/\/dev.pavb.lt\/en\/international-projects\/zelda-green-and-sustainable-library-erasmus-project\/\",\"url\":\"https:\/\/dev.pavb.lt\/en\/international-projects\/zelda-green-and-sustainable-library-erasmus-project\/\",\"name\":\"ZELDA, Green and Sustainable Library Erasmus+ project - Panevezys County Gabriele Petkevicaite-Bite Public Library\",\"isPartOf\":{\"@id\":\"https:\/\/dev.pavb.lt\/en\/#website\"},\"primaryImageOfPage\":{\"@id\":\"https:\/\/dev.pavb.lt\/en\/international-projects\/zelda-green-and-sustainable-library-erasmus-project\/#primaryimage\"},\"image\":{\"@id\":\"https:\/\/dev.pavb.lt\/en\/international-projects\/zelda-green-and-sustainable-library-erasmus-project\/#primaryimage\"},\"thumbnailUrl\":\"https:\/\/dev.pavb.lt\/wp-content\/uploads\/2022\/01\/image-300x137.png\",\"datePublished\":\"2020-03-05T08:18:00+00:00\",\"dateModified\":\"2022-01-25T09:17:45+00:00\",\"breadcrumb\":{\"@id\":\"https:\/\/dev.pavb.lt\/en\/international-projects\/zelda-green-and-sustainable-library-erasmus-project\/#breadcrumb\"},\"inLanguage\":\"en-US\",\"potentialAction\":[{\"@type\":\"ReadAction\",\"target\":[\"https:\/\/dev.pavb.lt\/en\/international-projects\/zelda-green-and-sustainable-library-erasmus-project\/\"]}]},{\"@type\":\"ImageObject\",\"inLanguage\":\"en-US\",\"@id\":\"https:\/\/dev.pavb.lt\/en\/international-projects\/zelda-green-and-sustainable-library-erasmus-project\/#primaryimage\",\"url\":\"https:\/\/dev.pavb.lt\/wp-content\/uploads\/2022\/01\/image-300x137.png\",\"contentUrl\":\"https:\/\/dev.pavb.lt\/wp-content\/uploads\/2022\/01\/image-300x137.png\"},{\"@type\":\"BreadcrumbList\",\"@id\":\"https:\/\/dev.pavb.lt\/en\/international-projects\/zelda-green-and-sustainable-library-erasmus-project\/#breadcrumb\",\"itemListElement\":[{\"@type\":\"ListItem\",\"position\":1,\"name\":\"Home\",\"item\":\"https:\/\/dev.pavb.lt\/en\/\"},{\"@type\":\"ListItem\",\"position\":2,\"name\":\"International projects\",\"item\":\"https:\/\/dev.pavb.lt\/en\/international-projects\/\"},{\"@type\":\"ListItem\",\"position\":3,\"name\":\"ZELDA, Green and Sustainable Library Erasmus+ project\"}]},{\"@type\":\"WebSite\",\"@id\":\"https:\/\/dev.pavb.lt\/en\/#website\",\"url\":\"https:\/\/dev.pavb.lt\/en\/\",\"name\":\"Panevezys County Gabriele Petkevicaite-Bite Public Library\",\"description\":\"Here is your Library!\",\"publisher\":{\"@id\":\"https:\/\/dev.pavb.lt\/en\/#organization\"},\"potentialAction\":[{\"@type\":\"SearchAction\",\"target\":{\"@type\":\"EntryPoint\",\"urlTemplate\":\"https:\/\/dev.pavb.lt\/en\/?s={search_term_string}\"},\"query-input\":{\"@type\":\"PropertyValueSpecification\",\"valueRequired\":true,\"valueName\":\"search_term_string\"}}],\"inLanguage\":\"en-US\"},{\"@type\":\"Organization\",\"@id\":\"https:\/\/dev.pavb.lt\/en\/#organization\",\"name\":\"Panev\u0117\u017eio apskrities Gabriel\u0117s Petkevi\u010dait\u0117s-Bit\u0117s vie\u0161oji biblioteka\",\"url\":\"https:\/\/dev.pavb.lt\/en\/\",\"logo\":{\"@type\":\"ImageObject\",\"inLanguage\":\"en-US\",\"@id\":\"https:\/\/dev.pavb.lt\/en\/#\/schema\/logo\/image\/\",\"url\":\"https:\/\/dev.pavb.lt\/wp-content\/uploads\/2017\/11\/pavb-logo.png\",\"contentUrl\":\"https:\/\/dev.pavb.lt\/wp-content\/uploads\/2017\/11\/pavb-logo.png\",\"width\":512,\"height\":512,\"caption\":\"Panev\u0117\u017eio apskrities Gabriel\u0117s Petkevi\u010dait\u0117s-Bit\u0117s vie\u0161oji biblioteka\"},\"image\":{\"@id\":\"https:\/\/dev.pavb.lt\/en\/#\/schema\/logo\/image\/\"}}]}<\/script>\n<!-- \/ Yoast SEO plugin. -->","yoast_head_json":{"title":"ZELDA, Green and Sustainable Library Erasmus+ project - Panevezys County Gabriele Petkevicaite-Bite Public Library","robots":{"index":"index","follow":"follow","max-snippet":"max-snippet:-1","max-image-preview":"max-image-preview:large","max-video-preview":"max-video-preview:-1"},"canonical":"https:\/\/dev.pavb.lt\/en\/international-projects\/zelda-green-and-sustainable-library-erasmus-project\/","og_locale":"en_US","og_type":"article","og_title":"ZELDA, Green and Sustainable Library Erasmus+ project - Panevezys County Gabriele Petkevicaite-Bite Public Library","og_description":"Project duration: 2019\u20132021 Project organiser: Gradska Knji\u017enica Rijeka, Croatia Project partners: Mestna Knji\u017enica Ljubljana, Slovenia Panev\u0117\u017eys County Gabriel\u0117 Petkevi\u010dait\u0117-Bit\u0117 Public Library, Lithuania Project presentation ZELDA, Green and Sustainable Library, an Erasmus + project is a project of the City Library of Rijeka. The main goal of the project is to adopt the good practice of..... Read More","og_url":"https:\/\/dev.pavb.lt\/en\/international-projects\/zelda-green-and-sustainable-library-erasmus-project\/","og_site_name":"Panevezys County Gabriele Petkevicaite-Bite Public Library","article_modified_time":"2022-01-25T09:17:45+00:00","og_image":[{"width":315,"height":144,"url":"https:\/\/dev.pavb.lt\/wp-content\/uploads\/2022\/01\/image.png","type":"image\/png"}],"twitter_card":"summary_large_image","schema":{"@context":"https:\/\/schema.org","@graph":[{"@type":"WebPage","@id":"https:\/\/dev.pavb.lt\/en\/international-projects\/zelda-green-and-sustainable-library-erasmus-project\/","url":"https:\/\/dev.pavb.lt\/en\/international-projects\/zelda-green-and-sustainable-library-erasmus-project\/","name":"ZELDA, Green and Sustainable Library Erasmus+ project - Panevezys County Gabriele Petkevicaite-Bite Public Library","isPartOf":{"@id":"https:\/\/dev.pavb.lt\/en\/#website"},"primaryImageOfPage":{"@id":"https:\/\/dev.pavb.lt\/en\/international-projects\/zelda-green-and-sustainable-library-erasmus-project\/#primaryimage"},"image":{"@id":"https:\/\/dev.pavb.lt\/en\/international-projects\/zelda-green-and-sustainable-library-erasmus-project\/#primaryimage"},"thumbnailUrl":"https:\/\/dev.pavb.lt\/wp-content\/uploads\/2022\/01\/image-300x137.png","datePublished":"2020-03-05T08:18:00+00:00","dateModified":"2022-01-25T09:17:45+00:00","breadcrumb":{"@id":"https:\/\/dev.pavb.lt\/en\/international-projects\/zelda-green-and-sustainable-library-erasmus-project\/#breadcrumb"},"inLanguage":"en-US","potentialAction":[{"@type":"ReadAction","target":["https:\/\/dev.pavb.lt\/en\/international-projects\/zelda-green-and-sustainable-library-erasmus-project\/"]}]},{"@type":"ImageObject","inLanguage":"en-US","@id":"https:\/\/dev.pavb.lt\/en\/international-projects\/zelda-green-and-sustainable-library-erasmus-project\/#primaryimage","url":"https:\/\/dev.pavb.lt\/wp-content\/uploads\/2022\/01\/image-300x137.png","contentUrl":"https:\/\/dev.pavb.lt\/wp-content\/uploads\/2022\/01\/image-300x137.png"},{"@type":"BreadcrumbList","@id":"https:\/\/dev.pavb.lt\/en\/international-projects\/zelda-green-and-sustainable-library-erasmus-project\/#breadcrumb","itemListElement":[{"@type":"ListItem","position":1,"name":"Home","item":"https:\/\/dev.pavb.lt\/en\/"},{"@type":"ListItem","position":2,"name":"International projects","item":"https:\/\/dev.pavb.lt\/en\/international-projects\/"},{"@type":"ListItem","position":3,"name":"ZELDA, Green and Sustainable Library Erasmus+ project"}]},{"@type":"WebSite","@id":"https:\/\/dev.pavb.lt\/en\/#website","url":"https:\/\/dev.pavb.lt\/en\/","name":"Panevezys County Gabriele Petkevicaite-Bite Public Library","description":"Here is your Library!","publisher":{"@id":"https:\/\/dev.pavb.lt\/en\/#organization"},"potentialAction":[{"@type":"SearchAction","target":{"@type":"EntryPoint","urlTemplate":"https:\/\/dev.pavb.lt\/en\/?s={search_term_string}"},"query-input":{"@type":"PropertyValueSpecification","valueRequired":true,"valueName":"search_term_string"}}],"inLanguage":"en-US"},{"@type":"Organization","@id":"https:\/\/dev.pavb.lt\/en\/#organization","name":"Panev\u0117\u017eio apskrities Gabriel\u0117s Petkevi\u010dait\u0117s-Bit\u0117s vie\u0161oji biblioteka","url":"https:\/\/dev.pavb.lt\/en\/","logo":{"@type":"ImageObject","inLanguage":"en-US","@id":"https:\/\/dev.pavb.lt\/en\/#\/schema\/logo\/image\/","url":"https:\/\/dev.pavb.lt\/wp-content\/uploads\/2017\/11\/pavb-logo.png","contentUrl":"https:\/\/dev.pavb.lt\/wp-content\/uploads\/2017\/11\/pavb-logo.png","width":512,"height":512,"caption":"Panev\u0117\u017eio apskrities Gabriel\u0117s Petkevi\u010dait\u0117s-Bit\u0117s vie\u0161oji biblioteka"},"image":{"@id":"https:\/\/dev.pavb.lt\/en\/#\/schema\/logo\/image\/"}}]}},"_links":{"self":[{"href":"https:\/\/dev.pavb.lt\/en\/wp-json\/wp\/v2\/pages\/49463","targetHints":{"allow":["GET"]}}],"collection":[{"href":"https:\/\/dev.pavb.lt\/en\/wp-json\/wp\/v2\/pages"}],"about":[{"href":"https:\/\/dev.pavb.lt\/en\/wp-json\/wp\/v2\/types\/page"}],"author":[{"embeddable":true,"href":"https:\/\/dev.pavb.lt\/en\/wp-json\/wp\/v2\/users\/1"}],"replies":[{"embeddable":true,"href":"https:\/\/dev.pavb.lt\/en\/wp-json\/wp\/v2\/comments?post=49463"}],"version-history":[{"count":0,"href":"https:\/\/dev.pavb.lt\/en\/wp-json\/wp\/v2\/pages\/49463\/revisions"}],"up":[{"embeddable":true,"href":"https:\/\/dev.pavb.lt\/en\/wp-json\/wp\/v2\/pages\/49460"}],"wp:attachment":[{"href":"https:\/\/dev.pavb.lt\/en\/wp-json\/wp\/v2\/media?parent=49463"}],"curies":[{"name":"wp","href":"https:\/\/api.w.org\/{rel}","templated":true}]}}