{"id":49455,"date":"2020-03-09T18:00:00","date_gmt":"2020-03-09T16:00:00","guid":{"rendered":"https:\/\/www.pavb.lt\/?page_id=49455"},"modified":"2022-01-25T11:16:49","modified_gmt":"2022-01-25T09:16:49","slug":"international-qualifications-for-innovative-library-ideas-3","status":"publish","type":"page","link":"https:\/\/dev.pavb.lt\/en\/international-projects\/international-qualifications-for-innovative-library-ideas-3\/","title":{"rendered":"International Qualifications for Innovative Library Ideas, 3"},"content":{"rendered":"\n<p><strong>Project duration: 2019\u20132021<\/strong><\/p>\n\n\n\n<p><strong>Project presentation<\/strong><\/p>\n\n\n\n<p>The aim of the project is to provide an opportunity for Panev\u0117\u017eys County Gabriel\u0117 Petkevi\u010dait\u0117-Bit\u0117 Public Library staff responsible for organizing and developing educational activities\/ trainings for adults to improve their qualifications in advanced European public libraries or training centers and as a result to offer a wider range of adult education services in their library.<\/p>\n\n\n\n<p><strong>Activities planned during the project<\/strong><\/p>\n\n\n\n<p>In June of 2020 six employees of Panev\u0117\u017eys County Gabriel\u0117 Petkevi\u010dait\u0117-Bit\u0117 Public Library will attend courses at The Village Storytelling Training Center in Scotland. In 2021 four librarians will participate in a job shadowing visit to the Huesca Public Library in Spain. Training and job shadowing visits will provide project participants with the opportunity to deepen their professional skills and gain new theoretical and practical knowledge. It will also give an opportunity to see various live educational trainings and projects, organized by foreign colleagues, as well as help create new training programs for their communities.<\/p>\n\n\n\n<p><strong>Expected result of the project<\/strong><\/p>\n\n\n\n<p>The staff of Panev\u0117\u017eys County Gabriel\u0117 Petkevi\u010dait\u0117-Bit\u0117 Public Library will prepare and implement new educational programs for adults or update existing ones with new methods.<\/p>\n\n\n\n<p>Using the gathered information, new projects for adult education will be initiated and implemented in Panev\u0117\u017eys County Gabriel\u0117 Petkevi\u010dait\u0117-Bit\u0117 Public Library. Innovative ideas will be shared with the specialists of public libraries of Panev\u0117\u017eys region and the professional community of Lithuanian librarians.<\/p>\n\n\n\n<p>Responsible person in Panev\u0117\u017eys County Gabriel\u0117 Petkevi\u010dait\u0117-Bit\u0117 Public Library is<\/p>\n\n\n\n<p>Laima Butk\u016bnien\u0117, project coordinator of the Regional Libraries Strategic Development Department, e-mail: laima.butkuniene@pavb.lt, tel. (8 45) 50 20 38<\/p>\n\n\n\n<p>The project is funded by<\/p>\n<p><img loading=\"lazy\" decoding=\"async\" class=\"alignnone size-full wp-image-49456\" src=\"https:\/\/dev.pavb.lt\/wp-content\/uploads\/2022\/01\/logo-en.png\" alt=\"Education Exchanges Support Foundation logo\" width=\"179\" height=\"74\" \/><\/p>\n","protected":false},"excerpt":{"rendered":"<p>Project duration: 2019\u20132021 Project presentation The aim of the project is to provide an opportunity for Panev\u0117\u017eys County Gabriel\u0117 Petkevi\u010dait\u0117-Bit\u0117 Public Library staff responsible for organizing and developing educational activities\/ trainings for adults to improve their qualifications in advanced European public libraries or training centers and as a result to offer a wider range of&#8230;.. <a class=\"moretag\" href=\"https:\/\/dev.pavb.lt\/en\/international-projects\/international-qualifications-for-innovative-library-ideas-3\/\">Read More<\/a><\/p>\n","protected":false},"author":1,"featured_media":0,"parent":49460,"menu_order":4,"comment_status":"closed","ping_status":"closed","template":"","meta":{"_acf_changed":false,"footnotes":""},"class_list":["post-49455","page","type-page","status-publish","hentry"],"acf":[],"yoast_head":"<!-- This site is optimized with the Yoast SEO plugin v27.0 - https:\/\/yoast.com\/product\/yoast-seo-wordpress\/ -->\n<title>International Qualifications for Innovative Library Ideas, 3 - Panevezys County Gabriele Petkevicaite-Bite Public Library<\/title>\n<meta name=\"robots\" content=\"index, follow, max-snippet:-1, max-image-preview:large, max-video-preview:-1\" \/>\n<link rel=\"canonical\" href=\"https:\/\/dev.pavb.lt\/en\/international-projects\/international-qualifications-for-innovative-library-ideas-3\/\" \/>\n<meta property=\"og:locale\" content=\"en_US\" \/>\n<meta property=\"og:type\" content=\"article\" \/>\n<meta property=\"og:title\" content=\"International Qualifications for Innovative Library Ideas, 3 - Panevezys County Gabriele Petkevicaite-Bite Public Library\" \/>\n<meta property=\"og:description\" content=\"Project duration: 2019\u20132021 Project presentation The aim of the project is to provide an opportunity for Panev\u0117\u017eys County Gabriel\u0117 Petkevi\u010dait\u0117-Bit\u0117 Public Library staff responsible for organizing and developing educational activities\/ trainings for adults to improve their qualifications in advanced European public libraries or training centers and as a result to offer a wider range of..... Read More\" \/>\n<meta property=\"og:url\" content=\"https:\/\/dev.pavb.lt\/en\/international-projects\/international-qualifications-for-innovative-library-ideas-3\/\" \/>\n<meta property=\"og:site_name\" content=\"Panevezys County Gabriele Petkevicaite-Bite Public Library\" \/>\n<meta property=\"article:modified_time\" content=\"2022-01-25T09:16:49+00:00\" \/>\n<meta property=\"og:image\" content=\"https:\/\/dev.pavb.lt\/wp-content\/uploads\/2022\/01\/logo-en.png\" \/>\n\t<meta property=\"og:image:width\" content=\"179\" \/>\n\t<meta property=\"og:image:height\" content=\"74\" \/>\n\t<meta property=\"og:image:type\" content=\"image\/png\" \/>\n<meta name=\"twitter:card\" content=\"summary_large_image\" \/>\n<script type=\"application\/ld+json\" class=\"yoast-schema-graph\">{\"@context\":\"https:\/\/schema.org\",\"@graph\":[{\"@type\":\"WebPage\",\"@id\":\"https:\/\/dev.pavb.lt\/en\/international-projects\/international-qualifications-for-innovative-library-ideas-3\/\",\"url\":\"https:\/\/dev.pavb.lt\/en\/international-projects\/international-qualifications-for-innovative-library-ideas-3\/\",\"name\":\"International Qualifications for Innovative Library Ideas, 3 - Panevezys County Gabriele Petkevicaite-Bite Public Library\",\"isPartOf\":{\"@id\":\"https:\/\/dev.pavb.lt\/en\/#website\"},\"primaryImageOfPage\":{\"@id\":\"https:\/\/dev.pavb.lt\/en\/international-projects\/international-qualifications-for-innovative-library-ideas-3\/#primaryimage\"},\"image\":{\"@id\":\"https:\/\/dev.pavb.lt\/en\/international-projects\/international-qualifications-for-innovative-library-ideas-3\/#primaryimage\"},\"thumbnailUrl\":\"https:\/\/dev.pavb.lt\/wp-content\/uploads\/2022\/01\/logo-en.png\",\"datePublished\":\"2020-03-09T16:00:00+00:00\",\"dateModified\":\"2022-01-25T09:16:49+00:00\",\"breadcrumb\":{\"@id\":\"https:\/\/dev.pavb.lt\/en\/international-projects\/international-qualifications-for-innovative-library-ideas-3\/#breadcrumb\"},\"inLanguage\":\"en-US\",\"potentialAction\":[{\"@type\":\"ReadAction\",\"target\":[\"https:\/\/dev.pavb.lt\/en\/international-projects\/international-qualifications-for-innovative-library-ideas-3\/\"]}]},{\"@type\":\"ImageObject\",\"inLanguage\":\"en-US\",\"@id\":\"https:\/\/dev.pavb.lt\/en\/international-projects\/international-qualifications-for-innovative-library-ideas-3\/#primaryimage\",\"url\":\"https:\/\/dev.pavb.lt\/wp-content\/uploads\/2022\/01\/logo-en.png\",\"contentUrl\":\"https:\/\/dev.pavb.lt\/wp-content\/uploads\/2022\/01\/logo-en.png\"},{\"@type\":\"BreadcrumbList\",\"@id\":\"https:\/\/dev.pavb.lt\/en\/international-projects\/international-qualifications-for-innovative-library-ideas-3\/#breadcrumb\",\"itemListElement\":[{\"@type\":\"ListItem\",\"position\":1,\"name\":\"Home\",\"item\":\"https:\/\/dev.pavb.lt\/en\/\"},{\"@type\":\"ListItem\",\"position\":2,\"name\":\"International projects\",\"item\":\"https:\/\/dev.pavb.lt\/en\/international-projects\/\"},{\"@type\":\"ListItem\",\"position\":3,\"name\":\"International Qualifications for Innovative Library Ideas, 3\"}]},{\"@type\":\"WebSite\",\"@id\":\"https:\/\/dev.pavb.lt\/en\/#website\",\"url\":\"https:\/\/dev.pavb.lt\/en\/\",\"name\":\"Panevezys County Gabriele Petkevicaite-Bite Public Library\",\"description\":\"Here is your Library!\",\"publisher\":{\"@id\":\"https:\/\/dev.pavb.lt\/en\/#organization\"},\"potentialAction\":[{\"@type\":\"SearchAction\",\"target\":{\"@type\":\"EntryPoint\",\"urlTemplate\":\"https:\/\/dev.pavb.lt\/en\/?s={search_term_string}\"},\"query-input\":{\"@type\":\"PropertyValueSpecification\",\"valueRequired\":true,\"valueName\":\"search_term_string\"}}],\"inLanguage\":\"en-US\"},{\"@type\":\"Organization\",\"@id\":\"https:\/\/dev.pavb.lt\/en\/#organization\",\"name\":\"Panev\u0117\u017eio apskrities Gabriel\u0117s Petkevi\u010dait\u0117s-Bit\u0117s vie\u0161oji biblioteka\",\"url\":\"https:\/\/dev.pavb.lt\/en\/\",\"logo\":{\"@type\":\"ImageObject\",\"inLanguage\":\"en-US\",\"@id\":\"https:\/\/dev.pavb.lt\/en\/#\/schema\/logo\/image\/\",\"url\":\"https:\/\/dev.pavb.lt\/wp-content\/uploads\/2017\/11\/pavb-logo.png\",\"contentUrl\":\"https:\/\/dev.pavb.lt\/wp-content\/uploads\/2017\/11\/pavb-logo.png\",\"width\":512,\"height\":512,\"caption\":\"Panev\u0117\u017eio apskrities Gabriel\u0117s Petkevi\u010dait\u0117s-Bit\u0117s vie\u0161oji biblioteka\"},\"image\":{\"@id\":\"https:\/\/dev.pavb.lt\/en\/#\/schema\/logo\/image\/\"}}]}<\/script>\n<!-- \/ Yoast SEO plugin. -->","yoast_head_json":{"title":"International Qualifications for Innovative Library Ideas, 3 - Panevezys County Gabriele Petkevicaite-Bite Public Library","robots":{"index":"index","follow":"follow","max-snippet":"max-snippet:-1","max-image-preview":"max-image-preview:large","max-video-preview":"max-video-preview:-1"},"canonical":"https:\/\/dev.pavb.lt\/en\/international-projects\/international-qualifications-for-innovative-library-ideas-3\/","og_locale":"en_US","og_type":"article","og_title":"International Qualifications for Innovative Library Ideas, 3 - Panevezys County Gabriele Petkevicaite-Bite Public Library","og_description":"Project duration: 2019\u20132021 Project presentation The aim of the project is to provide an opportunity for Panev\u0117\u017eys County Gabriel\u0117 Petkevi\u010dait\u0117-Bit\u0117 Public Library staff responsible for organizing and developing educational activities\/ trainings for adults to improve their qualifications in advanced European public libraries or training centers and as a result to offer a wider range of..... Read More","og_url":"https:\/\/dev.pavb.lt\/en\/international-projects\/international-qualifications-for-innovative-library-ideas-3\/","og_site_name":"Panevezys County Gabriele Petkevicaite-Bite Public Library","article_modified_time":"2022-01-25T09:16:49+00:00","og_image":[{"width":179,"height":74,"url":"https:\/\/dev.pavb.lt\/wp-content\/uploads\/2022\/01\/logo-en.png","type":"image\/png"}],"twitter_card":"summary_large_image","schema":{"@context":"https:\/\/schema.org","@graph":[{"@type":"WebPage","@id":"https:\/\/dev.pavb.lt\/en\/international-projects\/international-qualifications-for-innovative-library-ideas-3\/","url":"https:\/\/dev.pavb.lt\/en\/international-projects\/international-qualifications-for-innovative-library-ideas-3\/","name":"International Qualifications for Innovative Library Ideas, 3 - Panevezys County Gabriele Petkevicaite-Bite Public Library","isPartOf":{"@id":"https:\/\/dev.pavb.lt\/en\/#website"},"primaryImageOfPage":{"@id":"https:\/\/dev.pavb.lt\/en\/international-projects\/international-qualifications-for-innovative-library-ideas-3\/#primaryimage"},"image":{"@id":"https:\/\/dev.pavb.lt\/en\/international-projects\/international-qualifications-for-innovative-library-ideas-3\/#primaryimage"},"thumbnailUrl":"https:\/\/dev.pavb.lt\/wp-content\/uploads\/2022\/01\/logo-en.png","datePublished":"2020-03-09T16:00:00+00:00","dateModified":"2022-01-25T09:16:49+00:00","breadcrumb":{"@id":"https:\/\/dev.pavb.lt\/en\/international-projects\/international-qualifications-for-innovative-library-ideas-3\/#breadcrumb"},"inLanguage":"en-US","potentialAction":[{"@type":"ReadAction","target":["https:\/\/dev.pavb.lt\/en\/international-projects\/international-qualifications-for-innovative-library-ideas-3\/"]}]},{"@type":"ImageObject","inLanguage":"en-US","@id":"https:\/\/dev.pavb.lt\/en\/international-projects\/international-qualifications-for-innovative-library-ideas-3\/#primaryimage","url":"https:\/\/dev.pavb.lt\/wp-content\/uploads\/2022\/01\/logo-en.png","contentUrl":"https:\/\/dev.pavb.lt\/wp-content\/uploads\/2022\/01\/logo-en.png"},{"@type":"BreadcrumbList","@id":"https:\/\/dev.pavb.lt\/en\/international-projects\/international-qualifications-for-innovative-library-ideas-3\/#breadcrumb","itemListElement":[{"@type":"ListItem","position":1,"name":"Home","item":"https:\/\/dev.pavb.lt\/en\/"},{"@type":"ListItem","position":2,"name":"International projects","item":"https:\/\/dev.pavb.lt\/en\/international-projects\/"},{"@type":"ListItem","position":3,"name":"International Qualifications for Innovative Library Ideas, 3"}]},{"@type":"WebSite","@id":"https:\/\/dev.pavb.lt\/en\/#website","url":"https:\/\/dev.pavb.lt\/en\/","name":"Panevezys County Gabriele Petkevicaite-Bite Public Library","description":"Here is your Library!","publisher":{"@id":"https:\/\/dev.pavb.lt\/en\/#organization"},"potentialAction":[{"@type":"SearchAction","target":{"@type":"EntryPoint","urlTemplate":"https:\/\/dev.pavb.lt\/en\/?s={search_term_string}"},"query-input":{"@type":"PropertyValueSpecification","valueRequired":true,"valueName":"search_term_string"}}],"inLanguage":"en-US"},{"@type":"Organization","@id":"https:\/\/dev.pavb.lt\/en\/#organization","name":"Panev\u0117\u017eio apskrities Gabriel\u0117s Petkevi\u010dait\u0117s-Bit\u0117s vie\u0161oji biblioteka","url":"https:\/\/dev.pavb.lt\/en\/","logo":{"@type":"ImageObject","inLanguage":"en-US","@id":"https:\/\/dev.pavb.lt\/en\/#\/schema\/logo\/image\/","url":"https:\/\/dev.pavb.lt\/wp-content\/uploads\/2017\/11\/pavb-logo.png","contentUrl":"https:\/\/dev.pavb.lt\/wp-content\/uploads\/2017\/11\/pavb-logo.png","width":512,"height":512,"caption":"Panev\u0117\u017eio apskrities Gabriel\u0117s Petkevi\u010dait\u0117s-Bit\u0117s vie\u0161oji biblioteka"},"image":{"@id":"https:\/\/dev.pavb.lt\/en\/#\/schema\/logo\/image\/"}}]}},"_links":{"self":[{"href":"https:\/\/dev.pavb.lt\/en\/wp-json\/wp\/v2\/pages\/49455","targetHints":{"allow":["GET"]}}],"collection":[{"href":"https:\/\/dev.pavb.lt\/en\/wp-json\/wp\/v2\/pages"}],"about":[{"href":"https:\/\/dev.pavb.lt\/en\/wp-json\/wp\/v2\/types\/page"}],"author":[{"embeddable":true,"href":"https:\/\/dev.pavb.lt\/en\/wp-json\/wp\/v2\/users\/1"}],"replies":[{"embeddable":true,"href":"https:\/\/dev.pavb.lt\/en\/wp-json\/wp\/v2\/comments?post=49455"}],"version-history":[{"count":0,"href":"https:\/\/dev.pavb.lt\/en\/wp-json\/wp\/v2\/pages\/49455\/revisions"}],"up":[{"embeddable":true,"href":"https:\/\/dev.pavb.lt\/en\/wp-json\/wp\/v2\/pages\/49460"}],"wp:attachment":[{"href":"https:\/\/dev.pavb.lt\/en\/wp-json\/wp\/v2\/media?parent=49455"}],"curies":[{"name":"wp","href":"https:\/\/api.w.org\/{rel}","templated":true}]}}