{"id":49428,"date":"2022-01-25T09:12:01","date_gmt":"2022-01-25T07:12:01","guid":{"rendered":"https:\/\/www.pavb.lt\/?page_id=49428"},"modified":"2022-01-25T09:12:02","modified_gmt":"2022-01-25T07:12:02","slug":"strengthening-families-by-means-of-libraries-cooperation-as-contribution-to-socio-economic-growth-in-ludza-municipality-rokiskis-district-and-jekabpils-city-home","status":"publish","type":"page","link":"https:\/\/dev.pavb.lt\/en\/region\/about-panevezys-region\/international-projects-of-panevezys-region\/strengthening-families-by-means-of-libraries-cooperation-as-contribution-to-socio-economic-growth-in-ludza-municipality-rokiskis-district-and-jekabpils-city-home\/","title":{"rendered":"Strengthening families by means of libraries\u2019 cooperation as contribution to socio-economic growth in Ludza municipality, Roki\u0161kis district and J\u0113kabpils City (HOME)"},"content":{"rendered":"\n<p><strong>Project duration:<\/strong> 2020 07 01 \u2013 2022 06 30<\/p>\n\n\n\n<p><strong>Partners:<\/strong><\/p>\n\n\n\n<ul class=\"wp-block-list\"><li>Ludza Municipality (head of the Project)<\/li><li>J\u0113kabpils library<\/li><li>Roki\u0161kis District Municipal Library<\/li><\/ul>\n\n\n\n<p><strong>Project presentation<\/strong><\/p>\n\n\n\n<p>The objective of the project is to facilitate socio-economic activity of residents of Ludza (Latvia), Roki\u0161kis (Lithuania) and J\u0113kabpils (Latvia) municipalities. The project aims to contribute to the improvement of living conditions in 3 deprived municipalities, which are remote from large development centres, have low birth and high death rates and low level of income. It will be achieved by cooperation between Ludza, Roki\u0161kis and J\u0113kabpils libraries. Libraries offering comfortable and pleasant conditions for families will be a place for socialisation and communication and where people can feel equal.<\/p>\n\n\n\n<p><strong>Activities planned during the project<\/strong><\/p>\n\n\n\n<p>Ludza Town Library, Roki\u0161kis District Municipal Library and J\u0113kabpils City Library will intensify their work with families as small \u201csocieties\u201d in the local society. They will widen the range of age of their visitors and will provide family-friendly conditions in their premises. The libraries will introduce attractive, entertaining and educational Family Time activities, where families can take part and learn something new in various topics. In total, the libraries will organise 114 Family Time activities.<\/p>\n\n\n\n<p>Two big joint family festivals will be organised in Ludza and Roki\u0161kis with participation of local families with children. In order to learn more how to work with different generations librarians will take part in 3 joint seminars and in a educational visit to libraries in Helsinki, Finland.<\/p>\n\n\n\n<p>A gaming platform HOME will be jointly created giving access for anyone to information about Ludza, Roki\u0161kis and J\u0113kabpils in the form of a game.<\/p>\n\n\n\n<p>The libraries will improve their technical equipment: they will purchase laptops, interactive displays, games and toys for children of different age as well as furniture. Ludza and J\u0113kabpils libraries will acquire baby changing stations. Roki\u0161kis library premises will be repaired to ensure more comfortable environment for visitors.<\/p>\n\n\n\n<p><strong>Project results<\/strong><\/p>\n\n\n\n<p>Improved socio-economic situation of resident families of Ludza (Latvia), Roki\u0161kis (Lithuania) and J\u0113kabpils (Latvia) municipalities. More quality time activities and learning opportunities for families in these areas.<\/p>\n\n\n\n<p>Responsable for the project is Rasa Vingelien\u0117, project coordinator, e-mail, rasavingeliene71@gmail.com<\/p>\n\n\n\n<p> The project is funded by European Regional Development Fund (ERDF)<\/p>\n","protected":false},"excerpt":{"rendered":"<p>Project duration: 2020 07 01 \u2013 2022 06 30 Partners: Ludza Municipality (head of the Project) J\u0113kabpils library Roki\u0161kis District Municipal Library Project presentation The objective of the project is to facilitate socio-economic activity of residents of Ludza (Latvia), Roki\u0161kis (Lithuania) and J\u0113kabpils (Latvia) municipalities. The project aims to contribute to the improvement of living&#8230;.. <a class=\"moretag\" href=\"https:\/\/dev.pavb.lt\/en\/region\/about-panevezys-region\/international-projects-of-panevezys-region\/strengthening-families-by-means-of-libraries-cooperation-as-contribution-to-socio-economic-growth-in-ludza-municipality-rokiskis-district-and-jekabpils-city-home\/\">Read More<\/a><\/p>\n","protected":false},"author":1,"featured_media":0,"parent":49430,"menu_order":1,"comment_status":"closed","ping_status":"closed","template":"","meta":{"_acf_changed":false,"footnotes":""},"class_list":["post-49428","page","type-page","status-publish","hentry"],"acf":[],"yoast_head":"<!-- This site is optimized with the Yoast SEO plugin v27.0 - https:\/\/yoast.com\/product\/yoast-seo-wordpress\/ -->\n<title>Strengthening families by means of libraries\u2019 cooperation as contribution to socio-economic growth in Ludza municipality, Roki\u0161kis district and J\u0113kabpils City (HOME) - Panevezys County Gabriele Petkevicaite-Bite Public Library<\/title>\n<meta name=\"robots\" content=\"index, follow, max-snippet:-1, max-image-preview:large, max-video-preview:-1\" \/>\n<link rel=\"canonical\" href=\"https:\/\/dev.pavb.lt\/en\/region\/about-panevezys-region\/international-projects-of-panevezys-region\/strengthening-families-by-means-of-libraries-cooperation-as-contribution-to-socio-economic-growth-in-ludza-municipality-rokiskis-district-and-jekabpils-city-home\/\" \/>\n<meta property=\"og:locale\" content=\"en_US\" \/>\n<meta property=\"og:type\" content=\"article\" \/>\n<meta property=\"og:title\" content=\"Strengthening families by means of libraries\u2019 cooperation as contribution to socio-economic growth in Ludza municipality, Roki\u0161kis district and J\u0113kabpils City (HOME) - Panevezys County Gabriele Petkevicaite-Bite Public Library\" \/>\n<meta property=\"og:description\" content=\"Project duration: 2020 07 01 \u2013 2022 06 30 Partners: Ludza Municipality (head of the Project) J\u0113kabpils library Roki\u0161kis District Municipal Library Project presentation The objective of the project is to facilitate socio-economic activity of residents of Ludza (Latvia), Roki\u0161kis (Lithuania) and J\u0113kabpils (Latvia) municipalities. The project aims to contribute to the improvement of living..... Read More\" \/>\n<meta property=\"og:url\" content=\"https:\/\/dev.pavb.lt\/en\/region\/about-panevezys-region\/international-projects-of-panevezys-region\/strengthening-families-by-means-of-libraries-cooperation-as-contribution-to-socio-economic-growth-in-ludza-municipality-rokiskis-district-and-jekabpils-city-home\/\" \/>\n<meta property=\"og:site_name\" content=\"Panevezys County Gabriele Petkevicaite-Bite Public Library\" \/>\n<meta property=\"article:modified_time\" content=\"2022-01-25T07:12:02+00:00\" \/>\n<meta name=\"twitter:card\" content=\"summary_large_image\" \/>\n<script type=\"application\/ld+json\" class=\"yoast-schema-graph\">{\"@context\":\"https:\/\/schema.org\",\"@graph\":[{\"@type\":\"WebPage\",\"@id\":\"https:\/\/dev.pavb.lt\/en\/region\/about-panevezys-region\/international-projects-of-panevezys-region\/strengthening-families-by-means-of-libraries-cooperation-as-contribution-to-socio-economic-growth-in-ludza-municipality-rokiskis-district-and-jekabpils-city-home\/\",\"url\":\"https:\/\/dev.pavb.lt\/en\/region\/about-panevezys-region\/international-projects-of-panevezys-region\/strengthening-families-by-means-of-libraries-cooperation-as-contribution-to-socio-economic-growth-in-ludza-municipality-rokiskis-district-and-jekabpils-city-home\/\",\"name\":\"Strengthening families by means of libraries\u2019 cooperation as contribution to socio-economic growth in Ludza municipality, Roki\u0161kis district and J\u0113kabpils City (HOME) - Panevezys County Gabriele Petkevicaite-Bite Public Library\",\"isPartOf\":{\"@id\":\"https:\/\/dev.pavb.lt\/en\/#website\"},\"datePublished\":\"2022-01-25T07:12:01+00:00\",\"dateModified\":\"2022-01-25T07:12:02+00:00\",\"breadcrumb\":{\"@id\":\"https:\/\/dev.pavb.lt\/en\/region\/about-panevezys-region\/international-projects-of-panevezys-region\/strengthening-families-by-means-of-libraries-cooperation-as-contribution-to-socio-economic-growth-in-ludza-municipality-rokiskis-district-and-jekabpils-city-home\/#breadcrumb\"},\"inLanguage\":\"en-US\",\"potentialAction\":[{\"@type\":\"ReadAction\",\"target\":[\"https:\/\/dev.pavb.lt\/en\/region\/about-panevezys-region\/international-projects-of-panevezys-region\/strengthening-families-by-means-of-libraries-cooperation-as-contribution-to-socio-economic-growth-in-ludza-municipality-rokiskis-district-and-jekabpils-city-home\/\"]}]},{\"@type\":\"BreadcrumbList\",\"@id\":\"https:\/\/dev.pavb.lt\/en\/region\/about-panevezys-region\/international-projects-of-panevezys-region\/strengthening-families-by-means-of-libraries-cooperation-as-contribution-to-socio-economic-growth-in-ludza-municipality-rokiskis-district-and-jekabpils-city-home\/#breadcrumb\",\"itemListElement\":[{\"@type\":\"ListItem\",\"position\":1,\"name\":\"Home\",\"item\":\"https:\/\/dev.pavb.lt\/en\/\"},{\"@type\":\"ListItem\",\"position\":2,\"name\":\"Region\",\"item\":\"https:\/\/dev.pavb.lt\/en\/region\/\"},{\"@type\":\"ListItem\",\"position\":3,\"name\":\"About Panev\u0117\u017eys region\",\"item\":\"https:\/\/dev.pavb.lt\/en\/region\/about-panevezys-region\/\"},{\"@type\":\"ListItem\",\"position\":4,\"name\":\"International projects of Panev\u0117\u017eys Region\",\"item\":\"https:\/\/dev.pavb.lt\/en\/region\/about-panevezys-region\/international-projects-of-panevezys-region\/\"},{\"@type\":\"ListItem\",\"position\":5,\"name\":\"Strengthening families by means of libraries\u2019 cooperation as contribution to socio-economic growth in Ludza municipality, Roki\u0161kis district and J\u0113kabpils City (HOME)\"}]},{\"@type\":\"WebSite\",\"@id\":\"https:\/\/dev.pavb.lt\/en\/#website\",\"url\":\"https:\/\/dev.pavb.lt\/en\/\",\"name\":\"Panevezys County Gabriele Petkevicaite-Bite Public Library\",\"description\":\"Here is your Library!\",\"publisher\":{\"@id\":\"https:\/\/dev.pavb.lt\/en\/#organization\"},\"potentialAction\":[{\"@type\":\"SearchAction\",\"target\":{\"@type\":\"EntryPoint\",\"urlTemplate\":\"https:\/\/dev.pavb.lt\/en\/?s={search_term_string}\"},\"query-input\":{\"@type\":\"PropertyValueSpecification\",\"valueRequired\":true,\"valueName\":\"search_term_string\"}}],\"inLanguage\":\"en-US\"},{\"@type\":\"Organization\",\"@id\":\"https:\/\/dev.pavb.lt\/en\/#organization\",\"name\":\"Panev\u0117\u017eio apskrities Gabriel\u0117s Petkevi\u010dait\u0117s-Bit\u0117s vie\u0161oji biblioteka\",\"url\":\"https:\/\/dev.pavb.lt\/en\/\",\"logo\":{\"@type\":\"ImageObject\",\"inLanguage\":\"en-US\",\"@id\":\"https:\/\/dev.pavb.lt\/en\/#\/schema\/logo\/image\/\",\"url\":\"https:\/\/dev.pavb.lt\/wp-content\/uploads\/2017\/11\/pavb-logo.png\",\"contentUrl\":\"https:\/\/dev.pavb.lt\/wp-content\/uploads\/2017\/11\/pavb-logo.png\",\"width\":512,\"height\":512,\"caption\":\"Panev\u0117\u017eio apskrities Gabriel\u0117s Petkevi\u010dait\u0117s-Bit\u0117s vie\u0161oji biblioteka\"},\"image\":{\"@id\":\"https:\/\/dev.pavb.lt\/en\/#\/schema\/logo\/image\/\"}}]}<\/script>\n<!-- \/ Yoast SEO plugin. -->","yoast_head_json":{"title":"Strengthening families by means of libraries\u2019 cooperation as contribution to socio-economic growth in Ludza municipality, Roki\u0161kis district and J\u0113kabpils City (HOME) - Panevezys County Gabriele Petkevicaite-Bite Public Library","robots":{"index":"index","follow":"follow","max-snippet":"max-snippet:-1","max-image-preview":"max-image-preview:large","max-video-preview":"max-video-preview:-1"},"canonical":"https:\/\/dev.pavb.lt\/en\/region\/about-panevezys-region\/international-projects-of-panevezys-region\/strengthening-families-by-means-of-libraries-cooperation-as-contribution-to-socio-economic-growth-in-ludza-municipality-rokiskis-district-and-jekabpils-city-home\/","og_locale":"en_US","og_type":"article","og_title":"Strengthening families by means of libraries\u2019 cooperation as contribution to socio-economic growth in Ludza municipality, Roki\u0161kis district and J\u0113kabpils City (HOME) - Panevezys County Gabriele Petkevicaite-Bite Public Library","og_description":"Project duration: 2020 07 01 \u2013 2022 06 30 Partners: Ludza Municipality (head of the Project) J\u0113kabpils library Roki\u0161kis District Municipal Library Project presentation The objective of the project is to facilitate socio-economic activity of residents of Ludza (Latvia), Roki\u0161kis (Lithuania) and J\u0113kabpils (Latvia) municipalities. The project aims to contribute to the improvement of living..... Read More","og_url":"https:\/\/dev.pavb.lt\/en\/region\/about-panevezys-region\/international-projects-of-panevezys-region\/strengthening-families-by-means-of-libraries-cooperation-as-contribution-to-socio-economic-growth-in-ludza-municipality-rokiskis-district-and-jekabpils-city-home\/","og_site_name":"Panevezys County Gabriele Petkevicaite-Bite Public Library","article_modified_time":"2022-01-25T07:12:02+00:00","twitter_card":"summary_large_image","schema":{"@context":"https:\/\/schema.org","@graph":[{"@type":"WebPage","@id":"https:\/\/dev.pavb.lt\/en\/region\/about-panevezys-region\/international-projects-of-panevezys-region\/strengthening-families-by-means-of-libraries-cooperation-as-contribution-to-socio-economic-growth-in-ludza-municipality-rokiskis-district-and-jekabpils-city-home\/","url":"https:\/\/dev.pavb.lt\/en\/region\/about-panevezys-region\/international-projects-of-panevezys-region\/strengthening-families-by-means-of-libraries-cooperation-as-contribution-to-socio-economic-growth-in-ludza-municipality-rokiskis-district-and-jekabpils-city-home\/","name":"Strengthening families by means of libraries\u2019 cooperation as contribution to socio-economic growth in Ludza municipality, Roki\u0161kis district and J\u0113kabpils City (HOME) - Panevezys County Gabriele Petkevicaite-Bite Public Library","isPartOf":{"@id":"https:\/\/dev.pavb.lt\/en\/#website"},"datePublished":"2022-01-25T07:12:01+00:00","dateModified":"2022-01-25T07:12:02+00:00","breadcrumb":{"@id":"https:\/\/dev.pavb.lt\/en\/region\/about-panevezys-region\/international-projects-of-panevezys-region\/strengthening-families-by-means-of-libraries-cooperation-as-contribution-to-socio-economic-growth-in-ludza-municipality-rokiskis-district-and-jekabpils-city-home\/#breadcrumb"},"inLanguage":"en-US","potentialAction":[{"@type":"ReadAction","target":["https:\/\/dev.pavb.lt\/en\/region\/about-panevezys-region\/international-projects-of-panevezys-region\/strengthening-families-by-means-of-libraries-cooperation-as-contribution-to-socio-economic-growth-in-ludza-municipality-rokiskis-district-and-jekabpils-city-home\/"]}]},{"@type":"BreadcrumbList","@id":"https:\/\/dev.pavb.lt\/en\/region\/about-panevezys-region\/international-projects-of-panevezys-region\/strengthening-families-by-means-of-libraries-cooperation-as-contribution-to-socio-economic-growth-in-ludza-municipality-rokiskis-district-and-jekabpils-city-home\/#breadcrumb","itemListElement":[{"@type":"ListItem","position":1,"name":"Home","item":"https:\/\/dev.pavb.lt\/en\/"},{"@type":"ListItem","position":2,"name":"Region","item":"https:\/\/dev.pavb.lt\/en\/region\/"},{"@type":"ListItem","position":3,"name":"About Panev\u0117\u017eys region","item":"https:\/\/dev.pavb.lt\/en\/region\/about-panevezys-region\/"},{"@type":"ListItem","position":4,"name":"International projects of Panev\u0117\u017eys Region","item":"https:\/\/dev.pavb.lt\/en\/region\/about-panevezys-region\/international-projects-of-panevezys-region\/"},{"@type":"ListItem","position":5,"name":"Strengthening families by means of libraries\u2019 cooperation as contribution to socio-economic growth in Ludza municipality, Roki\u0161kis district and J\u0113kabpils City (HOME)"}]},{"@type":"WebSite","@id":"https:\/\/dev.pavb.lt\/en\/#website","url":"https:\/\/dev.pavb.lt\/en\/","name":"Panevezys County Gabriele Petkevicaite-Bite Public Library","description":"Here is your Library!","publisher":{"@id":"https:\/\/dev.pavb.lt\/en\/#organization"},"potentialAction":[{"@type":"SearchAction","target":{"@type":"EntryPoint","urlTemplate":"https:\/\/dev.pavb.lt\/en\/?s={search_term_string}"},"query-input":{"@type":"PropertyValueSpecification","valueRequired":true,"valueName":"search_term_string"}}],"inLanguage":"en-US"},{"@type":"Organization","@id":"https:\/\/dev.pavb.lt\/en\/#organization","name":"Panev\u0117\u017eio apskrities Gabriel\u0117s Petkevi\u010dait\u0117s-Bit\u0117s vie\u0161oji biblioteka","url":"https:\/\/dev.pavb.lt\/en\/","logo":{"@type":"ImageObject","inLanguage":"en-US","@id":"https:\/\/dev.pavb.lt\/en\/#\/schema\/logo\/image\/","url":"https:\/\/dev.pavb.lt\/wp-content\/uploads\/2017\/11\/pavb-logo.png","contentUrl":"https:\/\/dev.pavb.lt\/wp-content\/uploads\/2017\/11\/pavb-logo.png","width":512,"height":512,"caption":"Panev\u0117\u017eio apskrities Gabriel\u0117s Petkevi\u010dait\u0117s-Bit\u0117s vie\u0161oji biblioteka"},"image":{"@id":"https:\/\/dev.pavb.lt\/en\/#\/schema\/logo\/image\/"}}]}},"_links":{"self":[{"href":"https:\/\/dev.pavb.lt\/en\/wp-json\/wp\/v2\/pages\/49428","targetHints":{"allow":["GET"]}}],"collection":[{"href":"https:\/\/dev.pavb.lt\/en\/wp-json\/wp\/v2\/pages"}],"about":[{"href":"https:\/\/dev.pavb.lt\/en\/wp-json\/wp\/v2\/types\/page"}],"author":[{"embeddable":true,"href":"https:\/\/dev.pavb.lt\/en\/wp-json\/wp\/v2\/users\/1"}],"replies":[{"embeddable":true,"href":"https:\/\/dev.pavb.lt\/en\/wp-json\/wp\/v2\/comments?post=49428"}],"version-history":[{"count":0,"href":"https:\/\/dev.pavb.lt\/en\/wp-json\/wp\/v2\/pages\/49428\/revisions"}],"up":[{"embeddable":true,"href":"https:\/\/dev.pavb.lt\/en\/wp-json\/wp\/v2\/pages\/49430"}],"wp:attachment":[{"href":"https:\/\/dev.pavb.lt\/en\/wp-json\/wp\/v2\/media?parent=49428"}],"curies":[{"name":"wp","href":"https:\/\/api.w.org\/{rel}","templated":true}]}}