{"id":49426,"date":"2022-01-25T08:50:23","date_gmt":"2022-01-25T06:50:23","guid":{"rendered":"https:\/\/www.pavb.lt\/?page_id=49426"},"modified":"2022-01-25T09:12:48","modified_gmt":"2022-01-25T07:12:48","slug":"international-writers-residency-program-writingmoletai","status":"publish","type":"page","link":"https:\/\/dev.pavb.lt\/en\/region\/about-panevezys-region\/international-projects-of-panevezys-region\/international-writers-residency-program-writingmoletai\/","title":{"rendered":"International writer&#8217;s residency program Writing@Moletai"},"content":{"rendered":"\n<p><strong>Project duration: 2021 03 01 \u2013 2021 11 30<\/strong><\/p>\n\n\n\n<p><strong>Project partner: <\/strong>Panev\u0117\u017eys County Gabriel\u0117 Petkevi\u010dait\u0117-Bit\u0117 Public Library<\/p>\n\n\n\n<p><strong>Project presentation<\/strong><\/p>\n\n\n\n<p>The international writers&#8217; residency program &#8220;Writing@Mol\u0117tai&#8221; enables ten Lithuanian and foreign writers to live and work in Mol\u0117tai region for 3-4 weeks, get acquainted with the local cultural life, cooperate with other authors, the local art community and readers. Meetings with the authors are open and free of charge, they will be broadcasted on the Internet, texts will be published on the Mol\u0117tai Library website, in the literary press and as an e-book.<\/p>\n\n\n\n<p><strong>Activities planned during the project<\/strong><\/p>\n\n\n\n<p>Ten writers will be living and working in Mol\u0117tai region for a month. The texts will be pushed in various outlets. Meetings with the authors will be organized and broadcasted.<\/p>\n\n\n\n<p><strong>Project result<\/strong><\/p>\n\n\n\n<p>This project will result in cultural exchange between the visiting authors and the local community of Mol\u0117tai, and a body of published literary work created during this program.<\/p>\n\n\n\n<p>Responsible for the project: Aust\u0117ja Jasaitien\u0117, Chief librarian of the Innovation and maintenance department, e-mail <a href=\"mailto:austeja.biblioteka@gmail.com\">austeja.biblioteka@gmail.com<\/a><\/p>\n\n\n\n<p>Partially funded by Lithuanian Council for Culture<\/p>\n","protected":false},"excerpt":{"rendered":"<p>Project duration: 2021 03 01 \u2013 2021 11 30 Project partner: Panev\u0117\u017eys County Gabriel\u0117 Petkevi\u010dait\u0117-Bit\u0117 Public Library Project presentation The international writers&#8217; residency program &#8220;Writing@Mol\u0117tai&#8221; enables ten Lithuanian and foreign writers to live and work in Mol\u0117tai region for 3-4 weeks, get acquainted with the local cultural life, cooperate with other authors, the local art&#8230;.. <a class=\"moretag\" href=\"https:\/\/dev.pavb.lt\/en\/region\/about-panevezys-region\/international-projects-of-panevezys-region\/international-writers-residency-program-writingmoletai\/\">Read More<\/a><\/p>\n","protected":false},"author":1,"featured_media":0,"parent":49430,"menu_order":3,"comment_status":"closed","ping_status":"closed","template":"","meta":{"_acf_changed":false,"footnotes":""},"class_list":["post-49426","page","type-page","status-publish","hentry"],"acf":[],"yoast_head":"<!-- This site is optimized with the Yoast SEO plugin v27.0 - https:\/\/yoast.com\/product\/yoast-seo-wordpress\/ -->\n<title>International writer&#039;s residency program Writing@Moletai - Panevezys County Gabriele Petkevicaite-Bite Public Library<\/title>\n<meta name=\"robots\" content=\"index, follow, max-snippet:-1, max-image-preview:large, max-video-preview:-1\" \/>\n<link rel=\"canonical\" href=\"https:\/\/dev.pavb.lt\/en\/region\/about-panevezys-region\/international-projects-of-panevezys-region\/international-writers-residency-program-writingmoletai\/\" \/>\n<meta property=\"og:locale\" content=\"en_US\" \/>\n<meta property=\"og:type\" content=\"article\" \/>\n<meta property=\"og:title\" content=\"International writer&#039;s residency program Writing@Moletai - Panevezys County Gabriele Petkevicaite-Bite Public Library\" \/>\n<meta property=\"og:description\" content=\"Project duration: 2021 03 01 \u2013 2021 11 30 Project partner: Panev\u0117\u017eys County Gabriel\u0117 Petkevi\u010dait\u0117-Bit\u0117 Public Library Project presentation The international writers&#8217; residency program &#8220;Writing@Mol\u0117tai&#8221; enables ten Lithuanian and foreign writers to live and work in Mol\u0117tai region for 3-4 weeks, get acquainted with the local cultural life, cooperate with other authors, the local art..... Read More\" \/>\n<meta property=\"og:url\" content=\"https:\/\/dev.pavb.lt\/en\/region\/about-panevezys-region\/international-projects-of-panevezys-region\/international-writers-residency-program-writingmoletai\/\" \/>\n<meta property=\"og:site_name\" content=\"Panevezys County Gabriele Petkevicaite-Bite Public Library\" \/>\n<meta property=\"article:modified_time\" content=\"2022-01-25T07:12:48+00:00\" \/>\n<meta name=\"twitter:card\" content=\"summary_large_image\" \/>\n<script type=\"application\/ld+json\" class=\"yoast-schema-graph\">{\"@context\":\"https:\/\/schema.org\",\"@graph\":[{\"@type\":\"WebPage\",\"@id\":\"https:\/\/dev.pavb.lt\/en\/region\/about-panevezys-region\/international-projects-of-panevezys-region\/international-writers-residency-program-writingmoletai\/\",\"url\":\"https:\/\/dev.pavb.lt\/en\/region\/about-panevezys-region\/international-projects-of-panevezys-region\/international-writers-residency-program-writingmoletai\/\",\"name\":\"International writer's residency program Writing@Moletai - Panevezys County Gabriele Petkevicaite-Bite Public Library\",\"isPartOf\":{\"@id\":\"https:\/\/dev.pavb.lt\/en\/#website\"},\"datePublished\":\"2022-01-25T06:50:23+00:00\",\"dateModified\":\"2022-01-25T07:12:48+00:00\",\"breadcrumb\":{\"@id\":\"https:\/\/dev.pavb.lt\/en\/region\/about-panevezys-region\/international-projects-of-panevezys-region\/international-writers-residency-program-writingmoletai\/#breadcrumb\"},\"inLanguage\":\"en-US\",\"potentialAction\":[{\"@type\":\"ReadAction\",\"target\":[\"https:\/\/dev.pavb.lt\/en\/region\/about-panevezys-region\/international-projects-of-panevezys-region\/international-writers-residency-program-writingmoletai\/\"]}]},{\"@type\":\"BreadcrumbList\",\"@id\":\"https:\/\/dev.pavb.lt\/en\/region\/about-panevezys-region\/international-projects-of-panevezys-region\/international-writers-residency-program-writingmoletai\/#breadcrumb\",\"itemListElement\":[{\"@type\":\"ListItem\",\"position\":1,\"name\":\"Home\",\"item\":\"https:\/\/dev.pavb.lt\/en\/\"},{\"@type\":\"ListItem\",\"position\":2,\"name\":\"Region\",\"item\":\"https:\/\/dev.pavb.lt\/en\/region\/\"},{\"@type\":\"ListItem\",\"position\":3,\"name\":\"About Panev\u0117\u017eys region\",\"item\":\"https:\/\/dev.pavb.lt\/en\/region\/about-panevezys-region\/\"},{\"@type\":\"ListItem\",\"position\":4,\"name\":\"International projects of Panev\u0117\u017eys Region\",\"item\":\"https:\/\/dev.pavb.lt\/en\/region\/about-panevezys-region\/international-projects-of-panevezys-region\/\"},{\"@type\":\"ListItem\",\"position\":5,\"name\":\"International writer&#8217;s residency program Writing@Moletai\"}]},{\"@type\":\"WebSite\",\"@id\":\"https:\/\/dev.pavb.lt\/en\/#website\",\"url\":\"https:\/\/dev.pavb.lt\/en\/\",\"name\":\"Panevezys County Gabriele Petkevicaite-Bite Public Library\",\"description\":\"Here is your Library!\",\"publisher\":{\"@id\":\"https:\/\/dev.pavb.lt\/en\/#organization\"},\"potentialAction\":[{\"@type\":\"SearchAction\",\"target\":{\"@type\":\"EntryPoint\",\"urlTemplate\":\"https:\/\/dev.pavb.lt\/en\/?s={search_term_string}\"},\"query-input\":{\"@type\":\"PropertyValueSpecification\",\"valueRequired\":true,\"valueName\":\"search_term_string\"}}],\"inLanguage\":\"en-US\"},{\"@type\":\"Organization\",\"@id\":\"https:\/\/dev.pavb.lt\/en\/#organization\",\"name\":\"Panev\u0117\u017eio apskrities Gabriel\u0117s Petkevi\u010dait\u0117s-Bit\u0117s vie\u0161oji biblioteka\",\"url\":\"https:\/\/dev.pavb.lt\/en\/\",\"logo\":{\"@type\":\"ImageObject\",\"inLanguage\":\"en-US\",\"@id\":\"https:\/\/dev.pavb.lt\/en\/#\/schema\/logo\/image\/\",\"url\":\"https:\/\/dev.pavb.lt\/wp-content\/uploads\/2017\/11\/pavb-logo.png\",\"contentUrl\":\"https:\/\/dev.pavb.lt\/wp-content\/uploads\/2017\/11\/pavb-logo.png\",\"width\":512,\"height\":512,\"caption\":\"Panev\u0117\u017eio apskrities Gabriel\u0117s Petkevi\u010dait\u0117s-Bit\u0117s vie\u0161oji biblioteka\"},\"image\":{\"@id\":\"https:\/\/dev.pavb.lt\/en\/#\/schema\/logo\/image\/\"}}]}<\/script>\n<!-- \/ Yoast SEO plugin. -->","yoast_head_json":{"title":"International writer's residency program Writing@Moletai - Panevezys County Gabriele Petkevicaite-Bite Public Library","robots":{"index":"index","follow":"follow","max-snippet":"max-snippet:-1","max-image-preview":"max-image-preview:large","max-video-preview":"max-video-preview:-1"},"canonical":"https:\/\/dev.pavb.lt\/en\/region\/about-panevezys-region\/international-projects-of-panevezys-region\/international-writers-residency-program-writingmoletai\/","og_locale":"en_US","og_type":"article","og_title":"International writer's residency program Writing@Moletai - Panevezys County Gabriele Petkevicaite-Bite Public Library","og_description":"Project duration: 2021 03 01 \u2013 2021 11 30 Project partner: Panev\u0117\u017eys County Gabriel\u0117 Petkevi\u010dait\u0117-Bit\u0117 Public Library Project presentation The international writers&#8217; residency program &#8220;Writing@Mol\u0117tai&#8221; enables ten Lithuanian and foreign writers to live and work in Mol\u0117tai region for 3-4 weeks, get acquainted with the local cultural life, cooperate with other authors, the local art..... Read More","og_url":"https:\/\/dev.pavb.lt\/en\/region\/about-panevezys-region\/international-projects-of-panevezys-region\/international-writers-residency-program-writingmoletai\/","og_site_name":"Panevezys County Gabriele Petkevicaite-Bite Public Library","article_modified_time":"2022-01-25T07:12:48+00:00","twitter_card":"summary_large_image","schema":{"@context":"https:\/\/schema.org","@graph":[{"@type":"WebPage","@id":"https:\/\/dev.pavb.lt\/en\/region\/about-panevezys-region\/international-projects-of-panevezys-region\/international-writers-residency-program-writingmoletai\/","url":"https:\/\/dev.pavb.lt\/en\/region\/about-panevezys-region\/international-projects-of-panevezys-region\/international-writers-residency-program-writingmoletai\/","name":"International writer's residency program Writing@Moletai - Panevezys County Gabriele Petkevicaite-Bite Public Library","isPartOf":{"@id":"https:\/\/dev.pavb.lt\/en\/#website"},"datePublished":"2022-01-25T06:50:23+00:00","dateModified":"2022-01-25T07:12:48+00:00","breadcrumb":{"@id":"https:\/\/dev.pavb.lt\/en\/region\/about-panevezys-region\/international-projects-of-panevezys-region\/international-writers-residency-program-writingmoletai\/#breadcrumb"},"inLanguage":"en-US","potentialAction":[{"@type":"ReadAction","target":["https:\/\/dev.pavb.lt\/en\/region\/about-panevezys-region\/international-projects-of-panevezys-region\/international-writers-residency-program-writingmoletai\/"]}]},{"@type":"BreadcrumbList","@id":"https:\/\/dev.pavb.lt\/en\/region\/about-panevezys-region\/international-projects-of-panevezys-region\/international-writers-residency-program-writingmoletai\/#breadcrumb","itemListElement":[{"@type":"ListItem","position":1,"name":"Home","item":"https:\/\/dev.pavb.lt\/en\/"},{"@type":"ListItem","position":2,"name":"Region","item":"https:\/\/dev.pavb.lt\/en\/region\/"},{"@type":"ListItem","position":3,"name":"About Panev\u0117\u017eys region","item":"https:\/\/dev.pavb.lt\/en\/region\/about-panevezys-region\/"},{"@type":"ListItem","position":4,"name":"International projects of Panev\u0117\u017eys Region","item":"https:\/\/dev.pavb.lt\/en\/region\/about-panevezys-region\/international-projects-of-panevezys-region\/"},{"@type":"ListItem","position":5,"name":"International writer&#8217;s residency program Writing@Moletai"}]},{"@type":"WebSite","@id":"https:\/\/dev.pavb.lt\/en\/#website","url":"https:\/\/dev.pavb.lt\/en\/","name":"Panevezys County Gabriele Petkevicaite-Bite Public Library","description":"Here is your Library!","publisher":{"@id":"https:\/\/dev.pavb.lt\/en\/#organization"},"potentialAction":[{"@type":"SearchAction","target":{"@type":"EntryPoint","urlTemplate":"https:\/\/dev.pavb.lt\/en\/?s={search_term_string}"},"query-input":{"@type":"PropertyValueSpecification","valueRequired":true,"valueName":"search_term_string"}}],"inLanguage":"en-US"},{"@type":"Organization","@id":"https:\/\/dev.pavb.lt\/en\/#organization","name":"Panev\u0117\u017eio apskrities Gabriel\u0117s Petkevi\u010dait\u0117s-Bit\u0117s vie\u0161oji biblioteka","url":"https:\/\/dev.pavb.lt\/en\/","logo":{"@type":"ImageObject","inLanguage":"en-US","@id":"https:\/\/dev.pavb.lt\/en\/#\/schema\/logo\/image\/","url":"https:\/\/dev.pavb.lt\/wp-content\/uploads\/2017\/11\/pavb-logo.png","contentUrl":"https:\/\/dev.pavb.lt\/wp-content\/uploads\/2017\/11\/pavb-logo.png","width":512,"height":512,"caption":"Panev\u0117\u017eio apskrities Gabriel\u0117s Petkevi\u010dait\u0117s-Bit\u0117s vie\u0161oji biblioteka"},"image":{"@id":"https:\/\/dev.pavb.lt\/en\/#\/schema\/logo\/image\/"}}]}},"_links":{"self":[{"href":"https:\/\/dev.pavb.lt\/en\/wp-json\/wp\/v2\/pages\/49426","targetHints":{"allow":["GET"]}}],"collection":[{"href":"https:\/\/dev.pavb.lt\/en\/wp-json\/wp\/v2\/pages"}],"about":[{"href":"https:\/\/dev.pavb.lt\/en\/wp-json\/wp\/v2\/types\/page"}],"author":[{"embeddable":true,"href":"https:\/\/dev.pavb.lt\/en\/wp-json\/wp\/v2\/users\/1"}],"replies":[{"embeddable":true,"href":"https:\/\/dev.pavb.lt\/en\/wp-json\/wp\/v2\/comments?post=49426"}],"version-history":[{"count":0,"href":"https:\/\/dev.pavb.lt\/en\/wp-json\/wp\/v2\/pages\/49426\/revisions"}],"up":[{"embeddable":true,"href":"https:\/\/dev.pavb.lt\/en\/wp-json\/wp\/v2\/pages\/49430"}],"wp:attachment":[{"href":"https:\/\/dev.pavb.lt\/en\/wp-json\/wp\/v2\/media?parent=49426"}],"curies":[{"name":"wp","href":"https:\/\/api.w.org\/{rel}","templated":true}]}}