{"id":178568,"date":"2026-01-15T11:23:50","date_gmt":"2026-01-15T09:23:50","guid":{"rendered":"https:\/\/www.pavb.lt\/?page_id=178568"},"modified":"2026-01-15T11:23:54","modified_gmt":"2026-01-15T09:23:54","slug":"community-space","status":"publish","type":"page","link":"https:\/\/dev.pavb.lt\/en\/services\/for-visitors\/spaces\/community-space\/","title":{"rendered":"Community space"},"content":{"rendered":"\n<p>Respublikos St. 14, 3rd floor<\/p>\n\n\n\n<p>Tel. +370 45 46 57 67<\/p>\n\n\n<div class=\"wp-block-image\">\n<figure class=\"alignleft size-medium\"><a href=\"https:\/\/dev.pavb.lt\/en\/?attachment_id=178569\"><img loading=\"lazy\" decoding=\"async\" width=\"300\" height=\"200\" src=\"https:\/\/dev.pavb.lt\/wp-content\/uploads\/2026\/01\/Bendruomeniu-erdve-300x200.jpg\" alt=\"\" class=\"wp-image-178569\" srcset=\"https:\/\/dev.pavb.lt\/wp-content\/uploads\/2026\/01\/Bendruomeniu-erdve-300x200.jpg 300w, https:\/\/dev.pavb.lt\/wp-content\/uploads\/2026\/01\/Bendruomeniu-erdve-1024x682.jpg 1024w, https:\/\/dev.pavb.lt\/wp-content\/uploads\/2026\/01\/Bendruomeniu-erdve-768x512.jpg 768w, https:\/\/dev.pavb.lt\/wp-content\/uploads\/2026\/01\/Bendruomeniu-erdve.jpg 1280w\" sizes=\"auto, (max-width: 300px) 100vw, 300px\" \/><\/a><\/figure>\n<\/div>\n\n\n<p>This is a newly established space designed for meetings, events, creative workshops, training sessions, and other activities of communities, non-governmental organizations, and civic initiatives.<\/p>\n\n\n\n<p>It is available during the library\u2019s opening hours.<\/p>\n\n\n\n<p>We invite you to reserve the space in advance by phone +370 45 46 57 67, +370 666 32328, or by email at <a>rezervuokbendruomenei@pavb.lt<\/a><\/p>\n","protected":false},"excerpt":{"rendered":"<p>Respublikos St. 14, 3rd floor Tel. +370 45 46 57 67 This is a newly established space designed for meetings, events, creative workshops, training sessions, and other activities of communities, non-governmental organizations, and civic initiatives. It is available during the library\u2019s opening hours. We invite you to reserve the space in advance by phone +370&#8230;.. <a class=\"moretag\" href=\"https:\/\/dev.pavb.lt\/en\/services\/for-visitors\/spaces\/community-space\/\">Read More<\/a><\/p>\n","protected":false},"author":1,"featured_media":0,"parent":5654,"menu_order":6,"comment_status":"closed","ping_status":"closed","template":"","meta":{"_acf_changed":false,"footnotes":""},"class_list":["post-178568","page","type-page","status-publish","hentry"],"acf":[],"yoast_head":"<!-- This site is optimized with the Yoast SEO plugin v27.0 - https:\/\/yoast.com\/product\/yoast-seo-wordpress\/ -->\n<title>Community space - Panevezys County Gabriele Petkevicaite-Bite Public Library<\/title>\n<meta name=\"robots\" content=\"index, follow, max-snippet:-1, max-image-preview:large, max-video-preview:-1\" \/>\n<link rel=\"canonical\" href=\"https:\/\/dev.pavb.lt\/en\/services\/for-visitors\/spaces\/community-space\/\" \/>\n<meta property=\"og:locale\" content=\"en_US\" \/>\n<meta property=\"og:type\" content=\"article\" \/>\n<meta property=\"og:title\" content=\"Community space - Panevezys County Gabriele Petkevicaite-Bite Public Library\" \/>\n<meta property=\"og:description\" content=\"Respublikos St. 14, 3rd floor Tel. +370 45 46 57 67 This is a newly established space designed for meetings, events, creative workshops, training sessions, and other activities of communities, non-governmental organizations, and civic initiatives. It is available during the library\u2019s opening hours. We invite you to reserve the space in advance by phone +370..... Read More\" \/>\n<meta property=\"og:url\" content=\"https:\/\/dev.pavb.lt\/en\/services\/for-visitors\/spaces\/community-space\/\" \/>\n<meta property=\"og:site_name\" content=\"Panevezys County Gabriele Petkevicaite-Bite Public Library\" \/>\n<meta property=\"article:modified_time\" content=\"2026-01-15T09:23:54+00:00\" \/>\n<meta property=\"og:image\" content=\"https:\/\/dev.pavb.lt\/wp-content\/uploads\/2026\/01\/Bendruomeniu-erdve.jpg\" \/>\n\t<meta property=\"og:image:width\" content=\"1280\" \/>\n\t<meta property=\"og:image:height\" content=\"853\" \/>\n\t<meta property=\"og:image:type\" content=\"image\/jpeg\" \/>\n<meta name=\"twitter:card\" content=\"summary_large_image\" \/>\n<script type=\"application\/ld+json\" class=\"yoast-schema-graph\">{\"@context\":\"https:\/\/schema.org\",\"@graph\":[{\"@type\":\"WebPage\",\"@id\":\"https:\/\/dev.pavb.lt\/en\/services\/for-visitors\/spaces\/community-space\/\",\"url\":\"https:\/\/dev.pavb.lt\/en\/services\/for-visitors\/spaces\/community-space\/\",\"name\":\"Community space - Panevezys County Gabriele Petkevicaite-Bite Public Library\",\"isPartOf\":{\"@id\":\"https:\/\/dev.pavb.lt\/en\/#website\"},\"primaryImageOfPage\":{\"@id\":\"https:\/\/dev.pavb.lt\/en\/services\/for-visitors\/spaces\/community-space\/#primaryimage\"},\"image\":{\"@id\":\"https:\/\/dev.pavb.lt\/en\/services\/for-visitors\/spaces\/community-space\/#primaryimage\"},\"thumbnailUrl\":\"https:\/\/dev.pavb.lt\/wp-content\/uploads\/2026\/01\/Bendruomeniu-erdve-300x200.jpg\",\"datePublished\":\"2026-01-15T09:23:50+00:00\",\"dateModified\":\"2026-01-15T09:23:54+00:00\",\"breadcrumb\":{\"@id\":\"https:\/\/dev.pavb.lt\/en\/services\/for-visitors\/spaces\/community-space\/#breadcrumb\"},\"inLanguage\":\"en-US\",\"potentialAction\":[{\"@type\":\"ReadAction\",\"target\":[\"https:\/\/dev.pavb.lt\/en\/services\/for-visitors\/spaces\/community-space\/\"]}]},{\"@type\":\"ImageObject\",\"inLanguage\":\"en-US\",\"@id\":\"https:\/\/dev.pavb.lt\/en\/services\/for-visitors\/spaces\/community-space\/#primaryimage\",\"url\":\"https:\/\/dev.pavb.lt\/wp-content\/uploads\/2026\/01\/Bendruomeniu-erdve-300x200.jpg\",\"contentUrl\":\"https:\/\/dev.pavb.lt\/wp-content\/uploads\/2026\/01\/Bendruomeniu-erdve-300x200.jpg\"},{\"@type\":\"BreadcrumbList\",\"@id\":\"https:\/\/dev.pavb.lt\/en\/services\/for-visitors\/spaces\/community-space\/#breadcrumb\",\"itemListElement\":[{\"@type\":\"ListItem\",\"position\":1,\"name\":\"Home\",\"item\":\"https:\/\/dev.pavb.lt\/en\/\"},{\"@type\":\"ListItem\",\"position\":2,\"name\":\"Services\",\"item\":\"https:\/\/dev.pavb.lt\/en\/services\/\"},{\"@type\":\"ListItem\",\"position\":3,\"name\":\"For Visitors\",\"item\":\"https:\/\/dev.pavb.lt\/en\/services\/for-visitors\/\"},{\"@type\":\"ListItem\",\"position\":4,\"name\":\"Spaces\",\"item\":\"https:\/\/dev.pavb.lt\/en\/services\/for-visitors\/spaces\/\"},{\"@type\":\"ListItem\",\"position\":5,\"name\":\"Community space\"}]},{\"@type\":\"WebSite\",\"@id\":\"https:\/\/dev.pavb.lt\/en\/#website\",\"url\":\"https:\/\/dev.pavb.lt\/en\/\",\"name\":\"Panevezys County Gabriele Petkevicaite-Bite Public Library\",\"description\":\"Here is your Library!\",\"publisher\":{\"@id\":\"https:\/\/dev.pavb.lt\/en\/#organization\"},\"potentialAction\":[{\"@type\":\"SearchAction\",\"target\":{\"@type\":\"EntryPoint\",\"urlTemplate\":\"https:\/\/dev.pavb.lt\/en\/?s={search_term_string}\"},\"query-input\":{\"@type\":\"PropertyValueSpecification\",\"valueRequired\":true,\"valueName\":\"search_term_string\"}}],\"inLanguage\":\"en-US\"},{\"@type\":\"Organization\",\"@id\":\"https:\/\/dev.pavb.lt\/en\/#organization\",\"name\":\"Panev\u0117\u017eio apskrities Gabriel\u0117s Petkevi\u010dait\u0117s-Bit\u0117s vie\u0161oji biblioteka\",\"url\":\"https:\/\/dev.pavb.lt\/en\/\",\"logo\":{\"@type\":\"ImageObject\",\"inLanguage\":\"en-US\",\"@id\":\"https:\/\/dev.pavb.lt\/en\/#\/schema\/logo\/image\/\",\"url\":\"https:\/\/dev.pavb.lt\/wp-content\/uploads\/2017\/11\/pavb-logo.png\",\"contentUrl\":\"https:\/\/dev.pavb.lt\/wp-content\/uploads\/2017\/11\/pavb-logo.png\",\"width\":512,\"height\":512,\"caption\":\"Panev\u0117\u017eio apskrities Gabriel\u0117s Petkevi\u010dait\u0117s-Bit\u0117s vie\u0161oji biblioteka\"},\"image\":{\"@id\":\"https:\/\/dev.pavb.lt\/en\/#\/schema\/logo\/image\/\"}}]}<\/script>\n<!-- \/ Yoast SEO plugin. -->","yoast_head_json":{"title":"Community space - Panevezys County Gabriele Petkevicaite-Bite Public Library","robots":{"index":"index","follow":"follow","max-snippet":"max-snippet:-1","max-image-preview":"max-image-preview:large","max-video-preview":"max-video-preview:-1"},"canonical":"https:\/\/dev.pavb.lt\/en\/services\/for-visitors\/spaces\/community-space\/","og_locale":"en_US","og_type":"article","og_title":"Community space - Panevezys County Gabriele Petkevicaite-Bite Public Library","og_description":"Respublikos St. 14, 3rd floor Tel. +370 45 46 57 67 This is a newly established space designed for meetings, events, creative workshops, training sessions, and other activities of communities, non-governmental organizations, and civic initiatives. It is available during the library\u2019s opening hours. We invite you to reserve the space in advance by phone +370..... Read More","og_url":"https:\/\/dev.pavb.lt\/en\/services\/for-visitors\/spaces\/community-space\/","og_site_name":"Panevezys County Gabriele Petkevicaite-Bite Public Library","article_modified_time":"2026-01-15T09:23:54+00:00","og_image":[{"width":1280,"height":853,"url":"https:\/\/dev.pavb.lt\/wp-content\/uploads\/2026\/01\/Bendruomeniu-erdve.jpg","type":"image\/jpeg"}],"twitter_card":"summary_large_image","schema":{"@context":"https:\/\/schema.org","@graph":[{"@type":"WebPage","@id":"https:\/\/dev.pavb.lt\/en\/services\/for-visitors\/spaces\/community-space\/","url":"https:\/\/dev.pavb.lt\/en\/services\/for-visitors\/spaces\/community-space\/","name":"Community space - Panevezys County Gabriele Petkevicaite-Bite Public Library","isPartOf":{"@id":"https:\/\/dev.pavb.lt\/en\/#website"},"primaryImageOfPage":{"@id":"https:\/\/dev.pavb.lt\/en\/services\/for-visitors\/spaces\/community-space\/#primaryimage"},"image":{"@id":"https:\/\/dev.pavb.lt\/en\/services\/for-visitors\/spaces\/community-space\/#primaryimage"},"thumbnailUrl":"https:\/\/dev.pavb.lt\/wp-content\/uploads\/2026\/01\/Bendruomeniu-erdve-300x200.jpg","datePublished":"2026-01-15T09:23:50+00:00","dateModified":"2026-01-15T09:23:54+00:00","breadcrumb":{"@id":"https:\/\/dev.pavb.lt\/en\/services\/for-visitors\/spaces\/community-space\/#breadcrumb"},"inLanguage":"en-US","potentialAction":[{"@type":"ReadAction","target":["https:\/\/dev.pavb.lt\/en\/services\/for-visitors\/spaces\/community-space\/"]}]},{"@type":"ImageObject","inLanguage":"en-US","@id":"https:\/\/dev.pavb.lt\/en\/services\/for-visitors\/spaces\/community-space\/#primaryimage","url":"https:\/\/dev.pavb.lt\/wp-content\/uploads\/2026\/01\/Bendruomeniu-erdve-300x200.jpg","contentUrl":"https:\/\/dev.pavb.lt\/wp-content\/uploads\/2026\/01\/Bendruomeniu-erdve-300x200.jpg"},{"@type":"BreadcrumbList","@id":"https:\/\/dev.pavb.lt\/en\/services\/for-visitors\/spaces\/community-space\/#breadcrumb","itemListElement":[{"@type":"ListItem","position":1,"name":"Home","item":"https:\/\/dev.pavb.lt\/en\/"},{"@type":"ListItem","position":2,"name":"Services","item":"https:\/\/dev.pavb.lt\/en\/services\/"},{"@type":"ListItem","position":3,"name":"For Visitors","item":"https:\/\/dev.pavb.lt\/en\/services\/for-visitors\/"},{"@type":"ListItem","position":4,"name":"Spaces","item":"https:\/\/dev.pavb.lt\/en\/services\/for-visitors\/spaces\/"},{"@type":"ListItem","position":5,"name":"Community space"}]},{"@type":"WebSite","@id":"https:\/\/dev.pavb.lt\/en\/#website","url":"https:\/\/dev.pavb.lt\/en\/","name":"Panevezys County Gabriele Petkevicaite-Bite Public Library","description":"Here is your Library!","publisher":{"@id":"https:\/\/dev.pavb.lt\/en\/#organization"},"potentialAction":[{"@type":"SearchAction","target":{"@type":"EntryPoint","urlTemplate":"https:\/\/dev.pavb.lt\/en\/?s={search_term_string}"},"query-input":{"@type":"PropertyValueSpecification","valueRequired":true,"valueName":"search_term_string"}}],"inLanguage":"en-US"},{"@type":"Organization","@id":"https:\/\/dev.pavb.lt\/en\/#organization","name":"Panev\u0117\u017eio apskrities Gabriel\u0117s Petkevi\u010dait\u0117s-Bit\u0117s vie\u0161oji biblioteka","url":"https:\/\/dev.pavb.lt\/en\/","logo":{"@type":"ImageObject","inLanguage":"en-US","@id":"https:\/\/dev.pavb.lt\/en\/#\/schema\/logo\/image\/","url":"https:\/\/dev.pavb.lt\/wp-content\/uploads\/2017\/11\/pavb-logo.png","contentUrl":"https:\/\/dev.pavb.lt\/wp-content\/uploads\/2017\/11\/pavb-logo.png","width":512,"height":512,"caption":"Panev\u0117\u017eio apskrities Gabriel\u0117s Petkevi\u010dait\u0117s-Bit\u0117s vie\u0161oji biblioteka"},"image":{"@id":"https:\/\/dev.pavb.lt\/en\/#\/schema\/logo\/image\/"}}]}},"_links":{"self":[{"href":"https:\/\/dev.pavb.lt\/en\/wp-json\/wp\/v2\/pages\/178568","targetHints":{"allow":["GET"]}}],"collection":[{"href":"https:\/\/dev.pavb.lt\/en\/wp-json\/wp\/v2\/pages"}],"about":[{"href":"https:\/\/dev.pavb.lt\/en\/wp-json\/wp\/v2\/types\/page"}],"author":[{"embeddable":true,"href":"https:\/\/dev.pavb.lt\/en\/wp-json\/wp\/v2\/users\/1"}],"replies":[{"embeddable":true,"href":"https:\/\/dev.pavb.lt\/en\/wp-json\/wp\/v2\/comments?post=178568"}],"version-history":[{"count":1,"href":"https:\/\/dev.pavb.lt\/en\/wp-json\/wp\/v2\/pages\/178568\/revisions"}],"predecessor-version":[{"id":178570,"href":"https:\/\/dev.pavb.lt\/en\/wp-json\/wp\/v2\/pages\/178568\/revisions\/178570"}],"up":[{"embeddable":true,"href":"https:\/\/dev.pavb.lt\/en\/wp-json\/wp\/v2\/pages\/5654"}],"wp:attachment":[{"href":"https:\/\/dev.pavb.lt\/en\/wp-json\/wp\/v2\/media?parent=178568"}],"curies":[{"name":"wp","href":"https:\/\/api.w.org\/{rel}","templated":true}]}}