{"id":1372,"date":"2019-02-07T11:25:14","date_gmt":"2019-02-07T09:25:14","guid":{"rendered":"https:\/\/www.pavb.lt\/?page_id=1372"},"modified":"2020-07-01T15:28:39","modified_gmt":"2020-07-01T12:28:39","slug":"lets-talk","status":"publish","type":"page","link":"https:\/\/dev.pavb.lt\/en\/services\/exhibitions-and-events\/clubs\/lets-talk\/","title":{"rendered":"English conversation club LET&#8217;S TALK"},"content":{"rendered":"\n<p>English language becomes an instrument for communication in the club <strong>LET\u2019S TALK<\/strong>. These sessions are for everyone who despite putting a lot of efforts (courses, reading of textbooks and grammar lectures), still lack the courage in their ability to speak with a foreigner. We also welcome those who love the English language and would like to keep practicing its usage. Various topics for discussions, games and creative tasks give an opportunity to improvise and help to develop self-confidence. You will not only improve your English language skills, but also will spend your time in an interesting and meaningful way. Every new meeting creates an opportunity for a new adventure, topic, and challenge.<\/p>\n\n\n\n<p>Meetings of the club are held every Wednesday at 17:15, in the library&#8217;s <a href=\"\/?page_id=5850\">Arts Reading Room<\/a> or Conference Hall.<\/p>\n\n\n\n<p>For more information please contact&nbsp;<a href=\"mailto:virginija.svediene@pavb.lt\">virginija.svediene@pavb.lt<\/a><\/p>\n","protected":false},"excerpt":{"rendered":"<p>English language becomes an instrument for communication in the club LET\u2019S TALK. These sessions are for everyone who despite putting a lot of efforts (courses, reading of textbooks and grammar lectures), still lack the courage in their ability to speak with a foreigner. We also welcome those who love the English language and would like&#8230;.. <a class=\"moretag\" href=\"https:\/\/dev.pavb.lt\/en\/services\/exhibitions-and-events\/clubs\/lets-talk\/\">Read More<\/a><\/p>\n","protected":false},"author":1,"featured_media":97343,"parent":4164,"menu_order":0,"comment_status":"closed","ping_status":"closed","template":"page-templates\/page_show-children-list-accordion.php","meta":{"_acf_changed":false,"footnotes":""},"class_list":["post-1372","page","type-page","status-publish","has-post-thumbnail","hentry"],"acf":[],"yoast_head":"<!-- This site is optimized with the Yoast SEO plugin v27.0 - https:\/\/yoast.com\/product\/yoast-seo-wordpress\/ -->\n<title>English conversation club LET&#039;S TALK - Panevezys County Gabriele Petkevicaite-Bite Public Library<\/title>\n<meta name=\"robots\" content=\"index, follow, max-snippet:-1, max-image-preview:large, max-video-preview:-1\" \/>\n<link rel=\"canonical\" href=\"https:\/\/dev.pavb.lt\/en\/services\/exhibitions-and-events\/clubs\/lets-talk\/\" \/>\n<meta property=\"og:locale\" content=\"en_US\" \/>\n<meta property=\"og:type\" content=\"article\" \/>\n<meta property=\"og:title\" content=\"English conversation club LET&#039;S TALK - Panevezys County Gabriele Petkevicaite-Bite Public Library\" \/>\n<meta property=\"og:description\" content=\"English language becomes an instrument for communication in the club LET\u2019S TALK. These sessions are for everyone who despite putting a lot of efforts (courses, reading of textbooks and grammar lectures), still lack the courage in their ability to speak with a foreigner. We also welcome those who love the English language and would like..... Read More\" \/>\n<meta property=\"og:url\" content=\"https:\/\/dev.pavb.lt\/en\/services\/exhibitions-and-events\/clubs\/lets-talk\/\" \/>\n<meta property=\"og:site_name\" content=\"Panevezys County Gabriele Petkevicaite-Bite Public Library\" \/>\n<meta property=\"article:modified_time\" content=\"2020-07-01T12:28:39+00:00\" \/>\n<meta property=\"og:image\" content=\"https:\/\/dev.pavb.lt\/wp-content\/uploads\/2025\/01\/BITES-bibliotekos-LETS-TALK-pavb-psl.jpg\" \/>\n\t<meta property=\"og:image:width\" content=\"1280\" \/>\n\t<meta property=\"og:image:height\" content=\"720\" \/>\n\t<meta property=\"og:image:type\" content=\"image\/jpeg\" \/>\n<meta name=\"twitter:card\" content=\"summary_large_image\" \/>\n<script type=\"application\/ld+json\" class=\"yoast-schema-graph\">{\"@context\":\"https:\/\/schema.org\",\"@graph\":[{\"@type\":\"WebPage\",\"@id\":\"https:\/\/dev.pavb.lt\/en\/services\/exhibitions-and-events\/clubs\/lets-talk\/\",\"url\":\"https:\/\/dev.pavb.lt\/en\/services\/exhibitions-and-events\/clubs\/lets-talk\/\",\"name\":\"English conversation club LET'S TALK - Panevezys County Gabriele Petkevicaite-Bite Public Library\",\"isPartOf\":{\"@id\":\"https:\/\/dev.pavb.lt\/en\/#website\"},\"primaryImageOfPage\":{\"@id\":\"https:\/\/dev.pavb.lt\/en\/services\/exhibitions-and-events\/clubs\/lets-talk\/#primaryimage\"},\"image\":{\"@id\":\"https:\/\/dev.pavb.lt\/en\/services\/exhibitions-and-events\/clubs\/lets-talk\/#primaryimage\"},\"thumbnailUrl\":\"https:\/\/dev.pavb.lt\/wp-content\/uploads\/2025\/01\/BITES-bibliotekos-LETS-TALK-pavb-psl.jpg\",\"datePublished\":\"2019-02-07T09:25:14+00:00\",\"dateModified\":\"2020-07-01T12:28:39+00:00\",\"breadcrumb\":{\"@id\":\"https:\/\/dev.pavb.lt\/en\/services\/exhibitions-and-events\/clubs\/lets-talk\/#breadcrumb\"},\"inLanguage\":\"en-US\",\"potentialAction\":[{\"@type\":\"ReadAction\",\"target\":[\"https:\/\/dev.pavb.lt\/en\/services\/exhibitions-and-events\/clubs\/lets-talk\/\"]}]},{\"@type\":\"ImageObject\",\"inLanguage\":\"en-US\",\"@id\":\"https:\/\/dev.pavb.lt\/en\/services\/exhibitions-and-events\/clubs\/lets-talk\/#primaryimage\",\"url\":\"https:\/\/dev.pavb.lt\/wp-content\/uploads\/2025\/01\/BITES-bibliotekos-LETS-TALK-pavb-psl.jpg\",\"contentUrl\":\"https:\/\/dev.pavb.lt\/wp-content\/uploads\/2025\/01\/BITES-bibliotekos-LETS-TALK-pavb-psl.jpg\",\"width\":1280,\"height\":720,\"caption\":\"\u0160e\u0161i spalvoti kvadratai ir klubo pavadinimas\"},{\"@type\":\"BreadcrumbList\",\"@id\":\"https:\/\/dev.pavb.lt\/en\/services\/exhibitions-and-events\/clubs\/lets-talk\/#breadcrumb\",\"itemListElement\":[{\"@type\":\"ListItem\",\"position\":1,\"name\":\"Home\",\"item\":\"https:\/\/dev.pavb.lt\/en\/\"},{\"@type\":\"ListItem\",\"position\":2,\"name\":\"Services\",\"item\":\"https:\/\/dev.pavb.lt\/en\/services\/\"},{\"@type\":\"ListItem\",\"position\":3,\"name\":\"Exhibitions and Events\",\"item\":\"https:\/\/dev.pavb.lt\/en\/services\/exhibitions-and-events\/\"},{\"@type\":\"ListItem\",\"position\":4,\"name\":\"Clubs\",\"item\":\"https:\/\/dev.pavb.lt\/en\/services\/exhibitions-and-events\/clubs\/\"},{\"@type\":\"ListItem\",\"position\":5,\"name\":\"English conversation club LET&#8217;S TALK\"}]},{\"@type\":\"WebSite\",\"@id\":\"https:\/\/dev.pavb.lt\/en\/#website\",\"url\":\"https:\/\/dev.pavb.lt\/en\/\",\"name\":\"Panevezys County Gabriele Petkevicaite-Bite Public Library\",\"description\":\"Here is your Library!\",\"publisher\":{\"@id\":\"https:\/\/dev.pavb.lt\/en\/#organization\"},\"potentialAction\":[{\"@type\":\"SearchAction\",\"target\":{\"@type\":\"EntryPoint\",\"urlTemplate\":\"https:\/\/dev.pavb.lt\/en\/?s={search_term_string}\"},\"query-input\":{\"@type\":\"PropertyValueSpecification\",\"valueRequired\":true,\"valueName\":\"search_term_string\"}}],\"inLanguage\":\"en-US\"},{\"@type\":\"Organization\",\"@id\":\"https:\/\/dev.pavb.lt\/en\/#organization\",\"name\":\"Panev\u0117\u017eio apskrities Gabriel\u0117s Petkevi\u010dait\u0117s-Bit\u0117s vie\u0161oji biblioteka\",\"url\":\"https:\/\/dev.pavb.lt\/en\/\",\"logo\":{\"@type\":\"ImageObject\",\"inLanguage\":\"en-US\",\"@id\":\"https:\/\/dev.pavb.lt\/en\/#\/schema\/logo\/image\/\",\"url\":\"https:\/\/dev.pavb.lt\/wp-content\/uploads\/2017\/11\/pavb-logo.png\",\"contentUrl\":\"https:\/\/dev.pavb.lt\/wp-content\/uploads\/2017\/11\/pavb-logo.png\",\"width\":512,\"height\":512,\"caption\":\"Panev\u0117\u017eio apskrities Gabriel\u0117s Petkevi\u010dait\u0117s-Bit\u0117s vie\u0161oji biblioteka\"},\"image\":{\"@id\":\"https:\/\/dev.pavb.lt\/en\/#\/schema\/logo\/image\/\"}}]}<\/script>\n<!-- \/ Yoast SEO plugin. -->","yoast_head_json":{"title":"English conversation club LET'S TALK - Panevezys County Gabriele Petkevicaite-Bite Public Library","robots":{"index":"index","follow":"follow","max-snippet":"max-snippet:-1","max-image-preview":"max-image-preview:large","max-video-preview":"max-video-preview:-1"},"canonical":"https:\/\/dev.pavb.lt\/en\/services\/exhibitions-and-events\/clubs\/lets-talk\/","og_locale":"en_US","og_type":"article","og_title":"English conversation club LET'S TALK - Panevezys County Gabriele Petkevicaite-Bite Public Library","og_description":"English language becomes an instrument for communication in the club LET\u2019S TALK. These sessions are for everyone who despite putting a lot of efforts (courses, reading of textbooks and grammar lectures), still lack the courage in their ability to speak with a foreigner. We also welcome those who love the English language and would like..... Read More","og_url":"https:\/\/dev.pavb.lt\/en\/services\/exhibitions-and-events\/clubs\/lets-talk\/","og_site_name":"Panevezys County Gabriele Petkevicaite-Bite Public Library","article_modified_time":"2020-07-01T12:28:39+00:00","og_image":[{"width":1280,"height":720,"url":"https:\/\/dev.pavb.lt\/wp-content\/uploads\/2025\/01\/BITES-bibliotekos-LETS-TALK-pavb-psl.jpg","type":"image\/jpeg"}],"twitter_card":"summary_large_image","schema":{"@context":"https:\/\/schema.org","@graph":[{"@type":"WebPage","@id":"https:\/\/dev.pavb.lt\/en\/services\/exhibitions-and-events\/clubs\/lets-talk\/","url":"https:\/\/dev.pavb.lt\/en\/services\/exhibitions-and-events\/clubs\/lets-talk\/","name":"English conversation club LET'S TALK - Panevezys County Gabriele Petkevicaite-Bite Public Library","isPartOf":{"@id":"https:\/\/dev.pavb.lt\/en\/#website"},"primaryImageOfPage":{"@id":"https:\/\/dev.pavb.lt\/en\/services\/exhibitions-and-events\/clubs\/lets-talk\/#primaryimage"},"image":{"@id":"https:\/\/dev.pavb.lt\/en\/services\/exhibitions-and-events\/clubs\/lets-talk\/#primaryimage"},"thumbnailUrl":"https:\/\/dev.pavb.lt\/wp-content\/uploads\/2025\/01\/BITES-bibliotekos-LETS-TALK-pavb-psl.jpg","datePublished":"2019-02-07T09:25:14+00:00","dateModified":"2020-07-01T12:28:39+00:00","breadcrumb":{"@id":"https:\/\/dev.pavb.lt\/en\/services\/exhibitions-and-events\/clubs\/lets-talk\/#breadcrumb"},"inLanguage":"en-US","potentialAction":[{"@type":"ReadAction","target":["https:\/\/dev.pavb.lt\/en\/services\/exhibitions-and-events\/clubs\/lets-talk\/"]}]},{"@type":"ImageObject","inLanguage":"en-US","@id":"https:\/\/dev.pavb.lt\/en\/services\/exhibitions-and-events\/clubs\/lets-talk\/#primaryimage","url":"https:\/\/dev.pavb.lt\/wp-content\/uploads\/2025\/01\/BITES-bibliotekos-LETS-TALK-pavb-psl.jpg","contentUrl":"https:\/\/dev.pavb.lt\/wp-content\/uploads\/2025\/01\/BITES-bibliotekos-LETS-TALK-pavb-psl.jpg","width":1280,"height":720,"caption":"\u0160e\u0161i spalvoti kvadratai ir klubo pavadinimas"},{"@type":"BreadcrumbList","@id":"https:\/\/dev.pavb.lt\/en\/services\/exhibitions-and-events\/clubs\/lets-talk\/#breadcrumb","itemListElement":[{"@type":"ListItem","position":1,"name":"Home","item":"https:\/\/dev.pavb.lt\/en\/"},{"@type":"ListItem","position":2,"name":"Services","item":"https:\/\/dev.pavb.lt\/en\/services\/"},{"@type":"ListItem","position":3,"name":"Exhibitions and Events","item":"https:\/\/dev.pavb.lt\/en\/services\/exhibitions-and-events\/"},{"@type":"ListItem","position":4,"name":"Clubs","item":"https:\/\/dev.pavb.lt\/en\/services\/exhibitions-and-events\/clubs\/"},{"@type":"ListItem","position":5,"name":"English conversation club LET&#8217;S TALK"}]},{"@type":"WebSite","@id":"https:\/\/dev.pavb.lt\/en\/#website","url":"https:\/\/dev.pavb.lt\/en\/","name":"Panevezys County Gabriele Petkevicaite-Bite Public Library","description":"Here is your Library!","publisher":{"@id":"https:\/\/dev.pavb.lt\/en\/#organization"},"potentialAction":[{"@type":"SearchAction","target":{"@type":"EntryPoint","urlTemplate":"https:\/\/dev.pavb.lt\/en\/?s={search_term_string}"},"query-input":{"@type":"PropertyValueSpecification","valueRequired":true,"valueName":"search_term_string"}}],"inLanguage":"en-US"},{"@type":"Organization","@id":"https:\/\/dev.pavb.lt\/en\/#organization","name":"Panev\u0117\u017eio apskrities Gabriel\u0117s Petkevi\u010dait\u0117s-Bit\u0117s vie\u0161oji biblioteka","url":"https:\/\/dev.pavb.lt\/en\/","logo":{"@type":"ImageObject","inLanguage":"en-US","@id":"https:\/\/dev.pavb.lt\/en\/#\/schema\/logo\/image\/","url":"https:\/\/dev.pavb.lt\/wp-content\/uploads\/2017\/11\/pavb-logo.png","contentUrl":"https:\/\/dev.pavb.lt\/wp-content\/uploads\/2017\/11\/pavb-logo.png","width":512,"height":512,"caption":"Panev\u0117\u017eio apskrities Gabriel\u0117s Petkevi\u010dait\u0117s-Bit\u0117s vie\u0161oji biblioteka"},"image":{"@id":"https:\/\/dev.pavb.lt\/en\/#\/schema\/logo\/image\/"}}]}},"_links":{"self":[{"href":"https:\/\/dev.pavb.lt\/en\/wp-json\/wp\/v2\/pages\/1372","targetHints":{"allow":["GET"]}}],"collection":[{"href":"https:\/\/dev.pavb.lt\/en\/wp-json\/wp\/v2\/pages"}],"about":[{"href":"https:\/\/dev.pavb.lt\/en\/wp-json\/wp\/v2\/types\/page"}],"author":[{"embeddable":true,"href":"https:\/\/dev.pavb.lt\/en\/wp-json\/wp\/v2\/users\/1"}],"replies":[{"embeddable":true,"href":"https:\/\/dev.pavb.lt\/en\/wp-json\/wp\/v2\/comments?post=1372"}],"version-history":[{"count":0,"href":"https:\/\/dev.pavb.lt\/en\/wp-json\/wp\/v2\/pages\/1372\/revisions"}],"up":[{"embeddable":true,"href":"https:\/\/dev.pavb.lt\/en\/wp-json\/wp\/v2\/pages\/4164"}],"wp:featuredmedia":[{"embeddable":true,"href":"https:\/\/dev.pavb.lt\/en\/wp-json\/wp\/v2\/media\/97343"}],"wp:attachment":[{"href":"https:\/\/dev.pavb.lt\/en\/wp-json\/wp\/v2\/media?parent=1372"}],"curies":[{"name":"wp","href":"https:\/\/api.w.org\/{rel}","templated":true}]}}