{"id":1252,"date":"2019-02-06T09:26:22","date_gmt":"2019-02-06T07:26:22","guid":{"rendered":"https:\/\/www.pavb.lt\/?page_id=1252"},"modified":"2025-07-03T16:10:17","modified_gmt":"2025-07-03T13:10:17","slug":"library-tour","status":"publish","type":"page","link":"https:\/\/dev.pavb.lt\/en\/services\/exhibitions-and-events\/library-tour\/","title":{"rendered":"Library tour"},"content":{"rendered":"\n<p>You\u00a0are\u00a0welcome\u00a0to learn\u00a0about\u00a0our\u00a0spaces\u00a0<a href=\"https:\/\/dev.pavb.lt\/en\/services\/for-visitors\/spaces\/\" target=\"_blank\" rel=\"noreferrer noopener\"><strong>here<\/strong>.<\/a><\/p>\n\n\n\n<p>If you want to learn more about our library and\nits everyday life, join the Library Tour. You will get to know the library\u2019s\nspaces and rooms as well as see current exhibitions. You will also have a\nchance to find out about our services and immense informational resources:\nbooks, manuscripts, art and music publications. <\/p>\n\n\n\n<div class=\"wp-block-jetpack-tiled-gallery aligncenter is-style-columns\"><div class=\"tiled-gallery__gallery\"><div class=\"tiled-gallery__row\"><div class=\"tiled-gallery__col\" style=\"flex-basis:13.27919%\"><figure class=\"tiled-gallery__item\"><img decoding=\"async\" alt=\"\" data-height=\"1800\" data-id=\"18601\" data-link=\"https:\/\/dev.pavb.lt\/en\/services\/exhibitions-and-events\/library-tour\/erdve4\/\" data-url=\"https:\/\/dev.pavb.lt\/wp-content\/uploads\/2020\/01\/Erdv\u01174.png\" data-width=\"1200\" src=\"https:\/\/i1.wp.com\/www.pavb.lt\/wp-content\/uploads\/2020\/01\/Erdv%C4%974.png?ssl=1\" data-amp-layout=\"responsive\"\/><\/figure><figure class=\"tiled-gallery__item\"><img decoding=\"async\" alt=\"\" data-height=\"800\" data-id=\"18603\" data-link=\"https:\/\/dev.pavb.lt\/en\/services\/exhibitions-and-events\/library-tour\/erdve3\/\" data-url=\"https:\/\/dev.pavb.lt\/wp-content\/uploads\/2020\/01\/Erdv\u01173.png\" data-width=\"1200\" src=\"https:\/\/i1.wp.com\/www.pavb.lt\/wp-content\/uploads\/2020\/01\/Erdv%C4%973.png?ssl=1\" data-amp-layout=\"responsive\"\/><\/figure><\/div><div class=\"tiled-gallery__col\" style=\"flex-basis:43.36041%\"><figure class=\"tiled-gallery__item\"><img decoding=\"async\" alt=\"\" data-height=\"800\" data-id=\"18605\" data-link=\"https:\/\/dev.pavb.lt\/en\/services\/exhibitions-and-events\/library-tour\/erdve2\/\" data-url=\"https:\/\/dev.pavb.lt\/wp-content\/uploads\/2020\/01\/Erdv\u01172.png\" data-width=\"1200\" src=\"https:\/\/i0.wp.com\/www.pavb.lt\/wp-content\/uploads\/2020\/01\/Erdv%C4%972.png?ssl=1\" data-amp-layout=\"responsive\"\/><\/figure><\/div><div class=\"tiled-gallery__col\" style=\"flex-basis:43.36041%\"><figure class=\"tiled-gallery__item\"><img decoding=\"async\" alt=\"\" data-height=\"800\" data-id=\"18607\" data-link=\"https:\/\/dev.pavb.lt\/en\/services\/exhibitions-and-events\/library-tour\/erdve1\/\" data-url=\"https:\/\/dev.pavb.lt\/wp-content\/uploads\/2020\/01\/Erdv\u01171.png\" data-width=\"1200\" src=\"https:\/\/i1.wp.com\/www.pavb.lt\/wp-content\/uploads\/2020\/01\/Erdv%C4%971.png?ssl=1\" data-amp-layout=\"responsive\"\/><\/figure><\/div><\/div><\/div><\/div>\n\n\n\n<p>If you are interested, get in touch and book\nyour tour at least 7 days in advance.<\/p>\n\n\n\n<p>Place: Central Library Building <\/p>\n\n\n\n<p>Duration: 45 min. <\/p>\n\n\n\n<p>Group size: 15\u201325 people. <\/p>\n\n\n\n<p>For more information, contact by phone +370 45 50 20 39 or e-mail <a href=\"mailto:skirmante.karpaviciene@pavb.lt\">ekskursijos@pavb.lt<\/a><\/p>\n","protected":false},"excerpt":{"rendered":"<p>You\u00a0are\u00a0welcome\u00a0to learn\u00a0about\u00a0our\u00a0spaces\u00a0here. If you want to learn more about our library and its everyday life, join the Library Tour. You will get to know the library\u2019s spaces and rooms as well as see current exhibitions. You will also have a chance to find out about our services and immense informational resources: books, manuscripts, art and&#8230;.. <a class=\"moretag\" href=\"https:\/\/dev.pavb.lt\/en\/services\/exhibitions-and-events\/library-tour\/\">Read More<\/a><\/p>\n","protected":false},"author":1,"featured_media":0,"parent":757,"menu_order":2,"comment_status":"closed","ping_status":"closed","template":"","meta":{"_acf_changed":false,"footnotes":""},"class_list":["post-1252","page","type-page","status-publish","hentry"],"acf":[],"yoast_head":"<!-- This site is optimized with the Yoast SEO plugin v27.0 - https:\/\/yoast.com\/product\/yoast-seo-wordpress\/ -->\n<title>Library tour - Panevezys County Gabriele Petkevicaite-Bite Public Library<\/title>\n<meta name=\"robots\" content=\"index, follow, max-snippet:-1, max-image-preview:large, max-video-preview:-1\" \/>\n<link rel=\"canonical\" href=\"https:\/\/dev.pavb.lt\/en\/services\/exhibitions-and-events\/library-tour\/\" \/>\n<meta property=\"og:locale\" content=\"en_US\" \/>\n<meta property=\"og:type\" content=\"article\" \/>\n<meta property=\"og:title\" content=\"Library tour - Panevezys County Gabriele Petkevicaite-Bite Public Library\" \/>\n<meta property=\"og:description\" content=\"You\u00a0are\u00a0welcome\u00a0to learn\u00a0about\u00a0our\u00a0spaces\u00a0here. If you want to learn more about our library and its everyday life, join the Library Tour. You will get to know the library\u2019s spaces and rooms as well as see current exhibitions. You will also have a chance to find out about our services and immense informational resources: books, manuscripts, art and..... Read More\" \/>\n<meta property=\"og:url\" content=\"https:\/\/dev.pavb.lt\/en\/services\/exhibitions-and-events\/library-tour\/\" \/>\n<meta property=\"og:site_name\" content=\"Panevezys County Gabriele Petkevicaite-Bite Public Library\" \/>\n<meta property=\"article:modified_time\" content=\"2025-07-03T13:10:17+00:00\" \/>\n<meta property=\"og:image\" content=\"https:\/\/i1.wp.com\/www.pavb.lt\/wp-content\/uploads\/2020\/01\/Erdv%C4%974.png?ssl=1\" \/>\n<meta name=\"twitter:card\" content=\"summary_large_image\" \/>\n<script type=\"application\/ld+json\" class=\"yoast-schema-graph\">{\"@context\":\"https:\/\/schema.org\",\"@graph\":[{\"@type\":\"WebPage\",\"@id\":\"https:\/\/dev.pavb.lt\/en\/services\/exhibitions-and-events\/library-tour\/\",\"url\":\"https:\/\/dev.pavb.lt\/en\/services\/exhibitions-and-events\/library-tour\/\",\"name\":\"Library tour - Panevezys County Gabriele Petkevicaite-Bite Public Library\",\"isPartOf\":{\"@id\":\"https:\/\/dev.pavb.lt\/en\/#website\"},\"primaryImageOfPage\":{\"@id\":\"https:\/\/dev.pavb.lt\/en\/services\/exhibitions-and-events\/library-tour\/#primaryimage\"},\"image\":{\"@id\":\"https:\/\/dev.pavb.lt\/en\/services\/exhibitions-and-events\/library-tour\/#primaryimage\"},\"thumbnailUrl\":\"https:\/\/i1.wp.com\/www.pavb.lt\/wp-content\/uploads\/2020\/01\/Erdv%C4%974.png?ssl=1\",\"datePublished\":\"2019-02-06T07:26:22+00:00\",\"dateModified\":\"2025-07-03T13:10:17+00:00\",\"breadcrumb\":{\"@id\":\"https:\/\/dev.pavb.lt\/en\/services\/exhibitions-and-events\/library-tour\/#breadcrumb\"},\"inLanguage\":\"en-US\",\"potentialAction\":[{\"@type\":\"ReadAction\",\"target\":[\"https:\/\/dev.pavb.lt\/en\/services\/exhibitions-and-events\/library-tour\/\"]}]},{\"@type\":\"ImageObject\",\"inLanguage\":\"en-US\",\"@id\":\"https:\/\/dev.pavb.lt\/en\/services\/exhibitions-and-events\/library-tour\/#primaryimage\",\"url\":\"https:\/\/i1.wp.com\/www.pavb.lt\/wp-content\/uploads\/2020\/01\/Erdv%C4%974.png?ssl=1\",\"contentUrl\":\"https:\/\/i1.wp.com\/www.pavb.lt\/wp-content\/uploads\/2020\/01\/Erdv%C4%974.png?ssl=1\"},{\"@type\":\"BreadcrumbList\",\"@id\":\"https:\/\/dev.pavb.lt\/en\/services\/exhibitions-and-events\/library-tour\/#breadcrumb\",\"itemListElement\":[{\"@type\":\"ListItem\",\"position\":1,\"name\":\"Home\",\"item\":\"https:\/\/dev.pavb.lt\/en\/\"},{\"@type\":\"ListItem\",\"position\":2,\"name\":\"Services\",\"item\":\"https:\/\/dev.pavb.lt\/en\/services\/\"},{\"@type\":\"ListItem\",\"position\":3,\"name\":\"Exhibitions and Events\",\"item\":\"https:\/\/dev.pavb.lt\/en\/services\/exhibitions-and-events\/\"},{\"@type\":\"ListItem\",\"position\":4,\"name\":\"Library tour\"}]},{\"@type\":\"WebSite\",\"@id\":\"https:\/\/dev.pavb.lt\/en\/#website\",\"url\":\"https:\/\/dev.pavb.lt\/en\/\",\"name\":\"Panevezys County Gabriele Petkevicaite-Bite Public Library\",\"description\":\"Here is your Library!\",\"publisher\":{\"@id\":\"https:\/\/dev.pavb.lt\/en\/#organization\"},\"potentialAction\":[{\"@type\":\"SearchAction\",\"target\":{\"@type\":\"EntryPoint\",\"urlTemplate\":\"https:\/\/dev.pavb.lt\/en\/?s={search_term_string}\"},\"query-input\":{\"@type\":\"PropertyValueSpecification\",\"valueRequired\":true,\"valueName\":\"search_term_string\"}}],\"inLanguage\":\"en-US\"},{\"@type\":\"Organization\",\"@id\":\"https:\/\/dev.pavb.lt\/en\/#organization\",\"name\":\"Panev\u0117\u017eio apskrities Gabriel\u0117s Petkevi\u010dait\u0117s-Bit\u0117s vie\u0161oji biblioteka\",\"url\":\"https:\/\/dev.pavb.lt\/en\/\",\"logo\":{\"@type\":\"ImageObject\",\"inLanguage\":\"en-US\",\"@id\":\"https:\/\/dev.pavb.lt\/en\/#\/schema\/logo\/image\/\",\"url\":\"https:\/\/dev.pavb.lt\/wp-content\/uploads\/2017\/11\/pavb-logo.png\",\"contentUrl\":\"https:\/\/dev.pavb.lt\/wp-content\/uploads\/2017\/11\/pavb-logo.png\",\"width\":512,\"height\":512,\"caption\":\"Panev\u0117\u017eio apskrities Gabriel\u0117s Petkevi\u010dait\u0117s-Bit\u0117s vie\u0161oji biblioteka\"},\"image\":{\"@id\":\"https:\/\/dev.pavb.lt\/en\/#\/schema\/logo\/image\/\"}}]}<\/script>\n<!-- \/ Yoast SEO plugin. -->","yoast_head_json":{"title":"Library tour - Panevezys County Gabriele Petkevicaite-Bite Public Library","robots":{"index":"index","follow":"follow","max-snippet":"max-snippet:-1","max-image-preview":"max-image-preview:large","max-video-preview":"max-video-preview:-1"},"canonical":"https:\/\/dev.pavb.lt\/en\/services\/exhibitions-and-events\/library-tour\/","og_locale":"en_US","og_type":"article","og_title":"Library tour - Panevezys County Gabriele Petkevicaite-Bite Public Library","og_description":"You\u00a0are\u00a0welcome\u00a0to learn\u00a0about\u00a0our\u00a0spaces\u00a0here. If you want to learn more about our library and its everyday life, join the Library Tour. You will get to know the library\u2019s spaces and rooms as well as see current exhibitions. You will also have a chance to find out about our services and immense informational resources: books, manuscripts, art and..... Read More","og_url":"https:\/\/dev.pavb.lt\/en\/services\/exhibitions-and-events\/library-tour\/","og_site_name":"Panevezys County Gabriele Petkevicaite-Bite Public Library","article_modified_time":"2025-07-03T13:10:17+00:00","og_image":[{"url":"https:\/\/i1.wp.com\/www.pavb.lt\/wp-content\/uploads\/2020\/01\/Erdv%C4%974.png?ssl=1","type":"","width":"","height":""}],"twitter_card":"summary_large_image","schema":{"@context":"https:\/\/schema.org","@graph":[{"@type":"WebPage","@id":"https:\/\/dev.pavb.lt\/en\/services\/exhibitions-and-events\/library-tour\/","url":"https:\/\/dev.pavb.lt\/en\/services\/exhibitions-and-events\/library-tour\/","name":"Library tour - Panevezys County Gabriele Petkevicaite-Bite Public Library","isPartOf":{"@id":"https:\/\/dev.pavb.lt\/en\/#website"},"primaryImageOfPage":{"@id":"https:\/\/dev.pavb.lt\/en\/services\/exhibitions-and-events\/library-tour\/#primaryimage"},"image":{"@id":"https:\/\/dev.pavb.lt\/en\/services\/exhibitions-and-events\/library-tour\/#primaryimage"},"thumbnailUrl":"https:\/\/i1.wp.com\/www.pavb.lt\/wp-content\/uploads\/2020\/01\/Erdv%C4%974.png?ssl=1","datePublished":"2019-02-06T07:26:22+00:00","dateModified":"2025-07-03T13:10:17+00:00","breadcrumb":{"@id":"https:\/\/dev.pavb.lt\/en\/services\/exhibitions-and-events\/library-tour\/#breadcrumb"},"inLanguage":"en-US","potentialAction":[{"@type":"ReadAction","target":["https:\/\/dev.pavb.lt\/en\/services\/exhibitions-and-events\/library-tour\/"]}]},{"@type":"ImageObject","inLanguage":"en-US","@id":"https:\/\/dev.pavb.lt\/en\/services\/exhibitions-and-events\/library-tour\/#primaryimage","url":"https:\/\/i1.wp.com\/www.pavb.lt\/wp-content\/uploads\/2020\/01\/Erdv%C4%974.png?ssl=1","contentUrl":"https:\/\/i1.wp.com\/www.pavb.lt\/wp-content\/uploads\/2020\/01\/Erdv%C4%974.png?ssl=1"},{"@type":"BreadcrumbList","@id":"https:\/\/dev.pavb.lt\/en\/services\/exhibitions-and-events\/library-tour\/#breadcrumb","itemListElement":[{"@type":"ListItem","position":1,"name":"Home","item":"https:\/\/dev.pavb.lt\/en\/"},{"@type":"ListItem","position":2,"name":"Services","item":"https:\/\/dev.pavb.lt\/en\/services\/"},{"@type":"ListItem","position":3,"name":"Exhibitions and Events","item":"https:\/\/dev.pavb.lt\/en\/services\/exhibitions-and-events\/"},{"@type":"ListItem","position":4,"name":"Library tour"}]},{"@type":"WebSite","@id":"https:\/\/dev.pavb.lt\/en\/#website","url":"https:\/\/dev.pavb.lt\/en\/","name":"Panevezys County Gabriele Petkevicaite-Bite Public Library","description":"Here is your Library!","publisher":{"@id":"https:\/\/dev.pavb.lt\/en\/#organization"},"potentialAction":[{"@type":"SearchAction","target":{"@type":"EntryPoint","urlTemplate":"https:\/\/dev.pavb.lt\/en\/?s={search_term_string}"},"query-input":{"@type":"PropertyValueSpecification","valueRequired":true,"valueName":"search_term_string"}}],"inLanguage":"en-US"},{"@type":"Organization","@id":"https:\/\/dev.pavb.lt\/en\/#organization","name":"Panev\u0117\u017eio apskrities Gabriel\u0117s Petkevi\u010dait\u0117s-Bit\u0117s vie\u0161oji biblioteka","url":"https:\/\/dev.pavb.lt\/en\/","logo":{"@type":"ImageObject","inLanguage":"en-US","@id":"https:\/\/dev.pavb.lt\/en\/#\/schema\/logo\/image\/","url":"https:\/\/dev.pavb.lt\/wp-content\/uploads\/2017\/11\/pavb-logo.png","contentUrl":"https:\/\/dev.pavb.lt\/wp-content\/uploads\/2017\/11\/pavb-logo.png","width":512,"height":512,"caption":"Panev\u0117\u017eio apskrities Gabriel\u0117s Petkevi\u010dait\u0117s-Bit\u0117s vie\u0161oji biblioteka"},"image":{"@id":"https:\/\/dev.pavb.lt\/en\/#\/schema\/logo\/image\/"}}]}},"_links":{"self":[{"href":"https:\/\/dev.pavb.lt\/en\/wp-json\/wp\/v2\/pages\/1252","targetHints":{"allow":["GET"]}}],"collection":[{"href":"https:\/\/dev.pavb.lt\/en\/wp-json\/wp\/v2\/pages"}],"about":[{"href":"https:\/\/dev.pavb.lt\/en\/wp-json\/wp\/v2\/types\/page"}],"author":[{"embeddable":true,"href":"https:\/\/dev.pavb.lt\/en\/wp-json\/wp\/v2\/users\/1"}],"replies":[{"embeddable":true,"href":"https:\/\/dev.pavb.lt\/en\/wp-json\/wp\/v2\/comments?post=1252"}],"version-history":[{"count":1,"href":"https:\/\/dev.pavb.lt\/en\/wp-json\/wp\/v2\/pages\/1252\/revisions"}],"predecessor-version":[{"id":166721,"href":"https:\/\/dev.pavb.lt\/en\/wp-json\/wp\/v2\/pages\/1252\/revisions\/166721"}],"up":[{"embeddable":true,"href":"https:\/\/dev.pavb.lt\/en\/wp-json\/wp\/v2\/pages\/757"}],"wp:attachment":[{"href":"https:\/\/dev.pavb.lt\/en\/wp-json\/wp\/v2\/media?parent=1252"}],"curies":[{"name":"wp","href":"https:\/\/api.w.org\/{rel}","templated":true}]}}